{"id":5189,"date":"2021-10-01T15:00:55","date_gmt":"2021-10-01T13:00:55","guid":{"rendered":"https:\/\/wegeblw.pl\/index.php\/produkt\/lodzie-i-inne-statki\/"},"modified":"2026-04-07T06:44:24","modified_gmt":"2026-04-07T04:44:24","slug":"lodzie-i-inne-statki","status":"publish","type":"product","link":"https:\/\/wegeblw.pl\/index.php\/produkt\/lodzie-i-inne-statki\/","title":{"rendered":"\u0142odzie i inne statki&#8221;"},"content":{"rendered":"<p>SEBORADIN SENSITIVE BALSAM DO W\u0141OS\u00d3W 200ML do w\u0142os\u00f3w sk\u0142onnych do podra\u017cnie\u0144.WSKAZANIA:W\u0142osy delikatne, cienkie, wra\u017cliwa, atopowa sk\u00f3ra g\u0142owy, sk\u0142onna do podra\u017cnie\u0144. Dla kobiet i m\u0119\u017cczyzn.DZIA\u0141ANIE I EFEKT:Balsam zawiera naturalny emolient, kt\u00f3ry kondycjonuje i wyg\u0142adza w\u0142osy, u\u0142atwia rozczesywanie, zapobiega elektryzowaniu si\u0119 w\u0142os\u00f3w. Ekstrakt z czarnego musale przyspiesza regeneracj\u0119 uszkodzonej sk\u00f3ry oraz wspomaga utrzymanie odpowiedniego stopnia jej nawil\u017cenia. Mas\u0142o shea \u0142agodzi podra\u017cnienia, niweluje zaczerwienienia sk\u00f3ry, uelastycznia, nawil\u017ca i regeneruje uszkodzone w\u0142osy i sk\u00f3r\u0119 g\u0142owy. Komponent owsa koi sk\u00f3r\u0119, \u0142agodzi zaczerwienie, dzia\u0142a przeciw\u015bwi\u0105dowo, chroni przed promieniowaniem UV, wzmacnia w\u0142osy, zapobiega ich \u0142amliwo\u015bci.Systematyczne stosowanie szamponu i balsamu Seboradin Sensitive poprawia kondycj\u0119 sk\u00f3ry wra\u017cliwej, koi, zmniejsza sk\u0142onno\u015b\u0107 do podra\u017cnie\u0144, eliminuje sw\u0119dzenie sk\u00f3ry g\u0142owy, od\u017cywia i nawil\u017ca w\u0142osy.Preparat rekomendowany przy nietolerancji sk\u00f3ry na SLS i SLES. Nie zawiera: SLS, SLES, paraben\u00f3w, silikon\u00f3w, alergen\u00f3w, soli, sztucznych barwnik\u00f3w.SPOS\u00d3B U\u017bYCIA:Nanie\u015b\u0107 na umyte w\u0142osy szamponem SEBORADIN SENSITIVE, rozprowadzi\u0107, wmasowa\u0107 we w\u0142osy. Sp\u0142uka\u0107 po 3-5 min. Do codziennego stosowania. Nie obci\u0105\u017ca w\u0142os\u00f3w. Zaleca si\u0119 stosowanie z odpowiednio dobranymi preparatami SEBORADIN.Pojemno\u015b\u0107 \u2013 200 ml<\/p>\n<p>Dermokosmetyki<\/p>\n<p>kawa z mniszka lekarskiego, ziola na odporno\u015b\u0107, solado sklep opinie, okr\u0105g\u0142e po\u015bladki<\/p>\n<p>yyyyy<\/p>\n","protected":false},"excerpt":{"rendered":"<p>SEBORADIN SENSITIVE BALSAM DO W\u0141OS\u00d3W 200ML do w\u0142os\u00f3w sk\u0142onnych do podra\u017cnie\u0144.WSKAZANIA:W\u0142osy delikatne, cienkie, wra\u017cliwa, atopowa sk\u00f3ra g\u0142owy, sk\u0142onna do podra\u017cnie\u0144.&hellip;<\/p>\n","protected":false},"featured_media":5190,"comment_status":"closed","ping_status":"open","template":"","meta":[],"product_cat":[396],"product_tag":[653,853,637,881],"class_list":["post-5189","product","type-product","status-publish","has-post-thumbnail","hentry","product_cat-encyklopedie-i-leksykony","product_tag-beyond-burger","product_tag-makaron-0-kcal","product_tag-miso-paste","product_tag-sok-z-brzozy-cena"],"_links":{"self":[{"href":"https:\/\/wegeblw.pl\/index.php\/wp-json\/wp\/v2\/product\/5189","targetHints":{"allow":["GET"]}}],"collection":[{"href":"https:\/\/wegeblw.pl\/index.php\/wp-json\/wp\/v2\/product"}],"about":[{"href":"https:\/\/wegeblw.pl\/index.php\/wp-json\/wp\/v2\/types\/product"}],"replies":[{"embeddable":true,"href":"https:\/\/wegeblw.pl\/index.php\/wp-json\/wp\/v2\/comments?post=5189"}],"wp:featuredmedia":[{"embeddable":true,"href":"https:\/\/wegeblw.pl\/index.php\/wp-json\/wp\/v2\/media\/5190"}],"wp:attachment":[{"href":"https:\/\/wegeblw.pl\/index.php\/wp-json\/wp\/v2\/media?parent=5189"}],"wp:term":[{"taxonomy":"product_cat","embeddable":true,"href":"https:\/\/wegeblw.pl\/index.php\/wp-json\/wp\/v2\/product_cat?post=5189"},{"taxonomy":"product_tag","embeddable":true,"href":"https:\/\/wegeblw.pl\/index.php\/wp-json\/wp\/v2\/product_tag?post=5189"}],"curies":[{"name":"wp","href":"https:\/\/api.w.org\/{rel}","templated":true}]}}