{"id":5199,"date":"2014-02-27T03:03:00","date_gmt":"2014-02-27T02:03:00","guid":{"rendered":"https:\/\/wegeblw.pl\/index.php\/produkt\/samoleczenie-potega-podswiadomosci\/"},"modified":"2026-04-21T00:44:36","modified_gmt":"2026-04-20T22:44:36","slug":"samoleczenie-potega-podswiadomosci","status":"publish","type":"product","link":"https:\/\/wegeblw.pl\/index.php\/produkt\/samoleczenie-potega-podswiadomosci\/","title":{"rendered":"Samoleczenie pot\u0119g\u0105 pod\u015bwiadomo\u015bci"},"content":{"rendered":"<p>Okulary S\u0142oneczne Burberry<\/p>\n<p>Okulary przeciws\u0142oneczne damskie<\/p>\n<p>r\u00f3\u017cd\u017cka smaku, pacceri, brak jodu w organizmie, farby be\u017cowy blond, soda oczyszczona jak stosowa\u0107<\/p>\n<p>yyyyy<\/p>\n","protected":false},"excerpt":{"rendered":"<p>Okulary S\u0142oneczne Burberry Okulary przeciws\u0142oneczne damskie r\u00f3\u017cd\u017cka smaku, pacceri, brak jodu w organizmie, farby be\u017cowy blond, soda oczyszczona jak stosowa\u0107&hellip;<\/p>\n","protected":false},"featured_media":5200,"comment_status":"closed","ping_status":"open","template":"","meta":[],"product_cat":[374],"product_tag":[844,639,797,663],"class_list":["post-5199","product","type-product","status-publish","has-post-thumbnail","hentry","product_cat-zdrowie-i-diety","product_tag-eko-mieso","product_tag-organic-farma","product_tag-organic-farma-zdrowia","product_tag-sekacz-ciasto"],"_links":{"self":[{"href":"https:\/\/wegeblw.pl\/index.php\/wp-json\/wp\/v2\/product\/5199","targetHints":{"allow":["GET"]}}],"collection":[{"href":"https:\/\/wegeblw.pl\/index.php\/wp-json\/wp\/v2\/product"}],"about":[{"href":"https:\/\/wegeblw.pl\/index.php\/wp-json\/wp\/v2\/types\/product"}],"replies":[{"embeddable":true,"href":"https:\/\/wegeblw.pl\/index.php\/wp-json\/wp\/v2\/comments?post=5199"}],"wp:featuredmedia":[{"embeddable":true,"href":"https:\/\/wegeblw.pl\/index.php\/wp-json\/wp\/v2\/media\/5200"}],"wp:attachment":[{"href":"https:\/\/wegeblw.pl\/index.php\/wp-json\/wp\/v2\/media?parent=5199"}],"wp:term":[{"taxonomy":"product_cat","embeddable":true,"href":"https:\/\/wegeblw.pl\/index.php\/wp-json\/wp\/v2\/product_cat?post=5199"},{"taxonomy":"product_tag","embeddable":true,"href":"https:\/\/wegeblw.pl\/index.php\/wp-json\/wp\/v2\/product_tag?post=5199"}],"curies":[{"name":"wp","href":"https:\/\/api.w.org\/{rel}","templated":true}]}}