{"id":52,"date":"2021-06-12T13:06:33","date_gmt":"2021-06-12T11:06:33","guid":{"rendered":"https:\/\/wegeblw.pl\/index.php\/produkt\/cibdol-olejek-10-3000mg-cbd-30ml\/"},"modified":"2026-04-15T03:49:03","modified_gmt":"2026-04-15T01:49:03","slug":"cibdol-olejek-10-3000mg-cbd-30ml","status":"publish","type":"product","link":"https:\/\/wegeblw.pl\/index.php\/produkt\/cibdol-olejek-10-3000mg-cbd-30ml\/","title":{"rendered":"Cibdol Olejek 10% 3000Mg Cbd 30ml"},"content":{"rendered":"<p>MELISA -STANDARYZOWANY EKSTRAKT 15:1- suplement diety &#8211; 500mg &#8211; 60 kapsu\u0142ekMELISA &#8211; Wyci\u0105g 15:1 jest preparatem pozyskanym z li\u015bci Melissa officinalis. Melissa officinalis pomaga zachowa\u0107 stan naturalnego odpr\u0119\u017cenia i sprzyja spokojnemu zasypianiu. Wspiera utrzymanie prawid\u0142owych funkcji poznawczych (pami\u0119ci i koncentracji). Dodatkowo Melisa mo\u017ce okaza\u0107 si\u0119 pomocna przy dolegliwo\u015bciach ze strony uk\u0142adu trawiennego.Produkt zio\u0142owe firmy Medica Herbs S\u0104 TESTOWANE ANALITYCZNIE w celu zapewnienia sta\u0142ego st\u0119\u017cenia sk\u0142adnik\u00f3w aktywnych oraz skuteczno\u015bci dzia\u0142ania. PREZENTOWANY PRODUKT JEST POTWIERDZONY JAKO\u015aCIOWO.SK\u0141ADNIKI: Wyci\u0105g pozyskany z li\u015bci Melissa officinalis, standaryzowany do 5% kwasu rozmarynowego (Drug Extract Ratio &#8211; 15:1), \u017celatyna (sk\u0142adnik kapsu\u0142ki). Produkt bez substancji dodatkowych._________________________________________________________________________________________SPOS\u00d3B U\u017bYCIA: 1 kapsu\u0142ka raz dziennie. Nie przekracza\u0107 zalecanej porcji do spo\u017cycia w ci\u0105gu dnia.Produkt nie mo\u017ce by\u0107 stosowany jako substytut prawid\u0142owo zr\u00f3\u017cnicowanej diety._________________________________________________________________________________________PRZECIWWSKAZANIA: Produkt nie wskazany dla kobiet w ci\u0105\u017cy i karmi\u0105cych._________________________________________________________________________________________PRZECHOWYWANIE: Przechowywa\u0107 w temperaturze pokojowej, w spos\u00f3b niedost\u0119pny dla ma\u0142ych dzieci._________________________________________________________________________________________OPAKOWANIE: 60 kapsu\u0142ek, ka\u017cda kapsu\u0142ka zawiera 500 mg wyci\u0105gu z Melissa officinalis (25 mg kwasu rozmarynowego)._________________________________________________________________________________________PRZYDATNO\u015a\u0106 DO SPO\u017bYCIA: 2020-11-01_________________________________________________________________________________________WAGA NETTO: 30 g_________________________________________________________________________________________INFORMACJE O PRODUCENCIE:Medica Herbs dbaj\u0105c o satysfakcj\u0119 swoich klient\u00f3w wykorzystuje tylko wysokiej klasy surowce.Dla zapewnienia bezwzgl\u0119dnej jako\u015bci surowc\u00f3w, ka\u017cda partia poddawana jest kontroli organoleptycznej oraz analitycznej.Firma stara si\u0119 aby najwy\u017csza jako\u015b\u0107 produkt\u00f3w by\u0142a oferowana w przyst\u0119pnych cenach.Czysto\u015b\u0107 i jako\u015b\u0107 produkt\u00f3wMedica Herbs jest CERTYFIKOWANA PRZEZ NIEZALE\u017bNE LABORATORIUM &#8211; lidera jako\u015bci na \u015bwiatowym rynku bada\u0144 sektora farmaceutycznego, suplement\u00f3w diety oraz \u017cywno\u015bci. Wszystkie produkty spe\u0142niaj\u0105 kryteria zawarte w rozporz\u0105dzeniu Farmakopea Europejska 6.0 oraz spe\u0142niaj\u0105 standardy GMP i HACCP, zgodnie z normami UE.<\/p>\n<p>Uk\u0142ad nerwowy i pami\u0119\u0107<\/p>\n<p>pol\u0119dwica z indyka, mi\u00f3d kwiatowy, przytula ro\u015blina, suszone borowki, herbata z kurkum\u0105 i imbirem, nasiona legutko, multicomplex, bio jogurt, omega 9, pulpa pomidorowa, milorzab, kandyzowane sk\u00f3rki owoc\u00f3w dodawane do ciasta, blog o odchudzaniu, czekolada z karmelem, m\u0105ka gryczana warto\u015bci od\u017cywcze<\/p>\n<p>yyyyy<\/p>\n","protected":false},"excerpt":{"rendered":"<p>MELISA -STANDARYZOWANY EKSTRAKT 15:1- suplement diety &#8211; 500mg &#8211; 60 kapsu\u0142ekMELISA &#8211; Wyci\u0105g 15:1 jest preparatem pozyskanym z li\u015bci Melissa&hellip;<\/p>\n","protected":false},"featured_media":53,"comment_status":"closed","ping_status":"open","template":"","meta":[],"product_cat":[20],"product_tag":[682,684,681,683],"class_list":["post-52","product","type-product","status-publish","has-post-thumbnail","hentry","product_cat-preparaty-medycyny-naturalnej","product_tag-food-organic-store","product_tag-kurkuma-korzen","product_tag-ser-klimek","product_tag-ziola-regenerujace-nadnercza"],"_links":{"self":[{"href":"https:\/\/wegeblw.pl\/index.php\/wp-json\/wp\/v2\/product\/52","targetHints":{"allow":["GET"]}}],"collection":[{"href":"https:\/\/wegeblw.pl\/index.php\/wp-json\/wp\/v2\/product"}],"about":[{"href":"https:\/\/wegeblw.pl\/index.php\/wp-json\/wp\/v2\/types\/product"}],"replies":[{"embeddable":true,"href":"https:\/\/wegeblw.pl\/index.php\/wp-json\/wp\/v2\/comments?post=52"}],"wp:featuredmedia":[{"embeddable":true,"href":"https:\/\/wegeblw.pl\/index.php\/wp-json\/wp\/v2\/media\/53"}],"wp:attachment":[{"href":"https:\/\/wegeblw.pl\/index.php\/wp-json\/wp\/v2\/media?parent=52"}],"wp:term":[{"taxonomy":"product_cat","embeddable":true,"href":"https:\/\/wegeblw.pl\/index.php\/wp-json\/wp\/v2\/product_cat?post=52"},{"taxonomy":"product_tag","embeddable":true,"href":"https:\/\/wegeblw.pl\/index.php\/wp-json\/wp\/v2\/product_tag?post=52"}],"curies":[{"name":"wp","href":"https:\/\/api.w.org\/{rel}","templated":true}]}}