{"id":5203,"date":"2014-03-23T07:51:03","date_gmt":"2014-03-23T06:51:03","guid":{"rendered":"https:\/\/wegeblw.pl\/index.php\/produkt\/raz-na-tydzien-kuchnia-wege-dla-zabieganych\/"},"modified":"2026-04-09T11:25:19","modified_gmt":"2026-04-09T09:25:19","slug":"raz-na-tydzien-kuchnia-wege-dla-zabieganych","status":"publish","type":"product","link":"https:\/\/wegeblw.pl\/index.php\/produkt\/raz-na-tydzien-kuchnia-wege-dla-zabieganych\/","title":{"rendered":"Raz na tydzie\u0144. Kuchnia wege dla zabieganych"},"content":{"rendered":"<p>Nazwa: Calcarea Carbonica OstrearumPosta\u0107: granulkiOpakowanie: 1 gramyDzia\u0142anie: Infekcaj g\u00f3rnych dr\u00f3g oddechowych i uchaZmiany sk\u00f3rneDolegliwo\u015bci spowodowane nadwag\u0105Wskazania: NIEMOWL\u0118TAKarione zbyt du\u017c\u0105 ilo\u015bci\u0105 mleka lub nietoleruj\u0105ce mleka, wymiotuj\u0105ce po jego spo\u017cyciu.Ciemieniucha, wyprysk niemowl\u0119cy, du\u017ce i d\u0142ugo zasklepiaj\u0105ce si\u0119 ciemi\u0105czkoSk\u0142onno\u015b\u0107 do potliwo\u015bci w obr\u0119bie g\u0142owyRumie\u0144 po\u015bladk\u00f3w.DZIECINawracaj\u0105ce infekcje g\u00f3rnych dr\u00f3g oddechowych i ucha,Spowolnienie, brak upodobania do pracy intelektualnejOp\u00f3\u017aniony okres dojrzewania u dzieczwczynekDORO\u015aLIZaburzenia metaboliczne spowodowane przejadaniem si\u0119, oty\u0142o\u015b\u0107, cukrzyca, dna, wyprysk, migreny.Sk\u0142onno\u015b\u0107 do polip\u00f3wNadmiar pokarmu u m\u0142odych matek<\/p>\n<p>Homeopatia<\/p>\n<p>zielony korektor, olej kokosowy virgin, bialko bez laktozy, makaron penne pe\u0142noziarnisty, choroba buergera leczenie naturalne, tapoka, oty\u0142o\u015b\u0107 w\u015br\u00f3d dzieci, w\u0142asnym, nerkowce cena, pizza ze szpinakiem<\/p>\n<p>yyyyy<\/p>\n","protected":false},"excerpt":{"rendered":"<p>Nazwa: Calcarea Carbonica OstrearumPosta\u0107: granulkiOpakowanie: 1 gramyDzia\u0142anie: Infekcaj g\u00f3rnych dr\u00f3g oddechowych i uchaZmiany sk\u00f3rneDolegliwo\u015bci spowodowane nadwag\u0105Wskazania: NIEMOWL\u0118TAKarione zbyt du\u017c\u0105 ilo\u015bci\u0105&hellip;<\/p>\n","protected":false},"featured_media":5204,"comment_status":"closed","ping_status":"open","template":"","meta":[],"product_cat":[374],"product_tag":[644,784,797,678,754],"class_list":["post-5203","product","type-product","status-publish","has-post-thumbnail","hentry","product_cat-zdrowie-i-diety","product_tag-co-zamiast-jogurtu-naturalnego","product_tag-mieso-weganskie","product_tag-organic-farma-zdrowia","product_tag-springrolls","product_tag-zamienniki-miesa"],"_links":{"self":[{"href":"https:\/\/wegeblw.pl\/index.php\/wp-json\/wp\/v2\/product\/5203","targetHints":{"allow":["GET"]}}],"collection":[{"href":"https:\/\/wegeblw.pl\/index.php\/wp-json\/wp\/v2\/product"}],"about":[{"href":"https:\/\/wegeblw.pl\/index.php\/wp-json\/wp\/v2\/types\/product"}],"replies":[{"embeddable":true,"href":"https:\/\/wegeblw.pl\/index.php\/wp-json\/wp\/v2\/comments?post=5203"}],"wp:featuredmedia":[{"embeddable":true,"href":"https:\/\/wegeblw.pl\/index.php\/wp-json\/wp\/v2\/media\/5204"}],"wp:attachment":[{"href":"https:\/\/wegeblw.pl\/index.php\/wp-json\/wp\/v2\/media?parent=5203"}],"wp:term":[{"taxonomy":"product_cat","embeddable":true,"href":"https:\/\/wegeblw.pl\/index.php\/wp-json\/wp\/v2\/product_cat?post=5203"},{"taxonomy":"product_tag","embeddable":true,"href":"https:\/\/wegeblw.pl\/index.php\/wp-json\/wp\/v2\/product_tag?post=5203"}],"curies":[{"name":"wp","href":"https:\/\/api.w.org\/{rel}","templated":true}]}}