{"id":5205,"date":"2016-03-14T19:04:38","date_gmt":"2016-03-14T18:04:38","guid":{"rendered":"https:\/\/wegeblw.pl\/index.php\/produkt\/ludzie-bezdomni\/"},"modified":"2026-04-07T01:12:47","modified_gmt":"2026-04-06T23:12:47","slug":"ludzie-bezdomni","status":"publish","type":"product","link":"https:\/\/wegeblw.pl\/index.php\/produkt\/ludzie-bezdomni\/","title":{"rendered":"Ludzie bezdomni"},"content":{"rendered":"<p>Minera\u0142y i witaminy<\/p>\n<p>zupa z grzybami shitake, cod liver, witamina adek krople, mleko kokosowe co zrobi\u0107, syrop z li\u015bci laurowych na kaszel, mieszanka \u017celuj\u0105ca, msm jak stosowa\u0107, co mo\u017cna zrobi\u0107 z chleba, ciecierzyca w sloiku, patelnia greenpan, pulpety wegetaria\u0144skie, olej rzepakowy t\u0142oczony na zimno cena, rodzynki rodzaje, swieze bulki, hummus go vege, zakwas do chleba gdzie kupi\u0107, co to s\u0105 otr\u0119by, rodzaje panierek, kalafior jakie ma witaminy, bita \u015bmietana w aerozolu, cynamon przepisy<\/p>\n<p>yyyyy<\/p>\n","protected":false},"excerpt":{"rendered":"<p>Minera\u0142y i witaminy zupa z grzybami shitake, cod liver, witamina adek krople, mleko kokosowe co zrobi\u0107, syrop z li\u015bci laurowych&hellip;<\/p>\n","protected":false},"featured_media":5206,"comment_status":"closed","ping_status":"open","template":"","meta":[],"product_cat":[378],"product_tag":[661,684,838,699],"class_list":["post-5205","product","type-product","status-publish","has-post-thumbnail","hentry","product_cat-literatura-dla-dzieci-i-mlodziezy","product_tag-jak-ugotowac-komose-ryzowa","product_tag-kurkuma-korzen","product_tag-olej-kokosowy-rafinowany-czy-nierafinowany","product_tag-sok-z-cytryn"],"_links":{"self":[{"href":"https:\/\/wegeblw.pl\/index.php\/wp-json\/wp\/v2\/product\/5205","targetHints":{"allow":["GET"]}}],"collection":[{"href":"https:\/\/wegeblw.pl\/index.php\/wp-json\/wp\/v2\/product"}],"about":[{"href":"https:\/\/wegeblw.pl\/index.php\/wp-json\/wp\/v2\/types\/product"}],"replies":[{"embeddable":true,"href":"https:\/\/wegeblw.pl\/index.php\/wp-json\/wp\/v2\/comments?post=5205"}],"wp:featuredmedia":[{"embeddable":true,"href":"https:\/\/wegeblw.pl\/index.php\/wp-json\/wp\/v2\/media\/5206"}],"wp:attachment":[{"href":"https:\/\/wegeblw.pl\/index.php\/wp-json\/wp\/v2\/media?parent=5205"}],"wp:term":[{"taxonomy":"product_cat","embeddable":true,"href":"https:\/\/wegeblw.pl\/index.php\/wp-json\/wp\/v2\/product_cat?post=5205"},{"taxonomy":"product_tag","embeddable":true,"href":"https:\/\/wegeblw.pl\/index.php\/wp-json\/wp\/v2\/product_tag?post=5205"}],"curies":[{"name":"wp","href":"https:\/\/api.w.org\/{rel}","templated":true}]}}