{"id":5223,"date":"2017-04-10T21:30:32","date_gmt":"2017-04-10T19:30:32","guid":{"rendered":"https:\/\/wegeblw.pl\/index.php\/produkt\/language-hub-beginner-a1-sb-kod-studens-app\/"},"modified":"2026-04-07T03:14:56","modified_gmt":"2026-04-07T01:14:56","slug":"language-hub-beginner-a1-sb-kod-studens-app","status":"publish","type":"product","link":"https:\/\/wegeblw.pl\/index.php\/produkt\/language-hub-beginner-a1-sb-kod-studens-app\/","title":{"rendered":"Language Hub Beginner A1 SB + kod Studen&#8217;s App"},"content":{"rendered":"<p>Zdrowa \u017cywno\u015b\u0107<\/p>\n<p>r\u00f3\u017cd\u017cki smaku, prosty sklad, kurkuma ile dziennie, erytrol dla cukrzyka, rumianek przeciwwskazania, eco torba, maka jaglana gluten, czy sa\u0142ata lodowa jest zdrowa, ser parmezan<\/p>\n<p>yyyyy<\/p>\n","protected":false},"excerpt":{"rendered":"<p>Zdrowa \u017cywno\u015b\u0107 r\u00f3\u017cd\u017cki smaku, prosty sklad, kurkuma ile dziennie, erytrol dla cukrzyka, rumianek przeciwwskazania, eco torba, maka jaglana gluten, czy&hellip;<\/p>\n","protected":false},"featured_media":5224,"comment_status":"closed","ping_status":"open","template":"","meta":[],"product_cat":[391],"product_tag":[874,719,684,694,760],"class_list":["post-5223","product","type-product","status-publish","has-post-thumbnail","hentry","product_cat-jezyk-niemiecki","product_tag-czym-mozna-zastapic-jogurt-naturalny","product_tag-jaja-ekologiczne","product_tag-kurkuma-korzen","product_tag-makaron-0kcal","product_tag-skyr-bez-laktozy"],"_links":{"self":[{"href":"https:\/\/wegeblw.pl\/index.php\/wp-json\/wp\/v2\/product\/5223","targetHints":{"allow":["GET"]}}],"collection":[{"href":"https:\/\/wegeblw.pl\/index.php\/wp-json\/wp\/v2\/product"}],"about":[{"href":"https:\/\/wegeblw.pl\/index.php\/wp-json\/wp\/v2\/types\/product"}],"replies":[{"embeddable":true,"href":"https:\/\/wegeblw.pl\/index.php\/wp-json\/wp\/v2\/comments?post=5223"}],"wp:featuredmedia":[{"embeddable":true,"href":"https:\/\/wegeblw.pl\/index.php\/wp-json\/wp\/v2\/media\/5224"}],"wp:attachment":[{"href":"https:\/\/wegeblw.pl\/index.php\/wp-json\/wp\/v2\/media?parent=5223"}],"wp:term":[{"taxonomy":"product_cat","embeddable":true,"href":"https:\/\/wegeblw.pl\/index.php\/wp-json\/wp\/v2\/product_cat?post=5223"},{"taxonomy":"product_tag","embeddable":true,"href":"https:\/\/wegeblw.pl\/index.php\/wp-json\/wp\/v2\/product_tag?post=5223"}],"curies":[{"name":"wp","href":"https:\/\/api.w.org\/{rel}","templated":true}]}}