{"id":5237,"date":"2022-04-30T23:29:44","date_gmt":"2022-04-30T21:29:44","guid":{"rendered":"https:\/\/wegeblw.pl\/index.php\/produkt\/nowa-matura-2023-matematyka-zadania-z-odpowiedziami-klasa-3-i-4-lo-zakres-rozszerzony\/"},"modified":"2026-04-08T06:06:02","modified_gmt":"2026-04-08T04:06:02","slug":"nowa-matura-2023-matematyka-zadania-z-odpowiedziami-klasa-3-i-4-lo-zakres-rozszerzony","status":"publish","type":"product","link":"https:\/\/wegeblw.pl\/index.php\/produkt\/nowa-matura-2023-matematyka-zadania-z-odpowiedziami-klasa-3-i-4-lo-zakres-rozszerzony\/","title":{"rendered":"Nowa matura 2023 Matematyka Zadania z odpowiedziami Klasa 3 i 4 LO Zakres rozszerzony"},"content":{"rendered":"<p>Thorne Iso-Phos Izolat Fosfatydyloseryny 60Vkaps<\/p>\n<p>Uk\u0142ad nerwowy i pami\u0119\u0107<\/p>\n<p>schab w plastrach, nerkowiec orzech, olej z pestek dyni t\u0142oczony na zimno, tu\u0144czyk po angielsku, acai jagody, piwo bezalkoholowe a zdrowie, any\u017c w ci\u0105\u017cy, m\u0105ka z semoliny<\/p>\n<p>yyyyy<\/p>\n","protected":false},"excerpt":{"rendered":"<p>Thorne Iso-Phos Izolat Fosfatydyloseryny 60Vkaps Uk\u0142ad nerwowy i pami\u0119\u0107 schab w plastrach, nerkowiec orzech, olej z pestek dyni t\u0142oczony na&hellip;<\/p>\n","protected":false},"featured_media":5238,"comment_status":"closed","ping_status":"open","template":"","meta":[],"product_cat":[375],"product_tag":[780,765,769,676,809,685,745],"class_list":["post-5237","product","type-product","status-publish","has-post-thumbnail","hentry","product_cat-podreczniki-szkolne","product_tag-b12","product_tag-makaron-bez-kalorii","product_tag-mieso-mielone-wege","product_tag-owoc-granatu-jak-jesc","product_tag-produkty-bez-cukru","product_tag-sekacz-skad-pochodzi","product_tag-swieze-mleko"],"_links":{"self":[{"href":"https:\/\/wegeblw.pl\/index.php\/wp-json\/wp\/v2\/product\/5237","targetHints":{"allow":["GET"]}}],"collection":[{"href":"https:\/\/wegeblw.pl\/index.php\/wp-json\/wp\/v2\/product"}],"about":[{"href":"https:\/\/wegeblw.pl\/index.php\/wp-json\/wp\/v2\/types\/product"}],"replies":[{"embeddable":true,"href":"https:\/\/wegeblw.pl\/index.php\/wp-json\/wp\/v2\/comments?post=5237"}],"wp:featuredmedia":[{"embeddable":true,"href":"https:\/\/wegeblw.pl\/index.php\/wp-json\/wp\/v2\/media\/5238"}],"wp:attachment":[{"href":"https:\/\/wegeblw.pl\/index.php\/wp-json\/wp\/v2\/media?parent=5237"}],"wp:term":[{"taxonomy":"product_cat","embeddable":true,"href":"https:\/\/wegeblw.pl\/index.php\/wp-json\/wp\/v2\/product_cat?post=5237"},{"taxonomy":"product_tag","embeddable":true,"href":"https:\/\/wegeblw.pl\/index.php\/wp-json\/wp\/v2\/product_tag?post=5237"}],"curies":[{"name":"wp","href":"https:\/\/api.w.org\/{rel}","templated":true}]}}