{"id":5243,"date":"2020-06-17T15:24:30","date_gmt":"2020-06-17T13:24:30","guid":{"rendered":"https:\/\/wegeblw.pl\/index.php\/produkt\/pierwszy-elementarz-5-latka-nauka-zabawa-wycinanki-naklejki-piosenki-agnieszka-bator-ksiazka\/"},"modified":"2026-04-07T03:11:04","modified_gmt":"2026-04-07T01:11:04","slug":"pierwszy-elementarz-5-latka-nauka-zabawa-wycinanki-naklejki-piosenki-agnieszka-bator-ksiazka","status":"publish","type":"product","link":"https:\/\/wegeblw.pl\/index.php\/produkt\/pierwszy-elementarz-5-latka-nauka-zabawa-wycinanki-naklejki-piosenki-agnieszka-bator-ksiazka\/","title":{"rendered":"Pierwszy elementarz 5-latka Nauka zabawa wycinanki naklejki piosenki &#8211; Agnieszka Bator [KSI\u0104\u017bKA]"},"content":{"rendered":"<p>BRESOL HIMALAYA to naturalny suplement diety, przebadany klinicznie, bezpieczny i skuteczny w leczeniu i profilaktyce \u0142agodnych lub przewlek\u0142ych infekcji dr\u00f3g oddechowych oraz pomaga zwalcza\u0107 objawy alergii, takie jak uporczywy nie\u017cyt nosa, pieczenie oczu i sw\u0119dzenie nosa.WSKAZANIA:ostre i przewlek\u0142e zapalenie b\u0142ony \u015bluzowej nosa, katar, utrata powonienia,zapalenie zatok przynosowych i zwi\u0105zany z nim b\u00f3l g\u0142owyropne wysi\u0119ki z nosa,alergiczny, sezonowy i przewlek\u0142y nie\u017cyt nosa, krwawienieokres wiosenny podczas wzmo\u017conego wyst\u0119powania py\u0142k\u00f3w i alergen\u00f3w w powietrzuastma, gru\u017alica, ostre i przewlek\u0142e zapalenia oskrzeli, p\u0142uc, b\u00f3l w klatce piersiowej,kaszel suchy, mokry, z obfit\u0105 flegm\u0105 i astmatyczny \u2013 dusz\u0105cy,akumulacja p\u0142yn\u00f3w w klatce piersiowej, zalegaj\u0105ca, ci\u0119\u017cka do wydalenia flegma, alergiczny bronchitchoroby, kt\u00f3rym towarzyszy gor\u0105czka: przezi\u0119bienia, grypa, nawracaj\u0105ca gor\u0105czkaSk\u0142ad:Exts. Haridra (Curcuma longa) 100.5 mg.Tulasi (Ocimum sanctum) 50 mg.Vasaka (Adhatoda vasica) 50 mg.Trikatu 8 mg.Triphala 8 mg.Vidanga (Embelia ribes) 8 mg. Musta (Cyperus rotundus) 8 mg.Tvak (Cinnamomum zeylanicum) 5 mg.Ela (Elettaria cardamomum) 5 mg.Patra (Cinnamomum tamala) 5 mg.Nagakesara (Mesua ferrea) 5 mg.U\u017cycie: Przyjmowa\u0107 dwie tabletki dwa razy dziennie przed posi\u0142kiem, popijaj\u0105c ciep\u0142\u0105 wod\u0105. Kuracja podstawowa powinna trwa\u0107 oko\u0142o 6 tygodni. Preparat jest nietoksyczny, nadaje si\u0119 do d\u0142ugotrwa\u0142ego stosowania i nie wchodzi w interakcje z innymi lekami<\/p>\n<p>Preparaty medycyny naturalnej<\/p>\n<p>czy s\u00f3l himalajska jest jodowana, \u017cel do toalety, rabaty tulipan\u00f3w, makaron z cieciorki, awokado w diecie, domowe sposoby na podwy\u017cszenie \u017celaza, jesc 2018, sen o w\u0142osach, kwas humusowy do picia, w\u0142a\u015bciwo\u015bci pio\u0142unu<\/p>\n<p><a href=\"https:\/\/www.gastromania.cz\/cisnicke-otviraky\">gastromania.cz\/cisnicke-otviraky<\/a><\/p>\n","protected":false},"excerpt":{"rendered":"<p>BRESOL HIMALAYA to naturalny suplement diety, przebadany klinicznie, bezpieczny i skuteczny w leczeniu i profilaktyce \u0142agodnych lub przewlek\u0142ych infekcji dr\u00f3g&hellip;<\/p>\n","protected":false},"featured_media":5244,"comment_status":"closed","ping_status":"open","template":"","meta":[],"product_cat":[375],"product_tag":[677,770,738,622],"class_list":["post-5243","product","type-product","status-publish","has-post-thumbnail","hentry","product_cat-podreczniki-szkolne","product_tag-health-labs","product_tag-komosa-ryzowa-gotowanie","product_tag-mieso-bio","product_tag-vege-mieso"],"_links":{"self":[{"href":"https:\/\/wegeblw.pl\/index.php\/wp-json\/wp\/v2\/product\/5243","targetHints":{"allow":["GET"]}}],"collection":[{"href":"https:\/\/wegeblw.pl\/index.php\/wp-json\/wp\/v2\/product"}],"about":[{"href":"https:\/\/wegeblw.pl\/index.php\/wp-json\/wp\/v2\/types\/product"}],"replies":[{"embeddable":true,"href":"https:\/\/wegeblw.pl\/index.php\/wp-json\/wp\/v2\/comments?post=5243"}],"wp:featuredmedia":[{"embeddable":true,"href":"https:\/\/wegeblw.pl\/index.php\/wp-json\/wp\/v2\/media\/5244"}],"wp:attachment":[{"href":"https:\/\/wegeblw.pl\/index.php\/wp-json\/wp\/v2\/media?parent=5243"}],"wp:term":[{"taxonomy":"product_cat","embeddable":true,"href":"https:\/\/wegeblw.pl\/index.php\/wp-json\/wp\/v2\/product_cat?post=5243"},{"taxonomy":"product_tag","embeddable":true,"href":"https:\/\/wegeblw.pl\/index.php\/wp-json\/wp\/v2\/product_tag?post=5243"}],"curies":[{"name":"wp","href":"https:\/\/api.w.org\/{rel}","templated":true}]}}