{"id":525,"date":"2012-10-23T17:10:12","date_gmt":"2012-10-23T15:10:12","guid":{"rendered":"https:\/\/wegeblw.pl\/index.php\/produkt\/neauvia-amp-z-kwasem-salicyl-i-czynnikami-wzrostu-3x2ml\/"},"modified":"2026-04-07T01:09:56","modified_gmt":"2026-04-06T23:09:56","slug":"neauvia-amp-z-kwasem-salicyl-i-czynnikami-wzrostu-3x2ml","status":"publish","type":"product","link":"https:\/\/wegeblw.pl\/index.php\/produkt\/neauvia-amp-z-kwasem-salicyl-i-czynnikami-wzrostu-3x2ml\/","title":{"rendered":"Neauvia Amp. Z Kwasem Salicyl I Czynnikami Wzrostu 3X2Ml"},"content":{"rendered":"<p>Kolagen typu II 500mg 60 kaps &#8211; suplement dietyKompleks kolagenowy Jarrow Formulas\u00ae Typ II dostarcza BioCell Collagen\u00ae, niskocz\u0105steczkowy, rozpuszczalny w wodzie kompleks glikozoaminoglikan\u00f3w ca\u0142kowicie otrzymany z chrz\u0105stki mostka kurczaka.Kolagen to g\u0142\u00f3wne bia\u0142ko tkanki \u0142\u0105cznej. Ma ono bardzo wysok\u0105 odporno\u015b\u0107 na rozci\u0105ganie i stanowi g\u0142\u00f3wny sk\u0142adnik \u015bci\u0119gien. Jest odpowiedzialny za elastyczno\u015b\u0107 sk\u00f3ry. Ubytek kolagenu ze sk\u00f3ry powoduje powstawanie zmarszczek, w trakcie jej starzenia. Kolagen wype\u0142nia tak\u017ce rog\u00f3wk\u0119 oka, gdzie wyst\u0119puje w formie krystalicznej. Kolagen wyst\u0119puje w wielu tkankach organizmu a jego budowa jest zr\u00f3\u017cnicowana w zale\u017cno\u015bci od funkcji i miejsca wyst\u0119powania.Funkcje kolagenu:Kolagen stanowi 30% ca\u0142kowitej masy bia\u0142ka ludzkiego i jest odpowiedzialny za spr\u0119\u017cysto\u015b\u0107, j\u0119drno\u015b\u0107, w\u0142a\u015bciwe nawil\u017cenie sk\u00f3ry oraz ci\u0105g\u0142\u0105 odnow\u0119 jej kom\u00f3rek. Przy niedoborze kolagenu pojawiaj\u0105 si\u0119 starcze zmiany: zmarszczki, przebarwienia, sucho\u015b\u0107 sk\u00f3ry, matowienie paznokci i w\u0142os\u00f3w. Kolagen jest niezb\u0119dny do prawid\u0142owego funkcjonowania ko\u015bci i chrz\u0105stki i jest tak\u017ce naturalnym sk\u0142adnikiem budulcowym staw\u00f3w.Kolagen (jako bia\u0142ko):pomaga w utrzymaniu zdrowych ko\u015bci,pomaga w utrzymaniu masy mi\u0119\u015bniowej.2 kapsu\u0142kiBioCell Collagen\u00ae (wyci\u0105g kolagenowy z mostka kurczaka) 1000mgSK\u0141ADNIKI: Wyci\u0105g kolagenowy z mostka kurczaka, regulator kwasowo\u015bci: fosforan wapnia, substancje przeciwzbrylaj\u0105ce: celuloza, sole magnezowe kwas\u00f3w t\u0142uszczowych i dwutlenek krzemu, otoczka kapsu\u0142ki: \u017celatyna.SPOS\u00d3B U\u017bYCIA: Dwie kapsu\u0142ki dziennie. Nie przekracza\u0107 zalecanej porcji do spo\u017cycia w ci\u0105gu dnia. Produkt nie mo\u017ce by\u0107 stosowany jako substytut prawid\u0142owo zr\u00f3\u017cnicowanej diety.PRZECHOWYWANIE: Przechowywa\u0107 w temperaturze pokojowej, w spos\u00f3b niedost\u0119pny dla ma\u0142ych dzieci. Produkt niewskazany dla kobiet w ci\u0105\u017cy i karmi\u0105cych.BioCell Collagen\u00ae jest znakiem zastrze\u017conym przez BioCell Technology.Dane techniczne1 kapsu\u0142ka 500mgIlo\u015b\u0107 kapsu\u0142ek 60 kapsu\u0142ek<\/p>\n<p>Nutrikosmetyki<\/p>\n<p>bulion, bia\u0142y jele\u0144 myd\u0142o w kostce, kwas l mlekowy, pasztet z dyni i soczewicy, humus kcal, juleko, s\u0142onecznik kalorie, fior, pasta \u017c\u00f3\u0142ta curry, suszona morela, ava serum z witamin\u0105 c, placki banan p\u0142atki owsiane, s\u0142odycze dietetyczne, moj cel to wlosy, ziarno samopszy, paluszki cebulowe, chlorek magnezu sze\u015bciowodny do k\u0105pieli, pochodzenie kebabu, mus z owoc\u00f3w<\/p>\n<p>yyyyy<\/p>\n","protected":false},"excerpt":{"rendered":"<p>Kolagen typu II 500mg 60 kaps &#8211; suplement dietyKompleks kolagenowy Jarrow Formulas\u00ae Typ II dostarcza BioCell Collagen\u00ae, niskocz\u0105steczkowy, rozpuszczalny w&hellip;<\/p>\n","protected":false},"featured_media":526,"comment_status":"closed","ping_status":"open","template":"","meta":[],"product_cat":[74],"product_tag":[656,730,838,786,813],"class_list":["post-525","product","type-product","status-publish","has-post-thumbnail","hentry","product_cat-sprzet-do-salonow-fryzjerskich-i-kosmetycznych","product_tag-ekologiczne-mieso","product_tag-jogody","product_tag-olej-kokosowy-rafinowany-czy-nierafinowany","product_tag-soczewicy","product_tag-tortilla"],"_links":{"self":[{"href":"https:\/\/wegeblw.pl\/index.php\/wp-json\/wp\/v2\/product\/525","targetHints":{"allow":["GET"]}}],"collection":[{"href":"https:\/\/wegeblw.pl\/index.php\/wp-json\/wp\/v2\/product"}],"about":[{"href":"https:\/\/wegeblw.pl\/index.php\/wp-json\/wp\/v2\/types\/product"}],"replies":[{"embeddable":true,"href":"https:\/\/wegeblw.pl\/index.php\/wp-json\/wp\/v2\/comments?post=525"}],"wp:featuredmedia":[{"embeddable":true,"href":"https:\/\/wegeblw.pl\/index.php\/wp-json\/wp\/v2\/media\/526"}],"wp:attachment":[{"href":"https:\/\/wegeblw.pl\/index.php\/wp-json\/wp\/v2\/media?parent=525"}],"wp:term":[{"taxonomy":"product_cat","embeddable":true,"href":"https:\/\/wegeblw.pl\/index.php\/wp-json\/wp\/v2\/product_cat?post=525"},{"taxonomy":"product_tag","embeddable":true,"href":"https:\/\/wegeblw.pl\/index.php\/wp-json\/wp\/v2\/product_tag?post=525"}],"curies":[{"name":"wp","href":"https:\/\/api.w.org\/{rel}","templated":true}]}}