{"id":5261,"date":"2022-07-26T20:15:13","date_gmt":"2022-07-26T18:15:13","guid":{"rendered":"https:\/\/wegeblw.pl\/index.php\/produkt\/oficer-czego-ludzie-zaluja-przed-smiercia-wojciech-sumlinski\/"},"modified":"2026-04-07T06:40:13","modified_gmt":"2026-04-07T04:40:13","slug":"oficer-czego-ludzie-zaluja-przed-smiercia-wojciech-sumlinski","status":"publish","type":"product","link":"https:\/\/wegeblw.pl\/index.php\/produkt\/oficer-czego-ludzie-zaluja-przed-smiercia-wojciech-sumlinski\/","title":{"rendered":"Oficer. Czego ludzie \u017ca\u0142uj\u0105 przed \u015bmierci\u0105 &#8211; Wojciech Sumli\u0144ski"},"content":{"rendered":"<p>KREDA PASTEWNA GRUBOZIARNISTA 30kgW\u0119glan wapnia \u2013 Kreda pastewna gruboziarnista \u2013 dedykowana jest dla trzody chlewnej, jednak mo\u017ce by\u0107 r\u00f3wnie\u017c stosowana dla drobiu we wczesnej fazie wzrostu.Waga kredy wraz z opakowaniem brutto wynosi 30kg maks.FRAKCJA\/GRANULACJA: 0,1-0,6mmKredy pastewne stosowane s\u0105 od lat w \u017cywieniu zwierz\u0105t jako suplement uzupe\u0142niaj\u0105cy niezb\u0119dne minera\u0142y tak potrzebne dla utrzymania zwierz\u0105t hodowlanych w dobrym zdrowiu. Uwalniane warto\u015bci mineralne, a przede wszystkim naturalny wap\u0144 maj\u0105 bezpo\u015bredni wp\u0142yw na uk\u0142ad naczyniowy, kostny , nerwowy, trawienny i mi\u0119\u015bniowy.<\/p>\n<p>Hodowla zwierz\u0105t<\/p>\n<p>mleko kandyzowane, keto cycle cena, marek skoczylas kontakt, komos\u0105 ry\u017cowa przepisy, dania bez nabia\u0142u, m\u0105ka z quinoa, kurier dpd godziny dostaw, p\u0142yn do zmywania, syrop ryzowy, 05 084 leszno<\/p>\n<p>yyyyy<\/p>\n","protected":false},"excerpt":{"rendered":"<p>KREDA PASTEWNA GRUBOZIARNISTA 30kgW\u0119glan wapnia \u2013 Kreda pastewna gruboziarnista \u2013 dedykowana jest dla trzody chlewnej, jednak mo\u017ce by\u0107 r\u00f3wnie\u017c stosowana&hellip;<\/p>\n","protected":false},"featured_media":5262,"comment_status":"closed","ping_status":"open","template":"","meta":[],"product_cat":[394],"product_tag":[788,657,730,806],"class_list":["post-5261","product","type-product","status-publish","has-post-thumbnail","hentry","product_cat-biografie-i-dzienniki","product_tag-beyond-meat-burger","product_tag-filet-z-indyka","product_tag-jogody","product_tag-mieso-ekologiczne"],"_links":{"self":[{"href":"https:\/\/wegeblw.pl\/index.php\/wp-json\/wp\/v2\/product\/5261","targetHints":{"allow":["GET"]}}],"collection":[{"href":"https:\/\/wegeblw.pl\/index.php\/wp-json\/wp\/v2\/product"}],"about":[{"href":"https:\/\/wegeblw.pl\/index.php\/wp-json\/wp\/v2\/types\/product"}],"replies":[{"embeddable":true,"href":"https:\/\/wegeblw.pl\/index.php\/wp-json\/wp\/v2\/comments?post=5261"}],"wp:featuredmedia":[{"embeddable":true,"href":"https:\/\/wegeblw.pl\/index.php\/wp-json\/wp\/v2\/media\/5262"}],"wp:attachment":[{"href":"https:\/\/wegeblw.pl\/index.php\/wp-json\/wp\/v2\/media?parent=5261"}],"wp:term":[{"taxonomy":"product_cat","embeddable":true,"href":"https:\/\/wegeblw.pl\/index.php\/wp-json\/wp\/v2\/product_cat?post=5261"},{"taxonomy":"product_tag","embeddable":true,"href":"https:\/\/wegeblw.pl\/index.php\/wp-json\/wp\/v2\/product_tag?post=5261"}],"curies":[{"name":"wp","href":"https:\/\/api.w.org\/{rel}","templated":true}]}}