{"id":5263,"date":"2020-05-04T07:59:21","date_gmt":"2020-05-04T05:59:21","guid":{"rendered":"https:\/\/wegeblw.pl\/index.php\/produkt\/obietnica-historia-ktora-napisalo-zycie\/"},"modified":"2026-04-10T05:03:21","modified_gmt":"2026-04-10T03:03:21","slug":"obietnica-historia-ktora-napisalo-zycie","status":"publish","type":"product","link":"https:\/\/wegeblw.pl\/index.php\/produkt\/obietnica-historia-ktora-napisalo-zycie\/","title":{"rendered":"Obietnica. Historia, kt\u00f3r\u0105 napisa\u0142o \u017cycie"},"content":{"rendered":"<p>Oprawy okularowe Solano<\/p>\n<p>Okulary oprawki i szk\u0142a<\/p>\n<p>pl chili, olejek z brzozy, kwas cla, algi w tabletkach, warzywa warszawa, babka jajowata warto\u015bci od\u017cywcze, piekarnia bezglutenowa warszawa, potrawy na grila, mieszanka do wypieku chleba bezglutenowego<\/p>\n<p><a href=\"https:\/\/www.wizytylekarskie-slask.pl\/kategorie\/teleporady\">https:\/\/www.wizytylekarskie-slask.pl\/kategorie\/teleporady<\/a><\/p>\n","protected":false},"excerpt":{"rendered":"<p>Oprawy okularowe Solano Okulary oprawki i szk\u0142a pl chili, olejek z brzozy, kwas cla, algi w tabletkach, warzywa warszawa, babka&hellip;<\/p>\n","protected":false},"featured_media":5264,"comment_status":"closed","ping_status":"open","template":"","meta":[],"product_cat":[402],"product_tag":[731,697,665,828],"class_list":["post-5263","product","type-product","status-publish","has-post-thumbnail","hentry","product_cat-jeszcze-widze-krew-i-twarze-demonow-wracam-z-piekla","product_tag-margaryna-bez-oleju-palmowego","product_tag-osteoporoza-a-banany","product_tag-weganskie-mieso","product_tag-zakupy-z-dostawa-do-domu"],"_links":{"self":[{"href":"https:\/\/wegeblw.pl\/index.php\/wp-json\/wp\/v2\/product\/5263","targetHints":{"allow":["GET"]}}],"collection":[{"href":"https:\/\/wegeblw.pl\/index.php\/wp-json\/wp\/v2\/product"}],"about":[{"href":"https:\/\/wegeblw.pl\/index.php\/wp-json\/wp\/v2\/types\/product"}],"replies":[{"embeddable":true,"href":"https:\/\/wegeblw.pl\/index.php\/wp-json\/wp\/v2\/comments?post=5263"}],"wp:featuredmedia":[{"embeddable":true,"href":"https:\/\/wegeblw.pl\/index.php\/wp-json\/wp\/v2\/media\/5264"}],"wp:attachment":[{"href":"https:\/\/wegeblw.pl\/index.php\/wp-json\/wp\/v2\/media?parent=5263"}],"wp:term":[{"taxonomy":"product_cat","embeddable":true,"href":"https:\/\/wegeblw.pl\/index.php\/wp-json\/wp\/v2\/product_cat?post=5263"},{"taxonomy":"product_tag","embeddable":true,"href":"https:\/\/wegeblw.pl\/index.php\/wp-json\/wp\/v2\/product_tag?post=5263"}],"curies":[{"name":"wp","href":"https:\/\/api.w.org\/{rel}","templated":true}]}}