{"id":5269,"date":"2021-05-13T15:55:28","date_gmt":"2021-05-13T13:55:28","guid":{"rendered":"https:\/\/wegeblw.pl\/index.php\/produkt\/5269\/"},"modified":"2026-04-07T01:11:09","modified_gmt":"2026-04-06T23:11:09","slug":"5269","status":"publish","type":"product","link":"https:\/\/wegeblw.pl\/index.php\/produkt\/5269\/","title":{"rendered":""},"content":{"rendered":"<p>System opakowa\u0144 BioProtect1500 mg glukozaminyWegetaria\u0144skiBez skorupiak\u00f3wSuplement diety pe\u0142nowarto\u015bciowyWzmocnienie nadzwyczajnego zdrowiaMisj\u0105 Garden of Life jest wzmacnianie niezwyk\u0142ego zdrowia. Aby wype\u0142ni\u0107 t\u0119 misj\u0119, tworzymy naturalne i skuteczne pe\u0142nowarto\u015bciowe produkty spo\u017cywcze, kt\u00f3re promuj\u0105 zdrowie.Ochrona szerokiego spektrumFYI ULTRA to formu\u0142a o szerokim spektrum dzia\u0142ania na stawy i chrz\u0105stki, wykonana z glukozaminy i silnych sk\u0142adnik\u00f3w przeciwutleniaj\u0105cych, kt\u00f3re wspieraj\u0105 zdrowie staw\u00f3w i tkanki \u0142\u0105cznej.1500 mg glukozaminy wolnej od skorupiak\u00f3w w dziennej porcjiKurkumina w kurkumie wspiera prawid\u0142ow\u0105 obj\u0119to\u015b\u0107 staw\u00f3w i otaczaj\u0105cych tkanek oraz pomaga zoptymalizowa\u0107 poziom enzym\u00f3w, kt\u00f3re normalnie uczestnicz\u0105 w ochronnej odpowiedzi tkanekGranat ma wyj\u0105tkowy profil antyoksydacyjny, kt\u00f3ry wspiera odporno\u015b\u0107 organizmu na uszkodzenia przez wolne rodniki w r\u00f3\u017cnych tkankach, w tym w tkance chrz\u0119stnejAstaksantyna z czerwonych mikroalg wraz z selenem i Boswellia serrata zapewniaj\u0105 wsparcie antyoksydacyjne dla zdrowia tkanek staw\u00f3w<\/p>\n<p>Stawy mi\u0119\u015bnie i ko\u015bci<\/p>\n<p>p\u0142yn do k\u0105pieli od 1 dnia \u017cycia, miod dla babci, bio olej konopny, sawex foods, siarczan magnezu do picia, popping z amarantusa lidl, slodkie mleko<\/p>\n<p>yyyyy<\/p>\n","protected":false},"excerpt":{"rendered":"<p>System opakowa\u0144 BioProtect1500 mg glukozaminyWegetaria\u0144skiBez skorupiak\u00f3wSuplement diety pe\u0142nowarto\u015bciowyWzmocnienie nadzwyczajnego zdrowiaMisj\u0105 Garden of Life jest wzmacnianie niezwyk\u0142ego zdrowia. Aby wype\u0142ni\u0107 t\u0119&hellip;<\/p>\n","protected":false},"featured_media":0,"comment_status":"closed","ping_status":"open","template":"","meta":[],"product_cat":[],"product_tag":[865,655,799,665],"class_list":["post-5269","product","type-product","status-publish","hentry","product_tag-bulgur","product_tag-eko-warzywa","product_tag-maslo-migdalowe","product_tag-weganskie-mieso"],"_links":{"self":[{"href":"https:\/\/wegeblw.pl\/index.php\/wp-json\/wp\/v2\/product\/5269","targetHints":{"allow":["GET"]}}],"collection":[{"href":"https:\/\/wegeblw.pl\/index.php\/wp-json\/wp\/v2\/product"}],"about":[{"href":"https:\/\/wegeblw.pl\/index.php\/wp-json\/wp\/v2\/types\/product"}],"replies":[{"embeddable":true,"href":"https:\/\/wegeblw.pl\/index.php\/wp-json\/wp\/v2\/comments?post=5269"}],"wp:attachment":[{"href":"https:\/\/wegeblw.pl\/index.php\/wp-json\/wp\/v2\/media?parent=5269"}],"wp:term":[{"taxonomy":"product_cat","embeddable":true,"href":"https:\/\/wegeblw.pl\/index.php\/wp-json\/wp\/v2\/product_cat?post=5269"},{"taxonomy":"product_tag","embeddable":true,"href":"https:\/\/wegeblw.pl\/index.php\/wp-json\/wp\/v2\/product_tag?post=5269"}],"curies":[{"name":"wp","href":"https:\/\/api.w.org\/{rel}","templated":true}]}}