{"id":5299,"date":"2021-04-08T15:57:14","date_gmt":"2021-04-08T13:57:14","guid":{"rendered":"https:\/\/wegeblw.pl\/index.php\/produkt\/polska-na-wakacje-najpiekniejsze-trasy\/"},"modified":"2026-04-08T17:55:40","modified_gmt":"2026-04-08T15:55:40","slug":"polska-na-wakacje-najpiekniejsze-trasy","status":"publish","type":"product","link":"https:\/\/wegeblw.pl\/index.php\/produkt\/polska-na-wakacje-najpiekniejsze-trasy\/","title":{"rendered":"Polska na wakacje. Najpi\u0119kniejsze trasy"},"content":{"rendered":"<p>POCI\u0104G ELEKTRYCZNY ZE \u015aWIAT\u0141EM, D\u0179WI\u0118KIEM I TORAMI<\/p>\n<p>Kolejki<\/p>\n<p>nalewka z propolisu na gronkowca, olej z dziurawca na w\u0142osy, rodzaje cynamonu, fede, komosa ryzowa gdzie kupic, gdzie kupi\u0107 kapary, \u017celazo cena, chronium, bia\u0142ka w diecie, p\u0142atki jaglane jak gotowa\u0107, zacierki bez jajka, czy warto pi\u0107 kolagen, e621 co to, serek violife<\/p>\n<p><a href=\"https:\/\/programdiety.pl\/\/wiedza\/przykladowy-jadlospis-diety-bezmlecznej,412\" rel=\"nofollow\">dieta bez nabia\u0142u<\/a><\/p>\n","protected":false},"excerpt":{"rendered":"<p>POCI\u0104G ELEKTRYCZNY ZE \u015aWIAT\u0141EM, D\u0179WI\u0118KIEM I TORAMI Kolejki nalewka z propolisu na gronkowca, olej z dziurawca na w\u0142osy, rodzaje cynamonu,&hellip;<\/p>\n","protected":false},"featured_media":5300,"comment_status":"closed","ping_status":"open","template":"","meta":[],"product_cat":[393],"product_tag":[671,839,851],"class_list":["post-5299","product","type-product","status-publish","has-post-thumbnail","hentry","product_cat-literatura-podroznicza-i-przewodniki","product_tag-jogurt-bez-mleka","product_tag-mleko-niepasteryzowane","product_tag-warzywa-online"],"_links":{"self":[{"href":"https:\/\/wegeblw.pl\/index.php\/wp-json\/wp\/v2\/product\/5299","targetHints":{"allow":["GET"]}}],"collection":[{"href":"https:\/\/wegeblw.pl\/index.php\/wp-json\/wp\/v2\/product"}],"about":[{"href":"https:\/\/wegeblw.pl\/index.php\/wp-json\/wp\/v2\/types\/product"}],"replies":[{"embeddable":true,"href":"https:\/\/wegeblw.pl\/index.php\/wp-json\/wp\/v2\/comments?post=5299"}],"wp:featuredmedia":[{"embeddable":true,"href":"https:\/\/wegeblw.pl\/index.php\/wp-json\/wp\/v2\/media\/5300"}],"wp:attachment":[{"href":"https:\/\/wegeblw.pl\/index.php\/wp-json\/wp\/v2\/media?parent=5299"}],"wp:term":[{"taxonomy":"product_cat","embeddable":true,"href":"https:\/\/wegeblw.pl\/index.php\/wp-json\/wp\/v2\/product_cat?post=5299"},{"taxonomy":"product_tag","embeddable":true,"href":"https:\/\/wegeblw.pl\/index.php\/wp-json\/wp\/v2\/product_tag?post=5299"}],"curies":[{"name":"wp","href":"https:\/\/api.w.org\/{rel}","templated":true}]}}