{"id":5303,"date":"2019-01-20T15:29:03","date_gmt":"2019-01-20T14:29:03","guid":{"rendered":"https:\/\/wegeblw.pl\/index.php\/produkt\/plan-krakowa-mapa-turystyczna\/"},"modified":"2026-04-07T01:10:34","modified_gmt":"2026-04-06T23:10:34","slug":"plan-krakowa-mapa-turystyczna","status":"publish","type":"product","link":"https:\/\/wegeblw.pl\/index.php\/produkt\/plan-krakowa-mapa-turystyczna\/","title":{"rendered":"Plan Krakowa mapa turystyczna"},"content":{"rendered":"<p>Syrop do SodaStream Mountain DewKoncentrat do saturatora Soda stream pozwoli Ci na zrobienie do 9l Mountain Dew. Syrop mo\u017ce by\u0107 r\u00f3wnie\u017c stosowany do rozpuszczania w wodzie, co zagwarantuje niepodrabiany smak Mountain Dew.Pyszny nap\u00f3j w mgnieniu oka!W pierwszym kroku zab\u0105belkuj \u015bwie\u017c\u0105, zimn\u0105 wod\u0119 w ekspresie SodaStream. Nast\u0119pnie przechyl bytelk\u0119 SodaStream pod lekkim k\u0105tem i dodaj kilka kropelek syropu do zab\u0105belkowanej wody. Aby na ko\u0144cu potrz\u0105sn\u0105\u0107 delikatnie butelk\u0105 i wymiesza\u0107 dobrze smak. Po tak kr\u00f3tkiej chwili mo\u017cesz cieszy\u0107 si\u0119 pysznym napojem i orze\u017awij si\u0119 b\u0105belkami!<\/p>\n<p>Soki syropy i nektary<\/p>\n<p>czystek tr\u0105dzik, \u015bwie\u017cych, fasola bia\u0142a ja\u015b, dieta na cholesterol jad\u0142ospis, sk\u00f3rka cytryny, olejek z oregano swanson<\/p>\n<p>yyyyy<\/p>\n","protected":false},"excerpt":{"rendered":"<p>Syrop do SodaStream Mountain DewKoncentrat do saturatora Soda stream pozwoli Ci na zrobienie do 9l Mountain Dew. Syrop mo\u017ce by\u0107&hellip;<\/p>\n","protected":false},"featured_media":5304,"comment_status":"closed","ping_status":"open","template":"","meta":[],"product_cat":[393],"product_tag":[808,677,671,770,776],"class_list":["post-5303","product","type-product","status-publish","has-post-thumbnail","hentry","product_cat-literatura-podroznicza-i-przewodniki","product_tag-ciasto-sekacz","product_tag-health-labs","product_tag-jogurt-bez-mleka","product_tag-komosa-ryzowa-gotowanie","product_tag-zamiennik-miesa"],"_links":{"self":[{"href":"https:\/\/wegeblw.pl\/index.php\/wp-json\/wp\/v2\/product\/5303","targetHints":{"allow":["GET"]}}],"collection":[{"href":"https:\/\/wegeblw.pl\/index.php\/wp-json\/wp\/v2\/product"}],"about":[{"href":"https:\/\/wegeblw.pl\/index.php\/wp-json\/wp\/v2\/types\/product"}],"replies":[{"embeddable":true,"href":"https:\/\/wegeblw.pl\/index.php\/wp-json\/wp\/v2\/comments?post=5303"}],"wp:featuredmedia":[{"embeddable":true,"href":"https:\/\/wegeblw.pl\/index.php\/wp-json\/wp\/v2\/media\/5304"}],"wp:attachment":[{"href":"https:\/\/wegeblw.pl\/index.php\/wp-json\/wp\/v2\/media?parent=5303"}],"wp:term":[{"taxonomy":"product_cat","embeddable":true,"href":"https:\/\/wegeblw.pl\/index.php\/wp-json\/wp\/v2\/product_cat?post=5303"},{"taxonomy":"product_tag","embeddable":true,"href":"https:\/\/wegeblw.pl\/index.php\/wp-json\/wp\/v2\/product_tag?post=5303"}],"curies":[{"name":"wp","href":"https:\/\/api.w.org\/{rel}","templated":true}]}}