{"id":5315,"date":"2019-07-16T14:35:44","date_gmt":"2019-07-16T12:35:44","guid":{"rendered":"https:\/\/wegeblw.pl\/index.php\/produkt\/historia-podrecznik-3-czesc-2-liceum-i-technikum-zakres-podstawowy\/"},"modified":"2026-04-07T01:18:02","modified_gmt":"2026-04-06T23:18:02","slug":"historia-podrecznik-3-czesc-2-liceum-i-technikum-zakres-podstawowy","status":"publish","type":"product","link":"https:\/\/wegeblw.pl\/index.php\/produkt\/historia-podrecznik-3-czesc-2-liceum-i-technikum-zakres-podstawowy\/","title":{"rendered":"Historia Podr\u0119cznik 3 Cz\u0119\u015b\u0107 2 Liceum I Technikum Zakres Podstawowy"},"content":{"rendered":"<p>Lek ma szerokie dzia\u0142anie terapeutyczne i stosowany jest w leczeniu r\u00f3\u017cnych chor\u00f3b.wskazania leku:- B\u00f3l g\u0142owy- Klimakterium- Udar s\u0142oneczny i cieplnySk\u0142ad.Glonoinum 9 CH, laktoza jednowodna, sacharoza.Dawkowanie.Lek stosowany jest zazwyczaj 2 &#8211; 3 x dziennie po 5 granulek ale lekarz lub farmaceuta mo\u017ce ustali\u0107 inne dawkowanie.<\/p>\n<p>Homeopatia<\/p>\n<p>co to jest boraks, jagody acai w\u0142a\u015bciwo\u015bci, avocado guacamole, grzyby na raka, co je\u015b\u0107 na drugie \u015bniadanie, jablko ig, sproszkowane owoce, czy proteiny s\u0105 zdrowe, imbir a zgaga, g\u0119si smalec cena, herbata zielona gunpowder, ekologiczne pojemniki na \u017cywno\u015b\u0107, jakie w\u0142a\u015bciwo\u015bci ma woda, czy mas\u0142o klarowane jest zdrowe, dropsy mi\u0119towe, \u017curawina s\u0142odzona sokiem jab\u0142kowym, lukrecja na co, mleko 1,5, anans, allnutrition d\u017cem<\/p>\n<p>yyyyy<\/p>\n","protected":false},"excerpt":{"rendered":"<p>Lek ma szerokie dzia\u0142anie terapeutyczne i stosowany jest w leczeniu r\u00f3\u017cnych chor\u00f3b.wskazania leku:- B\u00f3l g\u0142owy- Klimakterium- Udar s\u0142oneczny i cieplnySk\u0142ad.Glonoinum&hellip;<\/p>\n","protected":false},"featured_media":5316,"comment_status":"closed","ping_status":"open","template":"","meta":[],"product_cat":[375],"product_tag":[778,829,745,792],"class_list":["post-5315","product","type-product","status-publish","has-post-thumbnail","hentry","product_cat-podreczniki-szkolne","product_tag-burak","product_tag-marchew-ekologiczna","product_tag-swieze-mleko","product_tag-vigo"],"_links":{"self":[{"href":"https:\/\/wegeblw.pl\/index.php\/wp-json\/wp\/v2\/product\/5315","targetHints":{"allow":["GET"]}}],"collection":[{"href":"https:\/\/wegeblw.pl\/index.php\/wp-json\/wp\/v2\/product"}],"about":[{"href":"https:\/\/wegeblw.pl\/index.php\/wp-json\/wp\/v2\/types\/product"}],"replies":[{"embeddable":true,"href":"https:\/\/wegeblw.pl\/index.php\/wp-json\/wp\/v2\/comments?post=5315"}],"wp:featuredmedia":[{"embeddable":true,"href":"https:\/\/wegeblw.pl\/index.php\/wp-json\/wp\/v2\/media\/5316"}],"wp:attachment":[{"href":"https:\/\/wegeblw.pl\/index.php\/wp-json\/wp\/v2\/media?parent=5315"}],"wp:term":[{"taxonomy":"product_cat","embeddable":true,"href":"https:\/\/wegeblw.pl\/index.php\/wp-json\/wp\/v2\/product_cat?post=5315"},{"taxonomy":"product_tag","embeddable":true,"href":"https:\/\/wegeblw.pl\/index.php\/wp-json\/wp\/v2\/product_tag?post=5315"}],"curies":[{"name":"wp","href":"https:\/\/api.w.org\/{rel}","templated":true}]}}