{"id":5325,"date":"2015-05-21T17:38:25","date_gmt":"2015-05-21T15:38:25","guid":{"rendered":"https:\/\/wegeblw.pl\/index.php\/produkt\/lesne-zwierzeta-kolorowanka\/"},"modified":"2026-04-07T01:14:56","modified_gmt":"2026-04-06T23:14:56","slug":"lesne-zwierzeta-kolorowanka","status":"publish","type":"product","link":"https:\/\/wegeblw.pl\/index.php\/produkt\/lesne-zwierzeta-kolorowanka\/","title":{"rendered":"Le\u015bne zwierz\u0119ta. Kolorowanka"},"content":{"rendered":"<p>Pelargonia afryka\u0144ska wyci\u0105g 1:550mlPelargonia afryka\u0144ska (Pelargonium sidoides) pochodzi z Po\u0142udniowej Afryki, gdzie od dawna jest znana i wykorzystywana przez lokalnych mieszka\u0144c\u00f3w, kt\u00f3rzy nazywaj\u0105 j\u0105 umckaloabo. Korze\u0144 pelargonii afryka\u0144skiej stosowany by\u0142 tradycyjnie we wszelkich sytuacjach zwi\u0105zanych z obni\u017ceniem odporno\u015bci, szczeg\u00f3lnie w zapaleniu p\u0142uc i oskrzeli oraz w wynikaj\u0105cym z tego kaszlu, katarze, b\u00f3lu gard\u0142a i gor\u0105czce. Medycyna wsp\u00f3\u0142czesna od lat bada t\u0119 ro\u015blin\u0119 pod k\u0105tem jej wp\u0142ywu na odporno\u015b\u0107, a wyniki s\u0105 bardzo obiecuj\u0105ce. Ogromnym plusem pelargonii afryka\u0144skiej jest to, \u017ce mo\u017ce by\u0107 ona bez obaw podawana ma\u0142ym dzieciom (ju\u017c od 1. r.\u017c.) oraz osobom starszym.DZIA\u0141ANIE:Wyci\u0105g z pelargonii afryka\u0144skiej:wzmacnia mechanizmy obronne skierowane przeciwko niepo\u017c\u0105danym bakteriom i wirusom,mobilizuje kom\u00f3rki uk\u0142adu odporno\u015bciowego do walki z infekcjami uk\u0142adu oddechowego,wspomaga funkcjonowanie dr\u00f3g oddechowych dotkni\u0119tych infekcj\u0105: dzia\u0142a wykrztu\u015bnie i pomaga odblokowa\u0107 zatkany nos.SUPLEMENT DIETYSK\u0141AD: Pelargonia afryka\u0144ska, certyfikowany alkohol etylowy. gliceryna ro\u015blinna, woda destylowana.Zawarto\u015b\u0107 etanolu w nalewce 10%.SPOS\u00d3B U\u017bYCIA1 miarka (nabranie pipety) to 15 kropli nalewki. 30 kropli mie\u015bci si\u0119 w 1 ml.Zalecana dzienna porcja do spo\u017cycia:- dzieci od 1 do 5 roku \u017cycia: 10 kropli trzy razy dziennie,- 6-12 lat: 20 kropli trzy razy dziennie,- &gt;12 lat: 30 kropli trzy razy dziennie.Porcj\u0119 rozcie\u0144czy\u0107 w niewielkiej ilo\u015bci wody.Zawarto\u015b\u0107 w dziennej porcji: maksymalnie 90 kropli.Suplementy diety nie mog\u0105 by\u0107 stosowane jako substytut zr\u00f3\u017cnicowanej diety oraz nie zast\u0105pi\u0105 zdrowego trybu \u017cycia.PRZECIWWSKAZANIA: Uczulenie na kt\u00f3rykolwiek ze sk\u0142adnik\u00f3w. Nie stosowa\u0107 u kobiet w ci\u0105\u017cy oraz karmi\u0105cych piersi\u0105.Przechowywa\u0107 w zamkni\u0119tym opakowaniu w temperaturze pokojowej, w miejscu niedost\u0119pnym dla ma\u0142ych dzieci. Chroni\u0107 przed \u015bwiat\u0142em i wilgoci\u0105. Osad jest zjawiskiem naturalnym.<\/p>\n<p>Minera\u0142y i witaminy<\/p>\n<p>cukier trzcinowy nierafinowany czy jest zdrowy, henna khadi czerwona, jak mie\u0107 wi\u0119cej energii, lnu, akacjowy, p\u0142atki g\u00f3rskie, filet z indyka cena za kg, podgrzybek suszony cena<\/p>\n<p><a href=\"https:\/\/www.asus.com\/pl\/support\/FAQ\/1046400\/\">windows 10 has\u0142a wifi asus.com\/pl\/support\/FAQ\/1046400\/<\/a><\/p>\n","protected":false},"excerpt":{"rendered":"<p>Pelargonia afryka\u0144ska wyci\u0105g 1:550mlPelargonia afryka\u0144ska (Pelargonium sidoides) pochodzi z Po\u0142udniowej Afryki, gdzie od dawna jest znana i wykorzystywana przez lokalnych&hellip;<\/p>\n","protected":false},"featured_media":5326,"comment_status":"closed","ping_status":"open","template":"","meta":[],"product_cat":[378],"product_tag":[682,806,817,866,868],"class_list":["post-5325","product","type-product","status-publish","has-post-thumbnail","hentry","product_cat-literatura-dla-dzieci-i-mlodziezy","product_tag-food-organic-store","product_tag-mieso-ekologiczne","product_tag-niepasteryzowane-mleko","product_tag-siemie-lniane-do-picia","product_tag-siemie-lniane-jak-pic"],"_links":{"self":[{"href":"https:\/\/wegeblw.pl\/index.php\/wp-json\/wp\/v2\/product\/5325","targetHints":{"allow":["GET"]}}],"collection":[{"href":"https:\/\/wegeblw.pl\/index.php\/wp-json\/wp\/v2\/product"}],"about":[{"href":"https:\/\/wegeblw.pl\/index.php\/wp-json\/wp\/v2\/types\/product"}],"replies":[{"embeddable":true,"href":"https:\/\/wegeblw.pl\/index.php\/wp-json\/wp\/v2\/comments?post=5325"}],"wp:featuredmedia":[{"embeddable":true,"href":"https:\/\/wegeblw.pl\/index.php\/wp-json\/wp\/v2\/media\/5326"}],"wp:attachment":[{"href":"https:\/\/wegeblw.pl\/index.php\/wp-json\/wp\/v2\/media?parent=5325"}],"wp:term":[{"taxonomy":"product_cat","embeddable":true,"href":"https:\/\/wegeblw.pl\/index.php\/wp-json\/wp\/v2\/product_cat?post=5325"},{"taxonomy":"product_tag","embeddable":true,"href":"https:\/\/wegeblw.pl\/index.php\/wp-json\/wp\/v2\/product_tag?post=5325"}],"curies":[{"name":"wp","href":"https:\/\/api.w.org\/{rel}","templated":true}]}}