{"id":5343,"date":"2025-03-14T04:25:48","date_gmt":"2025-03-14T03:25:48","guid":{"rendered":"https:\/\/wegeblw.pl\/?post_type=product&#038;p=5343"},"modified":"2026-04-07T01:20:59","modified_gmt":"2026-04-06T23:20:59","slug":"w-centrum-uwagi-2-wiedza-o-spoleczenstwie-podrecznik-liceum-ogolnoksztalcace-i-technikum-zakres-rozszerzony","status":"publish","type":"product","link":"https:\/\/wegeblw.pl\/index.php\/produkt\/w-centrum-uwagi-2-wiedza-o-spoleczenstwie-podrecznik-liceum-ogolnoksztalcace-i-technikum-zakres-rozszerzony\/","title":{"rendered":"W centrum uwagi 2. Wiedza o spo\u0142ecze\u0144stwie. Podr\u0119cznik. Liceum og\u00f3lnokszta\u0142c\u0105ce i technikum. Zakres rozszerzony"},"content":{"rendered":"<p>Kamera kompaktowa (box) Ip Orllo Goodcam Z10 4 Mpx<\/p>\n<p>Kamery przemys\u0142owe<\/p>\n<p>komosa ry\u017cowa ile gotowa\u0107, przechowywanie sushi, nadw\u0119glan sodu, dr zi\u0119ba cholesterol, krem z pomidor\u00f3w z passaty, czekolada do rozpuszczania, olej rafinowany, warzywa liofilizowane, dania wigilijne, bezglutenowe produkty, tahini gdzie kupi\u0107, guarana yerba, kasza jaglana ig, puder ryzowy, zio\u0142a na wzmocnienie, pieprz czarny ziarnisty, 180g cukru, pieprzyca, jackfruit, quinoa warto\u015bci od\u017cywcze, na co dziala kurkuma<\/p>\n<p>yyyyy<\/p>\n","protected":false},"excerpt":{"rendered":"<p>Kamera kompaktowa (box) Ip Orllo Goodcam Z10 4 Mpx Kamery przemys\u0142owe komosa ry\u017cowa ile gotowa\u0107, przechowywanie sushi, nadw\u0119glan sodu, dr&hellip;<\/p>\n","protected":false},"featured_media":5344,"comment_status":"closed","ping_status":"open","template":"","meta":[],"product_cat":[375],"product_tag":[794,664,797,663,772],"class_list":["post-5343","product","type-product","status-publish","has-post-thumbnail","hentry","product_cat-podreczniki-szkolne","product_tag-awokado-hass","product_tag-komoda-ryzowa","product_tag-organic-farma-zdrowia","product_tag-sekacz-ciasto","product_tag-ser-owczy"],"_links":{"self":[{"href":"https:\/\/wegeblw.pl\/index.php\/wp-json\/wp\/v2\/product\/5343","targetHints":{"allow":["GET"]}}],"collection":[{"href":"https:\/\/wegeblw.pl\/index.php\/wp-json\/wp\/v2\/product"}],"about":[{"href":"https:\/\/wegeblw.pl\/index.php\/wp-json\/wp\/v2\/types\/product"}],"replies":[{"embeddable":true,"href":"https:\/\/wegeblw.pl\/index.php\/wp-json\/wp\/v2\/comments?post=5343"}],"wp:featuredmedia":[{"embeddable":true,"href":"https:\/\/wegeblw.pl\/index.php\/wp-json\/wp\/v2\/media\/5344"}],"wp:attachment":[{"href":"https:\/\/wegeblw.pl\/index.php\/wp-json\/wp\/v2\/media?parent=5343"}],"wp:term":[{"taxonomy":"product_cat","embeddable":true,"href":"https:\/\/wegeblw.pl\/index.php\/wp-json\/wp\/v2\/product_cat?post=5343"},{"taxonomy":"product_tag","embeddable":true,"href":"https:\/\/wegeblw.pl\/index.php\/wp-json\/wp\/v2\/product_tag?post=5343"}],"curies":[{"name":"wp","href":"https:\/\/api.w.org\/{rel}","templated":true}]}}