{"id":5361,"date":"2017-05-02T06:15:49","date_gmt":"2017-05-02T04:15:49","guid":{"rendered":"https:\/\/wegeblw.pl\/index.php\/produkt\/kalendarz-dwuletni-2021-2022-nasze-inspiracje-koinonia\/"},"modified":"2026-04-08T18:18:26","modified_gmt":"2026-04-08T16:18:26","slug":"kalendarz-dwuletni-2021-2022-nasze-inspiracje-koinonia","status":"publish","type":"product","link":"https:\/\/wegeblw.pl\/index.php\/produkt\/kalendarz-dwuletni-2021-2022-nasze-inspiracje-koinonia\/","title":{"rendered":"Kalendarz dwuletni 2021-2022 Nasze inspiracje &#8211; Koinonia"},"content":{"rendered":"<p>Suplement diety z melis\u0105.<\/p>\n<p>Uk\u0142ad nerwowy i pami\u0119\u0107<\/p>\n<p>biou, panini zabka kcal, witamina d3 dr jacobs, krem czekoladowo orzechowy, dieta w chorobie alzheimera jad\u0142ospis, syrop z agawy cena, kapusta charsznicka, proszku, amarantus w\u0142a\u015bciwo\u015bci lecznicze, helpa kaszka jaglana, hydrolat<\/p>\n<p>yyyyy<\/p>\n","protected":false},"excerpt":{"rendered":"<p>Suplement diety z melis\u0105. Uk\u0142ad nerwowy i pami\u0119\u0107 biou, panini zabka kcal, witamina d3 dr jacobs, krem czekoladowo orzechowy, dieta&hellip;<\/p>\n","protected":false},"featured_media":5362,"comment_status":"closed","ping_status":"open","template":"","meta":[],"product_cat":[411],"product_tag":[737,667,850],"class_list":["post-5361","product","type-product","status-publish","has-post-thumbnail","hentry","product_cat-kalendarze","product_tag-jablka-jonaprince","product_tag-makaron-sojowy-ig","product_tag-mleko-ekologiczne"],"_links":{"self":[{"href":"https:\/\/wegeblw.pl\/index.php\/wp-json\/wp\/v2\/product\/5361","targetHints":{"allow":["GET"]}}],"collection":[{"href":"https:\/\/wegeblw.pl\/index.php\/wp-json\/wp\/v2\/product"}],"about":[{"href":"https:\/\/wegeblw.pl\/index.php\/wp-json\/wp\/v2\/types\/product"}],"replies":[{"embeddable":true,"href":"https:\/\/wegeblw.pl\/index.php\/wp-json\/wp\/v2\/comments?post=5361"}],"wp:featuredmedia":[{"embeddable":true,"href":"https:\/\/wegeblw.pl\/index.php\/wp-json\/wp\/v2\/media\/5362"}],"wp:attachment":[{"href":"https:\/\/wegeblw.pl\/index.php\/wp-json\/wp\/v2\/media?parent=5361"}],"wp:term":[{"taxonomy":"product_cat","embeddable":true,"href":"https:\/\/wegeblw.pl\/index.php\/wp-json\/wp\/v2\/product_cat?post=5361"},{"taxonomy":"product_tag","embeddable":true,"href":"https:\/\/wegeblw.pl\/index.php\/wp-json\/wp\/v2\/product_tag?post=5361"}],"curies":[{"name":"wp","href":"https:\/\/api.w.org\/{rel}","templated":true}]}}