{"id":5381,"date":"2014-12-01T01:42:16","date_gmt":"2014-12-01T00:42:16","guid":{"rendered":"https:\/\/wegeblw.pl\/index.php\/produkt\/trenuj-wzrok-cwiczenia-dla-uczniow-starszych-k\/"},"modified":"2026-04-07T08:15:18","modified_gmt":"2026-04-07T06:15:18","slug":"trenuj-wzrok-cwiczenia-dla-uczniow-starszych-k","status":"publish","type":"product","link":"https:\/\/wegeblw.pl\/index.php\/produkt\/trenuj-wzrok-cwiczenia-dla-uczniow-starszych-k\/","title":{"rendered":"Trenuj wzrok. \u0106wiczenia dla uczni\u00f3w starszych k&#8230;"},"content":{"rendered":"<p>Garderoba ORION to mebel wykonany w nowoczesnym stylu, design garderoby podkre\u015blaj\u0105 panele tapicerowane dost\u0119pne w dw\u00f3ch kolorach!Garderoba ORION 3WYMIARY:szeroko\u015b\u0107: 158 cmwysoko\u015b\u0107: 184 cmg\u0142\u0119boko\u015b\u0107: 45,6 cmWYKONANIE:meble wykonane z p\u0142yty laminowanej 16 mmwieszaki metaloweobrze\u017ca zabezpieczone oklein\u0105 PCV 0,5 mmelementy \u0142\u0105czone za pomoc\u0105 z\u0142\u0105czy mimo\u015brodowychbezuchwytowy system otwieraniaty\u0142 mebla wykonany z p\u0142yty HDFpanele tapicerowane do samodzielnego monta\u017cu (klej do zakupienia we w\u0142asnym zakresie)monta\u017c garderoby jest uniwersalny (lewo\/prawo)meble fabrycznie nowe, zapakowane w paczkach do samodzielnego monta\u017cuKOLORYSTYKA:D\u0105b artisan + manila 09 (r\u00f3\u017cowy)D\u0105b artisan + manila 11 (mi\u0119ta)D\u0105b artisan + manila 16 (szary)D\u0105b artisan + manila 26 (niebieski)D\u0105b artisan + manila 35 (zielony)D\u0105b artisan + bia\u0142a ekosk\u00f3raD\u0105b artisan + czarna ekosk\u00f3raDODATKOWE INFORMACJE:KUPUJESZ OD PRODUCENTAMebel w paczkach do samodzielnego monta\u017cu.W komplecie w paczce akcesoria monta\u017cowe wraz z instrukcj\u0105.Charakterystyka paneli tapicerowanych:panel wykonany z p\u0142yty o grubo\u015bci 8mm, pianki o grubo\u015bci 3 cm oraz wyko\u0144czony tkanin\u0105zamocowany do \u015bciany zabezpiecza j\u0105 przed uszkodzeniami oraz spe\u0142nia funkcj\u0119 d\u017awi\u0119koch\u0142onn\u0105nadaje efekt 3DMonta\u017c lewo\/prawoDost\u0119pna kolorystyka:D\u0105b artisan + manila 09 (r\u00f3\u017cowy)D\u0105b artisan + manila 11 (mi\u0119ta)D\u0105b artisan + manila 16 (szary)D\u0105b artisan + manila 26 (niebieski)D\u0105b artisan + manila 35 (zielony)D\u0105b artisan + bia\u0142a ekosk\u00f3raD\u0105b artisan + czarna ekosk\u00f3ra<\/p>\n<p>Garderoby do przedpokoju<\/p>\n<p>makaron konjac gdzie kupi\u0107, naczynie do picia yerby, z ananasa, dobre myd\u0142o, rucola pesto, bio detox jak stosowa\u0107<\/p>\n<p>yyyyy<\/p>\n","protected":false},"excerpt":{"rendered":"<p>Garderoba ORION to mebel wykonany w nowoczesnym stylu, design garderoby podkre\u015blaj\u0105 panele tapicerowane dost\u0119pne w dw\u00f3ch kolorach!Garderoba ORION 3WYMIARY:szeroko\u015b\u0107: 158&hellip;<\/p>\n","protected":false},"featured_media":5382,"comment_status":"closed","ping_status":"open","template":"","meta":[],"product_cat":[375],"product_tag":[632,675,667,810,665],"class_list":["post-5381","product","type-product","status-publish","has-post-thumbnail","hentry","product_cat-podreczniki-szkolne","product_tag-komosa-ryzowa-jak-gotowac","product_tag-limonki","product_tag-makaron-sojowy-ig","product_tag-pasta-misp","product_tag-weganskie-mieso"],"_links":{"self":[{"href":"https:\/\/wegeblw.pl\/index.php\/wp-json\/wp\/v2\/product\/5381","targetHints":{"allow":["GET"]}}],"collection":[{"href":"https:\/\/wegeblw.pl\/index.php\/wp-json\/wp\/v2\/product"}],"about":[{"href":"https:\/\/wegeblw.pl\/index.php\/wp-json\/wp\/v2\/types\/product"}],"replies":[{"embeddable":true,"href":"https:\/\/wegeblw.pl\/index.php\/wp-json\/wp\/v2\/comments?post=5381"}],"wp:featuredmedia":[{"embeddable":true,"href":"https:\/\/wegeblw.pl\/index.php\/wp-json\/wp\/v2\/media\/5382"}],"wp:attachment":[{"href":"https:\/\/wegeblw.pl\/index.php\/wp-json\/wp\/v2\/media?parent=5381"}],"wp:term":[{"taxonomy":"product_cat","embeddable":true,"href":"https:\/\/wegeblw.pl\/index.php\/wp-json\/wp\/v2\/product_cat?post=5381"},{"taxonomy":"product_tag","embeddable":true,"href":"https:\/\/wegeblw.pl\/index.php\/wp-json\/wp\/v2\/product_tag?post=5381"}],"curies":[{"name":"wp","href":"https:\/\/api.w.org\/{rel}","templated":true}]}}