{"id":5409,"date":"2017-01-31T13:03:39","date_gmt":"2017-01-31T12:03:39","guid":{"rendered":"https:\/\/wegeblw.pl\/index.php\/produkt\/pacjent-komisarz-eryk-derylo-tom-9\/"},"modified":"2026-04-10T07:33:51","modified_gmt":"2026-04-10T05:33:51","slug":"pacjent-komisarz-eryk-derylo-tom-9","status":"publish","type":"product","link":"https:\/\/wegeblw.pl\/index.php\/produkt\/pacjent-komisarz-eryk-derylo-tom-9\/","title":{"rendered":"Pacjent. Komisarz Eryk Dery\u0142o. Tom 9"},"content":{"rendered":"<p>Innowacyjno\u015b\u0107: Wi\u0119ksza elastyczno\u015b\u0107: ekskluzywne po\u0142\u0105czenie sk\u0142adnik\u00f3w aktywnych: arctiin i oligopeptyd\u00f3w stymuluje produkcj\u0119 kolagenu w kom\u00f3rkach sk\u00f3ry.Mniej zmarszczek: formu\u0142a z wysoko- i niskocz\u0105steczkowym kwasem hialuronowym widocznie wyg\u0142adza g\u0142\u0119bokie zmarszczki; Wi\u0119cej blasku: sk\u00f3ra wygl\u0105da \u015bwie\u017co i promiennie. Filtry SPF 15 + UVA skutecznie chroni\u0105 przed przedwczesnym starzeniem si\u0119 sk\u00f3ry spowodowanym promieniami UV oraz zapobiegaj\u0105 pog\u0142\u0119bianiu si\u0119 zmarszczek.Rezultat: Nawil\u017ca sk\u00f3r\u0119, nadaje jej elastyczno\u015b\u0107, wype\u0142nia nawet najg\u0142\u0119bsze zmarszczki i rozja\u015bnia przyciemnione brwi. Potwierdzone badaniami okulistycznymi. Nie zawiera substancji zapachowych. Odpowiedni dla os\u00f3b nosz\u0105cych soczewki kontaktowe.<\/p>\n<p>Dermokosmetyki<\/p>\n<p>amigdalina dzia\u0142anie, olej z rokitnika w\u0142a\u015bciwo\u015bci, razowe pieczywo, m\u0105ka lniana, krewetki w pancerzu, co to sa pektyny, gotowa wcierka z kozieradki, witamina b3 w kroplach, mro\u017conek, ciasto pierogowe, gdzie kupi\u0107 erytrytol, b\u0142onnik ro\u015blinny, matcha latte miss ti, dom w majeranku realizacje, swanson balance b-200, oblybio, zielona glinka jak stosowa\u0107, danie ramen, medytacja na czym polega, siarka krzem jod, dieta trzustkowa co mo\u017cna je\u015b\u0107<\/p>\n<p><a href=\"https:\/\/www.dom-lazienka.pl\/kabiny-zestawy-cat-25\">dom-lazienka.pl\/kabiny-zestawy-cat-25<\/a><\/p>\n","protected":false},"excerpt":{"rendered":"<p>Innowacyjno\u015b\u0107: Wi\u0119ksza elastyczno\u015b\u0107: ekskluzywne po\u0142\u0105czenie sk\u0142adnik\u00f3w aktywnych: arctiin i oligopeptyd\u00f3w stymuluje produkcj\u0119 kolagenu w kom\u00f3rkach sk\u00f3ry.Mniej zmarszczek: formu\u0142a z wysoko-&hellip;<\/p>\n","protected":false},"featured_media":5410,"comment_status":"closed","ping_status":"open","template":"","meta":[],"product_cat":[383],"product_tag":[749,666,866,754],"class_list":["post-5409","product","type-product","status-publish","has-post-thumbnail","hentry","product_cat-literatura-sensacyjna-i-grozy","product_tag-cynamon-cejlonski-wlasciwosci","product_tag-lody-haagen-dazs","product_tag-siemie-lniane-do-picia","product_tag-zamienniki-miesa"],"_links":{"self":[{"href":"https:\/\/wegeblw.pl\/index.php\/wp-json\/wp\/v2\/product\/5409","targetHints":{"allow":["GET"]}}],"collection":[{"href":"https:\/\/wegeblw.pl\/index.php\/wp-json\/wp\/v2\/product"}],"about":[{"href":"https:\/\/wegeblw.pl\/index.php\/wp-json\/wp\/v2\/types\/product"}],"replies":[{"embeddable":true,"href":"https:\/\/wegeblw.pl\/index.php\/wp-json\/wp\/v2\/comments?post=5409"}],"wp:featuredmedia":[{"embeddable":true,"href":"https:\/\/wegeblw.pl\/index.php\/wp-json\/wp\/v2\/media\/5410"}],"wp:attachment":[{"href":"https:\/\/wegeblw.pl\/index.php\/wp-json\/wp\/v2\/media?parent=5409"}],"wp:term":[{"taxonomy":"product_cat","embeddable":true,"href":"https:\/\/wegeblw.pl\/index.php\/wp-json\/wp\/v2\/product_cat?post=5409"},{"taxonomy":"product_tag","embeddable":true,"href":"https:\/\/wegeblw.pl\/index.php\/wp-json\/wp\/v2\/product_tag?post=5409"}],"curies":[{"name":"wp","href":"https:\/\/api.w.org\/{rel}","templated":true}]}}