{"id":541,"date":"2021-09-03T12:59:38","date_gmt":"2021-09-03T10:59:38","guid":{"rendered":"https:\/\/wegeblw.pl\/index.php\/produkt\/pierre-fabre-ducray-keracnyl-zel-pieniacy-200ml\/"},"modified":"2026-04-10T16:07:31","modified_gmt":"2026-04-10T14:07:31","slug":"pierre-fabre-ducray-keracnyl-zel-pieniacy-200ml","status":"publish","type":"product","link":"https:\/\/wegeblw.pl\/index.php\/produkt\/pierre-fabre-ducray-keracnyl-zel-pieniacy-200ml\/","title":{"rendered":"Pierre Fabre Ducray Keracnyl \u017bel Pieni\u0105cy 200Ml"},"content":{"rendered":"<p>Thorne Iso-Phos Izolat Fosfatydyloseryny 60Vkaps<\/p>\n<p>Uk\u0142ad nerwowy i pami\u0119\u0107<\/p>\n<p>schab w plastrach, nerkowiec orzech, olej z pestek dyni t\u0142oczony na zimno, tu\u0144czyk po angielsku, acai jagody, piwo bezalkoholowe a zdrowie, any\u017c w ci\u0105\u017cy, m\u0105ka z semoliny<\/p>\n<p>yyyyy<\/p>\n","protected":false},"excerpt":{"rendered":"<p>Thorne Iso-Phos Izolat Fosfatydyloseryny 60Vkaps Uk\u0142ad nerwowy i pami\u0119\u0107 schab w plastrach, nerkowiec orzech, olej z pestek dyni t\u0142oczony na&hellip;<\/p>\n","protected":false},"featured_media":542,"comment_status":"closed","ping_status":"open","template":"","meta":[],"product_cat":[36],"product_tag":[780,764,833,663],"class_list":["post-541","product","type-product","status-publish","has-post-thumbnail","hentry","product_cat-dermokosmetyki","product_tag-b12","product_tag-jogurty-bez-mleka","product_tag-maka-orkiszowa","product_tag-sekacz-ciasto"],"_links":{"self":[{"href":"https:\/\/wegeblw.pl\/index.php\/wp-json\/wp\/v2\/product\/541","targetHints":{"allow":["GET"]}}],"collection":[{"href":"https:\/\/wegeblw.pl\/index.php\/wp-json\/wp\/v2\/product"}],"about":[{"href":"https:\/\/wegeblw.pl\/index.php\/wp-json\/wp\/v2\/types\/product"}],"replies":[{"embeddable":true,"href":"https:\/\/wegeblw.pl\/index.php\/wp-json\/wp\/v2\/comments?post=541"}],"wp:featuredmedia":[{"embeddable":true,"href":"https:\/\/wegeblw.pl\/index.php\/wp-json\/wp\/v2\/media\/542"}],"wp:attachment":[{"href":"https:\/\/wegeblw.pl\/index.php\/wp-json\/wp\/v2\/media?parent=541"}],"wp:term":[{"taxonomy":"product_cat","embeddable":true,"href":"https:\/\/wegeblw.pl\/index.php\/wp-json\/wp\/v2\/product_cat?post=541"},{"taxonomy":"product_tag","embeddable":true,"href":"https:\/\/wegeblw.pl\/index.php\/wp-json\/wp\/v2\/product_tag?post=541"}],"curies":[{"name":"wp","href":"https:\/\/api.w.org\/{rel}","templated":true}]}}