{"id":5444,"date":"2017-03-09T05:37:01","date_gmt":"2017-03-09T04:37:01","guid":{"rendered":"https:\/\/wegeblw.pl\/index.php\/produkt\/polska-daj-sie-zaskoczyc-trasy-magiczne\/"},"modified":"2026-04-06T23:51:37","modified_gmt":"2026-04-06T21:51:37","slug":"polska-daj-sie-zaskoczyc-trasy-magiczne","status":"publish","type":"product","link":"https:\/\/wegeblw.pl\/index.php\/produkt\/polska-daj-sie-zaskoczyc-trasy-magiczne\/","title":{"rendered":"Polska daj si\u0119 zaskoczy\u0107 Trasy magiczne"},"content":{"rendered":"<p>Suplement diety z melis\u0105.<\/p>\n<p>Uk\u0142ad nerwowy i pami\u0119\u0107<\/p>\n<p>biou, panini zabka kcal, witamina d3 dr jacobs, krem czekoladowo orzechowy, dieta w chorobie alzheimera jad\u0142ospis, syrop z agawy cena, kapusta charsznicka, proszku, amarantus w\u0142a\u015bciwo\u015bci lecznicze, helpa kaszka jaglana, hydrolat<\/p>\n<p>yyyyy<\/p>\n","protected":false},"excerpt":{"rendered":"<p>Suplement diety z melis\u0105. Uk\u0142ad nerwowy i pami\u0119\u0107 biou, panini zabka kcal, witamina d3 dr jacobs, krem czekoladowo orzechowy, dieta&hellip;<\/p>\n","protected":false},"featured_media":5445,"comment_status":"closed","ping_status":"open","template":"","meta":[],"product_cat":[393],"product_tag":[742,872,661,720,693,884],"class_list":["post-5444","product","type-product","status-publish","has-post-thumbnail","hentry","product_cat-literatura-podroznicza-i-przewodniki","product_tag-beyond-meat-warszawa","product_tag-bis-ethylhexyloxyphenol-methoxyphenyl-triazine","product_tag-jak-ugotowac-komose-ryzowa","product_tag-komose","product_tag-serek-kremowy","product_tag-zestaw-do-matchy"],"_links":{"self":[{"href":"https:\/\/wegeblw.pl\/index.php\/wp-json\/wp\/v2\/product\/5444","targetHints":{"allow":["GET"]}}],"collection":[{"href":"https:\/\/wegeblw.pl\/index.php\/wp-json\/wp\/v2\/product"}],"about":[{"href":"https:\/\/wegeblw.pl\/index.php\/wp-json\/wp\/v2\/types\/product"}],"replies":[{"embeddable":true,"href":"https:\/\/wegeblw.pl\/index.php\/wp-json\/wp\/v2\/comments?post=5444"}],"wp:featuredmedia":[{"embeddable":true,"href":"https:\/\/wegeblw.pl\/index.php\/wp-json\/wp\/v2\/media\/5445"}],"wp:attachment":[{"href":"https:\/\/wegeblw.pl\/index.php\/wp-json\/wp\/v2\/media?parent=5444"}],"wp:term":[{"taxonomy":"product_cat","embeddable":true,"href":"https:\/\/wegeblw.pl\/index.php\/wp-json\/wp\/v2\/product_cat?post=5444"},{"taxonomy":"product_tag","embeddable":true,"href":"https:\/\/wegeblw.pl\/index.php\/wp-json\/wp\/v2\/product_tag?post=5444"}],"curies":[{"name":"wp","href":"https:\/\/api.w.org\/{rel}","templated":true}]}}