{"id":5446,"date":"2013-03-14T10:52:00","date_gmt":"2013-03-14T09:52:00","guid":{"rendered":"https:\/\/wegeblw.pl\/index.php\/produkt\/wielka-brytania-anglia-walia-i-szkocja-zielony-przewodnik\/"},"modified":"2026-04-10T01:46:47","modified_gmt":"2026-04-09T23:46:47","slug":"wielka-brytania-anglia-walia-i-szkocja-zielony-przewodnik","status":"publish","type":"product","link":"https:\/\/wegeblw.pl\/index.php\/produkt\/wielka-brytania-anglia-walia-i-szkocja-zielony-przewodnik\/","title":{"rendered":"Wielka Brytania, Anglia, Walia i Szkocja zielony przewodnik"},"content":{"rendered":"<p>Dzieci\u0119ce etui okularowe z motywem kurczaczka z ruchomymi oczami. Maluchy uwielbiaj\u0105 etui z tej serii!Dost\u0119pne w kolorze bia\u0142ym.Wymiary: 155 x 65 x 25 mmLiczba: 1 szt.<\/p>\n<p>Akcesoria do okular\u00f3w<\/p>\n<p>pektyna zastosowanie, only bio szampon, cukier 25kg, mas\u0142o orzechowe dla dzieci<\/p>\n<p>yyyyy<\/p>\n","protected":false},"excerpt":{"rendered":"<p>Dzieci\u0119ce etui okularowe z motywem kurczaczka z ruchomymi oczami. Maluchy uwielbiaj\u0105 etui z tej serii!Dost\u0119pne w kolorze bia\u0142ym.Wymiary: 155 x&hellip;<\/p>\n","protected":false},"featured_media":5447,"comment_status":"closed","ping_status":"open","template":"","meta":[],"product_cat":[393],"product_tag":[841,874,660,665],"class_list":["post-5446","product","type-product","status-publish","has-post-thumbnail","hentry","product_cat-literatura-podroznicza-i-przewodniki","product_tag-biolab-shop","product_tag-czym-mozna-zastapic-jogurt-naturalny","product_tag-olej-ryzowy","product_tag-weganskie-mieso"],"_links":{"self":[{"href":"https:\/\/wegeblw.pl\/index.php\/wp-json\/wp\/v2\/product\/5446","targetHints":{"allow":["GET"]}}],"collection":[{"href":"https:\/\/wegeblw.pl\/index.php\/wp-json\/wp\/v2\/product"}],"about":[{"href":"https:\/\/wegeblw.pl\/index.php\/wp-json\/wp\/v2\/types\/product"}],"replies":[{"embeddable":true,"href":"https:\/\/wegeblw.pl\/index.php\/wp-json\/wp\/v2\/comments?post=5446"}],"wp:featuredmedia":[{"embeddable":true,"href":"https:\/\/wegeblw.pl\/index.php\/wp-json\/wp\/v2\/media\/5447"}],"wp:attachment":[{"href":"https:\/\/wegeblw.pl\/index.php\/wp-json\/wp\/v2\/media?parent=5446"}],"wp:term":[{"taxonomy":"product_cat","embeddable":true,"href":"https:\/\/wegeblw.pl\/index.php\/wp-json\/wp\/v2\/product_cat?post=5446"},{"taxonomy":"product_tag","embeddable":true,"href":"https:\/\/wegeblw.pl\/index.php\/wp-json\/wp\/v2\/product_tag?post=5446"}],"curies":[{"name":"wp","href":"https:\/\/api.w.org\/{rel}","templated":true}]}}