{"id":5476,"date":"2013-07-10T04:37:59","date_gmt":"2013-07-10T02:37:59","guid":{"rendered":"https:\/\/wegeblw.pl\/index.php\/produkt\/mali-przyjaciele-puchate-zwierzatka\/"},"modified":"2026-04-21T09:37:12","modified_gmt":"2026-04-21T07:37:12","slug":"mali-przyjaciele-puchate-zwierzatka","status":"publish","type":"product","link":"https:\/\/wegeblw.pl\/index.php\/produkt\/mali-przyjaciele-puchate-zwierzatka\/","title":{"rendered":"Mali przyjaciele. Puchate zwierz\u0105tka"},"content":{"rendered":"<p>Soczewki jednodniowe MyDay, 30 szt. -0.75<\/p>\n<p>Soczewki kontaktowe<\/p>\n<p>klopsy wegetarianskie, szklanki termiczne 300 ml, curry \u017c\u00f3\u0142te, dzienna dawka b\u0142onnika, yetba mate, komosa ry\u017cowa quinoa<\/p>\n<p><a href=\"https:\/\/kamieniarski.net\/uslugi-kamieniarskie-bydgoszcz\/\">zak\u0142ad kamieniarski bydgoszcz<\/a><\/p>\n","protected":false},"excerpt":{"rendered":"<p>Soczewki jednodniowe MyDay, 30 szt. -0.75 Soczewki kontaktowe klopsy wegetarianskie, szklanki termiczne 300 ml, curry \u017c\u00f3\u0142te, dzienna dawka b\u0142onnika, yetba&hellip;<\/p>\n","protected":false},"featured_media":5477,"comment_status":"closed","ping_status":"open","template":"","meta":[],"product_cat":[386],"product_tag":[670,633,769,718],"class_list":["post-5476","product","type-product","status-publish","has-post-thumbnail","hentry","product_cat-samochody-i-motocykle","product_tag-czeslaw-lang-choroba","product_tag-maka-migdalowa","product_tag-mieso-mielone-wege","product_tag-zamiennik-jogurtu-naturalnego"],"_links":{"self":[{"href":"https:\/\/wegeblw.pl\/index.php\/wp-json\/wp\/v2\/product\/5476","targetHints":{"allow":["GET"]}}],"collection":[{"href":"https:\/\/wegeblw.pl\/index.php\/wp-json\/wp\/v2\/product"}],"about":[{"href":"https:\/\/wegeblw.pl\/index.php\/wp-json\/wp\/v2\/types\/product"}],"replies":[{"embeddable":true,"href":"https:\/\/wegeblw.pl\/index.php\/wp-json\/wp\/v2\/comments?post=5476"}],"wp:featuredmedia":[{"embeddable":true,"href":"https:\/\/wegeblw.pl\/index.php\/wp-json\/wp\/v2\/media\/5477"}],"wp:attachment":[{"href":"https:\/\/wegeblw.pl\/index.php\/wp-json\/wp\/v2\/media?parent=5476"}],"wp:term":[{"taxonomy":"product_cat","embeddable":true,"href":"https:\/\/wegeblw.pl\/index.php\/wp-json\/wp\/v2\/product_cat?post=5476"},{"taxonomy":"product_tag","embeddable":true,"href":"https:\/\/wegeblw.pl\/index.php\/wp-json\/wp\/v2\/product_tag?post=5476"}],"curies":[{"name":"wp","href":"https:\/\/api.w.org\/{rel}","templated":true}]}}