{"id":5496,"date":"2016-05-07T09:06:28","date_gmt":"2016-05-07T07:06:28","guid":{"rendered":"https:\/\/wegeblw.pl\/index.php\/produkt\/zespol-aspergera-kompletny-przewodnik\/"},"modified":"2026-04-10T07:16:57","modified_gmt":"2026-04-10T05:16:57","slug":"zespol-aspergera-kompletny-przewodnik","status":"publish","type":"product","link":"https:\/\/wegeblw.pl\/index.php\/produkt\/zespol-aspergera-kompletny-przewodnik\/","title":{"rendered":"Zesp\u00f3\u0142 Aspergera. Kompletny przewodnik"},"content":{"rendered":"<p>ETUI FUTERA\u0141 NA DZIECI\u0118CEOKULARY SC-10A<\/p>\n<p>Akcesoria do okular\u00f3w<\/p>\n<p>l theanina, sheik bananowy, chleb na proszku do pieczenia, b 50, ketchup premium, m\u0105ka razowa cena, galart, chleb orkiszowy na zakwasie<\/p>\n<p><a href=\"https:\/\/doktor-porady.pl\/\">https:\/\/doktor-porady.pl\/<\/a><\/p>\n","protected":false},"excerpt":{"rendered":"<p>ETUI FUTERA\u0141 NA DZIECI\u0118CEOKULARY SC-10A Akcesoria do okular\u00f3w l theanina, sheik bananowy, chleb na proszku do pieczenia, b 50, ketchup&hellip;<\/p>\n","protected":false},"featured_media":5497,"comment_status":"closed","ping_status":"open","template":"","meta":[],"product_cat":[376],"product_tag":[647,721,717,828],"class_list":["post-5496","product","type-product","status-publish","has-post-thumbnail","hentry","product_cat-poradniki-psychologiczne","product_tag-kurczak-bio","product_tag-naturli-margaryna","product_tag-odzywka-onlybio","product_tag-zakupy-z-dostawa-do-domu"],"_links":{"self":[{"href":"https:\/\/wegeblw.pl\/index.php\/wp-json\/wp\/v2\/product\/5496","targetHints":{"allow":["GET"]}}],"collection":[{"href":"https:\/\/wegeblw.pl\/index.php\/wp-json\/wp\/v2\/product"}],"about":[{"href":"https:\/\/wegeblw.pl\/index.php\/wp-json\/wp\/v2\/types\/product"}],"replies":[{"embeddable":true,"href":"https:\/\/wegeblw.pl\/index.php\/wp-json\/wp\/v2\/comments?post=5496"}],"wp:featuredmedia":[{"embeddable":true,"href":"https:\/\/wegeblw.pl\/index.php\/wp-json\/wp\/v2\/media\/5497"}],"wp:attachment":[{"href":"https:\/\/wegeblw.pl\/index.php\/wp-json\/wp\/v2\/media?parent=5496"}],"wp:term":[{"taxonomy":"product_cat","embeddable":true,"href":"https:\/\/wegeblw.pl\/index.php\/wp-json\/wp\/v2\/product_cat?post=5496"},{"taxonomy":"product_tag","embeddable":true,"href":"https:\/\/wegeblw.pl\/index.php\/wp-json\/wp\/v2\/product_tag?post=5496"}],"curies":[{"name":"wp","href":"https:\/\/api.w.org\/{rel}","templated":true}]}}