{"id":5506,"date":"2014-05-29T00:11:43","date_gmt":"2014-05-28T22:11:43","guid":{"rendered":"https:\/\/wegeblw.pl\/index.php\/produkt\/budowa-pojazdow-samochodowych\/"},"modified":"2026-04-07T11:42:47","modified_gmt":"2026-04-07T09:42:47","slug":"budowa-pojazdow-samochodowych","status":"publish","type":"product","link":"https:\/\/wegeblw.pl\/index.php\/produkt\/budowa-pojazdow-samochodowych\/","title":{"rendered":"Budowa pojazd\u00f3w samochodowych"},"content":{"rendered":"<p>Zdrowa \u017cywno\u015b\u0107<\/p>\n<p>r\u00f3\u017cd\u017cki smaku, prosty sklad, kurkuma ile dziennie, erytrol dla cukrzyka, rumianek przeciwwskazania, eco torba, maka jaglana gluten, czy sa\u0142ata lodowa jest zdrowa, ser parmezan<\/p>\n<p>yyyyy<\/p>\n","protected":false},"excerpt":{"rendered":"<p>Zdrowa \u017cywno\u015b\u0107 r\u00f3\u017cd\u017cki smaku, prosty sklad, kurkuma ile dziennie, erytrol dla cukrzyka, rumianek przeciwwskazania, eco torba, maka jaglana gluten, czy&hellip;<\/p>\n","protected":false},"featured_media":5507,"comment_status":"closed","ping_status":"open","template":"","meta":[],"product_cat":[386],"product_tag":[883,759,684,725,728],"class_list":["post-5506","product","type-product","status-publish","has-post-thumbnail","hentry","product_cat-samochody-i-motocykle","product_tag-ekologiczne-warzywa","product_tag-kurkuma","product_tag-kurkuma-korzen","product_tag-pasta-sezamowa-do-czego","product_tag-roslinne-mieso"],"_links":{"self":[{"href":"https:\/\/wegeblw.pl\/index.php\/wp-json\/wp\/v2\/product\/5506","targetHints":{"allow":["GET"]}}],"collection":[{"href":"https:\/\/wegeblw.pl\/index.php\/wp-json\/wp\/v2\/product"}],"about":[{"href":"https:\/\/wegeblw.pl\/index.php\/wp-json\/wp\/v2\/types\/product"}],"replies":[{"embeddable":true,"href":"https:\/\/wegeblw.pl\/index.php\/wp-json\/wp\/v2\/comments?post=5506"}],"wp:featuredmedia":[{"embeddable":true,"href":"https:\/\/wegeblw.pl\/index.php\/wp-json\/wp\/v2\/media\/5507"}],"wp:attachment":[{"href":"https:\/\/wegeblw.pl\/index.php\/wp-json\/wp\/v2\/media?parent=5506"}],"wp:term":[{"taxonomy":"product_cat","embeddable":true,"href":"https:\/\/wegeblw.pl\/index.php\/wp-json\/wp\/v2\/product_cat?post=5506"},{"taxonomy":"product_tag","embeddable":true,"href":"https:\/\/wegeblw.pl\/index.php\/wp-json\/wp\/v2\/product_tag?post=5506"}],"curies":[{"name":"wp","href":"https:\/\/api.w.org\/{rel}","templated":true}]}}