{"id":551,"date":"2020-09-05T18:10:53","date_gmt":"2020-09-05T16:10:53","guid":{"rendered":"https:\/\/wegeblw.pl\/index.php\/produkt\/alveo-grape-950ml-akuna\/"},"modified":"2026-04-09T00:18:32","modified_gmt":"2026-04-08T22:18:32","slug":"alveo-grape-950ml-akuna","status":"publish","type":"product","link":"https:\/\/wegeblw.pl\/index.php\/produkt\/alveo-grape-950ml-akuna\/","title":{"rendered":"Alveo grape 950ml akuna"},"content":{"rendered":"<p>Aqua (Water), CI 77891 (Titanium Dioxide), C15-19 Alkane, Titanium Dioxide (nano), Polyglyceryl-3 Polyricinoleate, Dibutyl Adipate, C13-15 Alkane, Butylene Glycol, Zinc Oxide (tlenek cynku), Undecane, Isododecane, Propanediol, Polyglyceryl-3 Diisostearate, Tapioca Starch (tapioka), Tridecane, CI 77492 (Iron Oxides), Hydrogenated Olive Oil Decyl Esters, Zinc PCA, Arctium Lappa Root Extract (ekstrakt z korzena \u0142opianu), Lens esculenta (Lentil) Seed Extract (ekstrakt z soczewicy), Nelumbo Nucifera Flower Extract (wyci\u0105g z kwiatu lotosu), Biotin (biotyna), Sodium Potassium Aluminum Silicate, Aluminum Hydroxide, Sodium Chloride, Stearic Acid, Magnesium Sulfate (siarczan magnezu), Sodium Myristoyl Glutamate, Disteardimonium Hectorite, Glycerin (gliceryna), Propylene Carbonate, Silica, Triethoxycaprylylsilane, Ethylhexylglycerin, Citric Acid, Nymphaea Caerulea Flower Extract (wyci\u0105g z grzybienia bia\u0142ego), Tocopherol (witamina E), Phenoxyethanol, Sodium Benzoate, Potassium Sorbate, Parfum (Fragrance), Mica, CI 77491 (Iron Oxides), CI 77499 (Iron Oxides).Pharmaceris F Mineralny dermo-fluid matuj\u0105cy SPF 30 to kosmetyk o bardzo dobrym kryciu. Dzi\u0119ki naturalnej formule z mineralnymi pigmentami pozostawia sk\u00f3r\u0119 g\u0142adk\u0105, bez efektu maski i przesuszenia. System matuj\u0105cy pochodzenia naturalnego: SeboLeptin control i ceramiczne mikrosfery SiO2 i TiO2, normalizuj\u0105 wydzielanie sebum i \u0142agodz\u0105 zaburzenia sk\u00f3ry t\u0142ustej. Mikrosfery z tapioki zmniejszaj\u0105 b\u0142yszczenie sk\u00f3ry, dzi\u0119ki absorbowaniu wydzielanego sebum. Formu\u0142a Pore-Diminish zmniejsza pory i redukuje ich widoczno\u015b\u0107. Kosmetyk dzi\u0119ki dzia\u0142aniu antybakteryjnemu zmniejsza tr\u0105dzik i minimalizuje widoczno\u015b\u0107 por\u00f3w. Dodatkowo zawarty w kosmetyku filtr SPF 30 chroni sk\u00f3r\u0119 przed powstaniem przebarwie\u0144.Podk\u0142ad niweluj\u0105cy i maskuj\u0105cy niedoskona\u0142o\u015bci sk\u00f3ry normalnej, mieszanej i t\u0142ustej, sk\u0142onnej do nadmiernego b\u0142yszczenia.Preparat r\u00f3wnomiernie rozprowadzi\u0107 na sk\u00f3rze twarzy i pozostawi\u0107 do wch\u0142oni\u0119cia.<\/p>\n<p>Dermokosmetyki<\/p>\n<p>purella shot, co na opuchni\u0119te nogi, ksylitol a karmienie piersi\u0105, m\u0105ka \u017cytnia gdzie kupi\u0107, ananas bromelaina, maka orkiszowa razowa, domowe sposoby na komary przy grillu, lisc maliny, mas\u0142o orzechowe z kawa\u0142kami orzech\u00f3w<\/p>\n<p><a href=\"https:\/\/www.proteka.com.pl\/protezy\/proteza-czesci-stopy\/\">protezy stopy<\/a><\/p>\n","protected":false},"excerpt":{"rendered":"<p>Aqua (Water), CI 77891 (Titanium Dioxide), C15-19 Alkane, Titanium Dioxide (nano), Polyglyceryl-3 Polyricinoleate, Dibutyl Adipate, C13-15 Alkane, Butylene Glycol, Zinc&hellip;<\/p>\n","protected":false},"featured_media":552,"comment_status":"closed","ping_status":"open","template":"","meta":[],"product_cat":[20],"product_tag":[644,846,745],"class_list":["post-551","product","type-product","status-publish","has-post-thumbnail","hentry","product_cat-preparaty-medycyny-naturalnej","product_tag-co-zamiast-jogurtu-naturalnego","product_tag-sekacz","product_tag-swieze-mleko"],"_links":{"self":[{"href":"https:\/\/wegeblw.pl\/index.php\/wp-json\/wp\/v2\/product\/551","targetHints":{"allow":["GET"]}}],"collection":[{"href":"https:\/\/wegeblw.pl\/index.php\/wp-json\/wp\/v2\/product"}],"about":[{"href":"https:\/\/wegeblw.pl\/index.php\/wp-json\/wp\/v2\/types\/product"}],"replies":[{"embeddable":true,"href":"https:\/\/wegeblw.pl\/index.php\/wp-json\/wp\/v2\/comments?post=551"}],"wp:featuredmedia":[{"embeddable":true,"href":"https:\/\/wegeblw.pl\/index.php\/wp-json\/wp\/v2\/media\/552"}],"wp:attachment":[{"href":"https:\/\/wegeblw.pl\/index.php\/wp-json\/wp\/v2\/media?parent=551"}],"wp:term":[{"taxonomy":"product_cat","embeddable":true,"href":"https:\/\/wegeblw.pl\/index.php\/wp-json\/wp\/v2\/product_cat?post=551"},{"taxonomy":"product_tag","embeddable":true,"href":"https:\/\/wegeblw.pl\/index.php\/wp-json\/wp\/v2\/product_tag?post=551"}],"curies":[{"name":"wp","href":"https:\/\/api.w.org\/{rel}","templated":true}]}}