{"id":5516,"date":"2022-04-12T17:51:11","date_gmt":"2022-04-12T15:51:11","guid":{"rendered":"https:\/\/wegeblw.pl\/index.php\/produkt\/the-haynes-manual-on-carburettors\/"},"modified":"2026-04-07T06:35:08","modified_gmt":"2026-04-07T04:35:08","slug":"the-haynes-manual-on-carburettors","status":"publish","type":"product","link":"https:\/\/wegeblw.pl\/index.php\/produkt\/the-haynes-manual-on-carburettors\/","title":{"rendered":"The Haynes Manual on Carburettors"},"content":{"rendered":"<p>Okulary S\u0142oneczne Burberry<\/p>\n<p>Okulary przeciws\u0142oneczne damskie<\/p>\n<p>tapoka, czosnek nied\u017awiedzi kiedy ro\u015bnie, placki dla cukrzyk\u00f3w, fasola mung cena, platki musli, kaczka polska, hunan, imbir na kaszel<\/p>\n<p>yyyyy<\/p>\n","protected":false},"excerpt":{"rendered":"<p>Okulary S\u0142oneczne Burberry Okulary przeciws\u0142oneczne damskie tapoka, czosnek nied\u017awiedzi kiedy ro\u015bnie, placki dla cukrzyk\u00f3w, fasola mung cena, platki musli, kaczka&hellip;<\/p>\n","protected":false},"featured_media":5517,"comment_status":"closed","ping_status":"open","template":"","meta":[],"product_cat":[386],"product_tag":[762,790,735,830,836],"class_list":["post-5516","product","type-product","status-publish","has-post-thumbnail","hentry","product_cat-samochody-i-motocykle","product_tag-cynamon-cejlonski","product_tag-majonez-vitapol-domowy","product_tag-na-dobranoc","product_tag-organic-24","product_tag-senkacz"],"_links":{"self":[{"href":"https:\/\/wegeblw.pl\/index.php\/wp-json\/wp\/v2\/product\/5516","targetHints":{"allow":["GET"]}}],"collection":[{"href":"https:\/\/wegeblw.pl\/index.php\/wp-json\/wp\/v2\/product"}],"about":[{"href":"https:\/\/wegeblw.pl\/index.php\/wp-json\/wp\/v2\/types\/product"}],"replies":[{"embeddable":true,"href":"https:\/\/wegeblw.pl\/index.php\/wp-json\/wp\/v2\/comments?post=5516"}],"wp:featuredmedia":[{"embeddable":true,"href":"https:\/\/wegeblw.pl\/index.php\/wp-json\/wp\/v2\/media\/5517"}],"wp:attachment":[{"href":"https:\/\/wegeblw.pl\/index.php\/wp-json\/wp\/v2\/media?parent=5516"}],"wp:term":[{"taxonomy":"product_cat","embeddable":true,"href":"https:\/\/wegeblw.pl\/index.php\/wp-json\/wp\/v2\/product_cat?post=5516"},{"taxonomy":"product_tag","embeddable":true,"href":"https:\/\/wegeblw.pl\/index.php\/wp-json\/wp\/v2\/product_tag?post=5516"}],"curies":[{"name":"wp","href":"https:\/\/api.w.org\/{rel}","templated":true}]}}