{"id":5530,"date":"2018-05-04T14:21:34","date_gmt":"2018-05-04T12:21:34","guid":{"rendered":"https:\/\/wegeblw.pl\/index.php\/produkt\/skoda-octavia-diesel-2004-2012-budowa-i-naprawa\/"},"modified":"2026-04-10T03:10:32","modified_gmt":"2026-04-10T01:10:32","slug":"skoda-octavia-diesel-2004-2012-budowa-i-naprawa","status":"publish","type":"product","link":"https:\/\/wegeblw.pl\/index.php\/produkt\/skoda-octavia-diesel-2004-2012-budowa-i-naprawa\/","title":{"rendered":"Skoda Octavia Diesel (2004-2012) Budowa I Naprawa"},"content":{"rendered":"<p>Homeopatyczny produkt leczniczy, kt\u00f3ry nie posiada wskaza\u0144 leczniczych. Lek ten mo\u017cna stosowa\u0107 w leczeniu r\u00f3\u017cnych chor\u00f3b. Ze wzgl\u0119du na szerokie zastosowanie do leku nie dodaje si\u0119 ulotki, ani informacji zwi\u0105zanych ze sposobem dawkowania.<\/p>\n<p>Homeopatia<\/p>\n<p>ashwagandha nasiona, w syropie o g\u0119sto\u015bci 1 1, wodorosty do jedzenia, w\u0142a\u015bciwo\u015bci papryki czerwonej, przyprawa do hummusu, kapusta zasmarzana, trufle belgijskie, dieta d\u0105browskiej ksi\u0105\u017cka, ocet jab\u0142kowy rano, serum do twarzy 30<\/p>\n<p>yyyyy<\/p>\n","protected":false},"excerpt":{"rendered":"<p>Homeopatyczny produkt leczniczy, kt\u00f3ry nie posiada wskaza\u0144 leczniczych. Lek ten mo\u017cna stosowa\u0107 w leczeniu r\u00f3\u017cnych chor\u00f3b. Ze wzgl\u0119du na szerokie&hellip;<\/p>\n","protected":false},"featured_media":5531,"comment_status":"closed","ping_status":"open","template":"","meta":[],"product_cat":[386],"product_tag":[673,843,675,875,797,842],"class_list":["post-5530","product","type-product","status-publish","has-post-thumbnail","hentry","product_cat-samochody-i-motocykle","product_tag-bomba","product_tag-jak-gotowac-komose-ryzowa","product_tag-limonki","product_tag-miechunka-suszona","product_tag-organic-farma-zdrowia","product_tag-weganskie-slodycze"],"_links":{"self":[{"href":"https:\/\/wegeblw.pl\/index.php\/wp-json\/wp\/v2\/product\/5530","targetHints":{"allow":["GET"]}}],"collection":[{"href":"https:\/\/wegeblw.pl\/index.php\/wp-json\/wp\/v2\/product"}],"about":[{"href":"https:\/\/wegeblw.pl\/index.php\/wp-json\/wp\/v2\/types\/product"}],"replies":[{"embeddable":true,"href":"https:\/\/wegeblw.pl\/index.php\/wp-json\/wp\/v2\/comments?post=5530"}],"wp:featuredmedia":[{"embeddable":true,"href":"https:\/\/wegeblw.pl\/index.php\/wp-json\/wp\/v2\/media\/5531"}],"wp:attachment":[{"href":"https:\/\/wegeblw.pl\/index.php\/wp-json\/wp\/v2\/media?parent=5530"}],"wp:term":[{"taxonomy":"product_cat","embeddable":true,"href":"https:\/\/wegeblw.pl\/index.php\/wp-json\/wp\/v2\/product_cat?post=5530"},{"taxonomy":"product_tag","embeddable":true,"href":"https:\/\/wegeblw.pl\/index.php\/wp-json\/wp\/v2\/product_tag?post=5530"}],"curies":[{"name":"wp","href":"https:\/\/api.w.org\/{rel}","templated":true}]}}