{"id":5540,"date":"2014-07-27T05:16:07","date_gmt":"2014-07-27T03:16:07","guid":{"rendered":"https:\/\/wegeblw.pl\/index.php\/produkt\/soczewki-kontaktowe-praktyczny-przewodnik-wlasciwego-dopasowywania\/"},"modified":"2026-04-06T23:49:34","modified_gmt":"2026-04-06T21:49:34","slug":"soczewki-kontaktowe-praktyczny-przewodnik-wlasciwego-dopasowywania","status":"publish","type":"product","link":"https:\/\/wegeblw.pl\/index.php\/produkt\/soczewki-kontaktowe-praktyczny-przewodnik-wlasciwego-dopasowywania\/","title":{"rendered":"Soczewki kontaktowe. Praktyczny przewodnik w\u0142a\u015bciwego dopasowywania"},"content":{"rendered":"<p>Suplement diety Panawit Witamina D3 4000 jest przeznaczony do stosowania jako uzupe\u0142nienie codziennej diety m\u0142odziez\u0307y, oso\u0301b doros\u0142ych i starszychz nadmierna\u0328 masa\u0328 cia\u0142a.Witamina D zawarta w suplemencie diety Panawit Witamina D3 4000:pomaga w utrzymaniu zdrowych kos\u0301ci i ze\u0328bo\u0301w,bierze udzia\u0142 w prawid\u0142owym wch\u0142anianiu i wykorzystaniu wapnia i fosforu oraz utrzymaniu prawid\u0142owego ste\u0328z\u0307enia wapnia we krwi,uczestniczy w procesie podzia\u0142u komo\u0301rek,wspomaga prawid\u0142owe funkcjonowanie uk\u0142adu odpornos\u0301ciowego.Wysoka dawka witaminy D3 w jednej kapsu\u0142ce.Suplement diety60 Kapsu\u0142ekw opakowaniu1 Kapsu\u0142kadziennieSk\u0142ad zalecanej dziennej porcji:Sk\u0142adnik aktywny1 kapsu\u0142ceWitamina D 100 \u03bcg (2000% RWS*)* RWS \u2013 Referencyjne Warto\u015bci Spo\u017cycia*\u201e100 \u03bcg witaminy d = 4000 j.m \u2013 jednostek mie\u0328dzynarodowych\u201dSk\u0142adniki: rafinowany olej lniany, \u017celatyna, substancja utrzymuj\u0105ca wilgo\u0107 \u2013 glicerol, woda, cholekalcyferol (witamina D3).<\/p>\n<p>Minera\u0142y i witaminy<\/p>\n<p>eko bio organic centrum, liofilizowane banany, wish witamina d3, kawa z mniszka, pektyna do d\u017cemu, balviten mix for bread, ph 9, syrop z melisy, zastosowanie octu, maca bio, bia\u0142ko ostrovit<\/p>\n<p>yyyyy<\/p>\n","protected":false},"excerpt":{"rendered":"<p>Suplement diety Panawit Witamina D3 4000 jest przeznaczony do stosowania jako uzupe\u0142nienie codziennej diety m\u0142odziez\u0307y, oso\u0301b doros\u0142ych i starszychz nadmierna\u0328&hellip;<\/p>\n","protected":false},"featured_media":5541,"comment_status":"closed","ping_status":"open","template":"","meta":[],"product_cat":[380],"product_tag":[692,809,685,756,622],"class_list":["post-5540","product","type-product","status-publish","has-post-thumbnail","hentry","product_cat-nauki-medyczne","product_tag-jelito-drazliwe","product_tag-produkty-bez-cukru","product_tag-sekacz-skad-pochodzi","product_tag-sklep-ekologiczny-warszawa","product_tag-vege-mieso"],"_links":{"self":[{"href":"https:\/\/wegeblw.pl\/index.php\/wp-json\/wp\/v2\/product\/5540","targetHints":{"allow":["GET"]}}],"collection":[{"href":"https:\/\/wegeblw.pl\/index.php\/wp-json\/wp\/v2\/product"}],"about":[{"href":"https:\/\/wegeblw.pl\/index.php\/wp-json\/wp\/v2\/types\/product"}],"replies":[{"embeddable":true,"href":"https:\/\/wegeblw.pl\/index.php\/wp-json\/wp\/v2\/comments?post=5540"}],"wp:featuredmedia":[{"embeddable":true,"href":"https:\/\/wegeblw.pl\/index.php\/wp-json\/wp\/v2\/media\/5541"}],"wp:attachment":[{"href":"https:\/\/wegeblw.pl\/index.php\/wp-json\/wp\/v2\/media?parent=5540"}],"wp:term":[{"taxonomy":"product_cat","embeddable":true,"href":"https:\/\/wegeblw.pl\/index.php\/wp-json\/wp\/v2\/product_cat?post=5540"},{"taxonomy":"product_tag","embeddable":true,"href":"https:\/\/wegeblw.pl\/index.php\/wp-json\/wp\/v2\/product_tag?post=5540"}],"curies":[{"name":"wp","href":"https:\/\/api.w.org\/{rel}","templated":true}]}}