{"id":5554,"date":"2019-03-23T18:23:46","date_gmt":"2019-03-23T17:23:46","guid":{"rendered":"https:\/\/wegeblw.pl\/index.php\/produkt\/mapa-turystyczna-pogorze-roznowskie-w-2022\/"},"modified":"2026-04-10T00:09:24","modified_gmt":"2026-04-09T22:09:24","slug":"mapa-turystyczna-pogorze-roznowskie-w-2022","status":"publish","type":"product","link":"https:\/\/wegeblw.pl\/index.php\/produkt\/mapa-turystyczna-pogorze-roznowskie-w-2022\/","title":{"rendered":"Mapa turystyczna &#8211; Pog\u00f3rze Ro\u017cnowskie w.2022"},"content":{"rendered":"<p>Kremy do twarzy<\/p>\n<p>dieta \u017co\u0142\u0105dkowa co mo\u017cna je\u015b\u0107, czosnek czarny, kuchnia w stylu meksyka\u0144skim, olej rafinowany a nierafinowany, adek aliness, moringa bio, czy mleko kokosowe mo\u017cna gotowa\u0107, healthlabs kod rabatowy, jak zrobi\u0107 kiszonki z warzyw, herbata z czerwonej koniczyny, m\u0105ka migda\u0142owa lidl cena, d3+k2mk7, lipid cell ceneo, parmezan ser, pra\u017cone ziarno kukurydzy, orzechy nerkowca wlasciwosci, ry\u017c z czym, zio\u0142a na sen i uspokojenie<\/p>\n<p><a href=\"https:\/\/www.digitent.pl\/lezaki-reklamowe\">https:\/\/www.digitent.pl\/lezaki-reklamowe<\/a><\/p>\n","protected":false},"excerpt":{"rendered":"<p>Kremy do twarzy dieta \u017co\u0142\u0105dkowa co mo\u017cna je\u015b\u0107, czosnek czarny, kuchnia w stylu meksyka\u0144skim, olej rafinowany a nierafinowany, adek aliness,&hellip;<\/p>\n","protected":false},"featured_media":5555,"comment_status":"closed","ping_status":"open","template":"","meta":[],"product_cat":[393],"product_tag":[800,775,666,709,870,807,881],"class_list":["post-5554","product","type-product","status-publish","has-post-thumbnail","hentry","product_cat-literatura-podroznicza-i-przewodniki","product_tag-isolabio","product_tag-kwasna-smietana","product_tag-lody-haagen-dazs","product_tag-maka-orkiszowa-zastosowanie","product_tag-oliwa-z-oliwek","product_tag-siemie-lniane-na-co-pomaga","product_tag-sok-z-brzozy-cena"],"_links":{"self":[{"href":"https:\/\/wegeblw.pl\/index.php\/wp-json\/wp\/v2\/product\/5554","targetHints":{"allow":["GET"]}}],"collection":[{"href":"https:\/\/wegeblw.pl\/index.php\/wp-json\/wp\/v2\/product"}],"about":[{"href":"https:\/\/wegeblw.pl\/index.php\/wp-json\/wp\/v2\/types\/product"}],"replies":[{"embeddable":true,"href":"https:\/\/wegeblw.pl\/index.php\/wp-json\/wp\/v2\/comments?post=5554"}],"wp:featuredmedia":[{"embeddable":true,"href":"https:\/\/wegeblw.pl\/index.php\/wp-json\/wp\/v2\/media\/5555"}],"wp:attachment":[{"href":"https:\/\/wegeblw.pl\/index.php\/wp-json\/wp\/v2\/media?parent=5554"}],"wp:term":[{"taxonomy":"product_cat","embeddable":true,"href":"https:\/\/wegeblw.pl\/index.php\/wp-json\/wp\/v2\/product_cat?post=5554"},{"taxonomy":"product_tag","embeddable":true,"href":"https:\/\/wegeblw.pl\/index.php\/wp-json\/wp\/v2\/product_tag?post=5554"}],"curies":[{"name":"wp","href":"https:\/\/api.w.org\/{rel}","templated":true}]}}