{"id":5566,"date":"2023-10-14T13:26:07","date_gmt":"2023-10-14T11:26:07","guid":{"rendered":"https:\/\/wegeblw.pl\/?post_type=product&#038;p=5566"},"modified":"2026-04-08T07:27:56","modified_gmt":"2026-04-08T05:27:56","slug":"bog-nigdy-nie-mruga-50-lekcji-na-trudniejsze-chwile-w-zyciu","status":"publish","type":"product","link":"https:\/\/wegeblw.pl\/index.php\/produkt\/bog-nigdy-nie-mruga-50-lekcji-na-trudniejsze-chwile-w-zyciu\/","title":{"rendered":"B\u00f3g nigdy nie mruga. 50 lekcji na trudniejsze chwile w \u017cyciu"},"content":{"rendered":"<p>Suplementy na odchudzanie<\/p>\n<p>mleka ro\u015blinne, tortilla pszenna, babalski sklep, zepsuty ocet jab\u0142kowy, chrupki pizza, kostki roso\u0142owe bio<\/p>\n<p>yyyyy<\/p>\n","protected":false},"excerpt":{"rendered":"<p>Suplementy na odchudzanie mleka ro\u015blinne, tortilla pszenna, babalski sklep, zepsuty ocet jab\u0142kowy, chrupki pizza, kostki roso\u0142owe bio yyyyy<\/p>\n","protected":false},"featured_media":5567,"comment_status":"closed","ping_status":"open","template":"","meta":[],"product_cat":[376],"product_tag":[841,834,847,629,875,761],"class_list":["post-5566","product","type-product","status-publish","has-post-thumbnail","hentry","product_cat-poradniki-psychologiczne","product_tag-biolab-shop","product_tag-biosaurus","product_tag-czym-zastapic-nabial","product_tag-maka-z-ciecierzycy","product_tag-miechunka-suszona","product_tag-sklep-ze-zdrowa-zywnoscia-warszawa"],"_links":{"self":[{"href":"https:\/\/wegeblw.pl\/index.php\/wp-json\/wp\/v2\/product\/5566","targetHints":{"allow":["GET"]}}],"collection":[{"href":"https:\/\/wegeblw.pl\/index.php\/wp-json\/wp\/v2\/product"}],"about":[{"href":"https:\/\/wegeblw.pl\/index.php\/wp-json\/wp\/v2\/types\/product"}],"replies":[{"embeddable":true,"href":"https:\/\/wegeblw.pl\/index.php\/wp-json\/wp\/v2\/comments?post=5566"}],"wp:featuredmedia":[{"embeddable":true,"href":"https:\/\/wegeblw.pl\/index.php\/wp-json\/wp\/v2\/media\/5567"}],"wp:attachment":[{"href":"https:\/\/wegeblw.pl\/index.php\/wp-json\/wp\/v2\/media?parent=5566"}],"wp:term":[{"taxonomy":"product_cat","embeddable":true,"href":"https:\/\/wegeblw.pl\/index.php\/wp-json\/wp\/v2\/product_cat?post=5566"},{"taxonomy":"product_tag","embeddable":true,"href":"https:\/\/wegeblw.pl\/index.php\/wp-json\/wp\/v2\/product_tag?post=5566"}],"curies":[{"name":"wp","href":"https:\/\/api.w.org\/{rel}","templated":true}]}}