{"id":5572,"date":"2016-10-25T02:28:03","date_gmt":"2016-10-25T00:28:03","guid":{"rendered":"https:\/\/wegeblw.pl\/index.php\/produkt\/sztuka-szczescia-wyd-2022\/"},"modified":"2026-04-07T04:36:25","modified_gmt":"2026-04-07T02:36:25","slug":"sztuka-szczescia-wyd-2022","status":"publish","type":"product","link":"https:\/\/wegeblw.pl\/index.php\/produkt\/sztuka-szczescia-wyd-2022\/","title":{"rendered":"Sztuka szcz\u0119\u015bcia wyd. 2022"},"content":{"rendered":"<p>Eobuwie.pl to sklep internetowy z najwi\u0119kszym asortymentem obuwia oraz akcesori\u00f3w. W swojej ofercie posiada niemal 80 tysi\u0119cy modeli od prawie 500 marek. Gwarantuje bezp\u0142atn\u0105 dostaw\u0119 do klienta oraz do 26 sklep\u00f3w stacjonarnych, a tak\u017ce darmowy i prosty zwrot do 30 dni od daty otrzymania przesy\u0142ki. Eobuwie.pl oferuje tak\u017ce innowacyjn\u0105 us\u0142ug\u0119 esize.me, kt\u00f3ra, dzi\u0119ki skanerowi 3D, umo\u017cliwia idealne dopasowanie obuwia bez mierzenia.<\/p>\n<p>Trampki m\u0119skie<\/p>\n<p>mleko owsiane inka lidl, deser gruszka, czosnek czarny, dere\u0144 jadalny przepisy, syrop do wody bez cukru, henna mehandi, epsom sol, orzechy w\u0142oskie mielone lidl, przyprawy do grza\u0144ca, pro aktiv, biolaven od\u017cywka do w\u0142os\u00f3w, kawa z konopii<\/p>\n<p>yyyyy<\/p>\n","protected":false},"excerpt":{"rendered":"<p>Eobuwie.pl to sklep internetowy z najwi\u0119kszym asortymentem obuwia oraz akcesori\u00f3w. W swojej ofercie posiada niemal 80 tysi\u0119cy modeli od prawie&hellip;<\/p>\n","protected":false},"featured_media":5573,"comment_status":"closed","ping_status":"open","template":"","meta":[],"product_cat":[376],"product_tag":[737,763,660,732],"class_list":["post-5572","product","type-product","status-publish","has-post-thumbnail","hentry","product_cat-poradniki-psychologiczne","product_tag-jablka-jonaprince","product_tag-jak-spozywac-kurkume-leczniczo","product_tag-olej-ryzowy","product_tag-produkty-bez-laktozy"],"_links":{"self":[{"href":"https:\/\/wegeblw.pl\/index.php\/wp-json\/wp\/v2\/product\/5572","targetHints":{"allow":["GET"]}}],"collection":[{"href":"https:\/\/wegeblw.pl\/index.php\/wp-json\/wp\/v2\/product"}],"about":[{"href":"https:\/\/wegeblw.pl\/index.php\/wp-json\/wp\/v2\/types\/product"}],"replies":[{"embeddable":true,"href":"https:\/\/wegeblw.pl\/index.php\/wp-json\/wp\/v2\/comments?post=5572"}],"wp:featuredmedia":[{"embeddable":true,"href":"https:\/\/wegeblw.pl\/index.php\/wp-json\/wp\/v2\/media\/5573"}],"wp:attachment":[{"href":"https:\/\/wegeblw.pl\/index.php\/wp-json\/wp\/v2\/media?parent=5572"}],"wp:term":[{"taxonomy":"product_cat","embeddable":true,"href":"https:\/\/wegeblw.pl\/index.php\/wp-json\/wp\/v2\/product_cat?post=5572"},{"taxonomy":"product_tag","embeddable":true,"href":"https:\/\/wegeblw.pl\/index.php\/wp-json\/wp\/v2\/product_tag?post=5572"}],"curies":[{"name":"wp","href":"https:\/\/api.w.org\/{rel}","templated":true}]}}