{"id":5578,"date":"2012-11-18T14:32:00","date_gmt":"2012-11-18T13:32:00","guid":{"rendered":"https:\/\/wegeblw.pl\/index.php\/produkt\/wider-world-second-edition-3-students-book-ebook-with-app\/"},"modified":"2026-04-07T05:01:57","modified_gmt":"2026-04-07T03:01:57","slug":"wider-world-second-edition-3-students-book-ebook-with-app","status":"publish","type":"product","link":"https:\/\/wegeblw.pl\/index.php\/produkt\/wider-world-second-edition-3-students-book-ebook-with-app\/","title":{"rendered":"Wider World. Second Edition 3. Student&#8217;s Book + eBook with App"},"content":{"rendered":"<p>Urz\u0105dzenie posiada unikaln\u0105 funkcjonalno\u015b\u0107 \u2013 2 w 1: inhalator i aspirator do nosa. Inhalator umo\u017cliwia leczenie zaburze\u0144 uk\u0142adu oddechowego, za\u015b aspirator do nosa delikatnie usuwa \u015bluz z jam nosowych, u\u0142atwiaj\u0105c tym samym oddychanie.Przeznaczony jest dla dzieci w wieku od 1 miesi\u0105ca i dla doros\u0142ych, kt\u00f3rzy cierpi\u0105 z powodu schorze\u0144 g\u00f3rnych dr\u00f3g oddechowych np.: zatkany nos, przezi\u0119bienie, alergia i\/lub dolnych dr\u00f3g oddechowych (takich jak: astma, zapalenie oskrzeli). Pozwala na to zmiana pokrywek zestawu do inhalacji.Cechy urz\u0105dzenia:Wielko\u015b\u0107 cz\u0105stki: MMAD = Pokrywka zielona \u201eG\u00f3rne drogi oddechowe\u201d: oko\u0142o 9,0 \u00b5m, Pokrywka niebieska \u201eDolne drogi oddechowe\u201d: oko\u0142o 4,0 \u00b5m.Tempo nebulizacji: Pokrywka zielona \u201eG\u00f3rne drogi oddechowe\u201d: 0,4 ml\/min, Pokrywka niebieska \u201eDolne drogi oddechowe\u201d: 0,2 ml\/min.Pojemno\u015b\u0107 zbiornika na lek: maks. 12 ml. W\u0142a\u015bciwe ilo\u015bci leku: 1-12 ml.G\u0142o\u015bno\u015b\u0107 pracy urz\u0105dzenia: 63 dB (w odleg\u0142o\u015bci 1 metr).Masa oko\u0142o 1,7 kg (tylko kompresor).Ok. 170 (szer.) x 280 (g\u0142.) x 105,5 (wys.) mmZestaw nebulizatora: Dopuszczalna obj\u0119to\u015b\u0107 lekumin. 1 ml \u2013 max. 12 mlRozmiar cz\u0105stek (MMAD*)G\u00f3rne drogi oddechowe: ok. 9 \u03bcm Dolne drogi oddechowe: ok. 4 \u03bcmSzybko\u015b\u0107 nebulizacji (wg ubytku masy)G\u00f3rne drogi oddechowe: ok. 0,4 ml\/minDolne drogi oddechowe: ok. 0,2 ml\/minWytwarzanie aerozolu (3 ml, 1% NaF)G\u00f3rne drogi oddechowe: ok. 0,54 mlDolne drogi oddechowe: ok. 0,50 mlSzybko\u015b\u0107 wytwarzania aerozolu (1% NaF)G\u00f3rne drogi oddechowe: ok. 0,16 ml\/minDolne drogi oddechowe: ok. 0,12 ml\/minAspirator do nosa: Ci\u015bnienie ssaniaMinimalne -0,15 bar Maksymalne -0,2 barPrzep\u0142yw powietrzaok. 4 l\/minMaksymalna obj\u0119to\u015b\u0107 nape\u0142nienia komory zbiorczej 7 ml*MMAD = mediana aerodynamicznej \u015brednicy cz\u0105steczekZestaw zawiera:KompresorZestaw nebulizatoraPrzew\u00f3d powietrza (PCW, 100 cm)UstnikMask\u0119 dla doros\u0142ych (PCW)Mask\u0119 dla dzieci (PCW)Aspirator do nosaZasilacz sieciowyPOLSKA GWARANCJA, A\u017b 60 MIESI\u0118CY W SYSTEMIE DOOR TO DOOR.<\/p>\n<p>Wyposa\u017cenie medyczne<\/p>\n<p>chlorella co to jest, oliwka dla dzieci, jab\u0142czan magnezu proszek, wit b 5, jak je\u015b\u0107 chia, pelati co to, maranta trzcinowa, bia\u0142a sza\u0142wia sadzonki<\/p>\n<p>yyyyy<\/p>\n","protected":false},"excerpt":{"rendered":"<p>Urz\u0105dzenie posiada unikaln\u0105 funkcjonalno\u015b\u0107 \u2013 2 w 1: inhalator i aspirator do nosa. Inhalator umo\u017cliwia leczenie zaburze\u0144 uk\u0142adu oddechowego, za\u015b&hellip;<\/p>\n","protected":false},"featured_media":5579,"comment_status":"closed","ping_status":"open","template":"","meta":[],"product_cat":[414],"product_tag":[834,673,749,735,676],"class_list":["post-5578","product","type-product","status-publish","has-post-thumbnail","hentry","product_cat-jezyk-angielski","product_tag-biosaurus","product_tag-bomba","product_tag-cynamon-cejlonski-wlasciwosci","product_tag-na-dobranoc","product_tag-owoc-granatu-jak-jesc"],"_links":{"self":[{"href":"https:\/\/wegeblw.pl\/index.php\/wp-json\/wp\/v2\/product\/5578","targetHints":{"allow":["GET"]}}],"collection":[{"href":"https:\/\/wegeblw.pl\/index.php\/wp-json\/wp\/v2\/product"}],"about":[{"href":"https:\/\/wegeblw.pl\/index.php\/wp-json\/wp\/v2\/types\/product"}],"replies":[{"embeddable":true,"href":"https:\/\/wegeblw.pl\/index.php\/wp-json\/wp\/v2\/comments?post=5578"}],"wp:featuredmedia":[{"embeddable":true,"href":"https:\/\/wegeblw.pl\/index.php\/wp-json\/wp\/v2\/media\/5579"}],"wp:attachment":[{"href":"https:\/\/wegeblw.pl\/index.php\/wp-json\/wp\/v2\/media?parent=5578"}],"wp:term":[{"taxonomy":"product_cat","embeddable":true,"href":"https:\/\/wegeblw.pl\/index.php\/wp-json\/wp\/v2\/product_cat?post=5578"},{"taxonomy":"product_tag","embeddable":true,"href":"https:\/\/wegeblw.pl\/index.php\/wp-json\/wp\/v2\/product_tag?post=5578"}],"curies":[{"name":"wp","href":"https:\/\/api.w.org\/{rel}","templated":true}]}}