{"id":5580,"date":"2016-03-29T21:05:58","date_gmt":"2016-03-29T19:05:58","guid":{"rendered":"https:\/\/wegeblw.pl\/index.php\/produkt\/cambridge-lower-secondary-mathematics-learners-book-8-with-digital-access-1-year\/"},"modified":"2026-04-08T06:36:22","modified_gmt":"2026-04-08T04:36:22","slug":"cambridge-lower-secondary-mathematics-learners-book-8-with-digital-access-1-year","status":"publish","type":"product","link":"https:\/\/wegeblw.pl\/index.php\/produkt\/cambridge-lower-secondary-mathematics-learners-book-8-with-digital-access-1-year\/","title":{"rendered":"Cambridge Lower Secondary Mathematics Learners Book 8 with Digital Access (1 Year)"},"content":{"rendered":"<p>Thorne Iso-Phos Izolat Fosfatydyloseryny 60Vkaps<\/p>\n<p>Uk\u0142ad nerwowy i pami\u0119\u0107<\/p>\n<p>schab w plastrach, nerkowiec orzech, olej z pestek dyni t\u0142oczony na zimno, tu\u0144czyk po angielsku, acai jagody, piwo bezalkoholowe a zdrowie, any\u017c w ci\u0105\u017cy, m\u0105ka z semoliny<\/p>\n<p><a href=\"https:\/\/cudimiod.pl\/catering-dietetyczny-poznan\">https:\/\/cudimiod.pl\/catering-dietetyczny-poznan<\/a><\/p>\n","protected":false},"excerpt":{"rendered":"<p>Thorne Iso-Phos Izolat Fosfatydyloseryny 60Vkaps Uk\u0142ad nerwowy i pami\u0119\u0107 schab w plastrach, nerkowiec orzech, olej z pestek dyni t\u0142oczony na&hellip;<\/p>\n","protected":false},"featured_media":5581,"comment_status":"closed","ping_status":"open","template":"","meta":[],"product_cat":[414],"product_tag":[632,716,801],"class_list":["post-5580","product","type-product","status-publish","has-post-thumbnail","hentry","product_cat-jezyk-angielski","product_tag-komosa-ryzowa-jak-gotowac","product_tag-leckers","product_tag-warzywa-ekologiczne"],"_links":{"self":[{"href":"https:\/\/wegeblw.pl\/index.php\/wp-json\/wp\/v2\/product\/5580","targetHints":{"allow":["GET"]}}],"collection":[{"href":"https:\/\/wegeblw.pl\/index.php\/wp-json\/wp\/v2\/product"}],"about":[{"href":"https:\/\/wegeblw.pl\/index.php\/wp-json\/wp\/v2\/types\/product"}],"replies":[{"embeddable":true,"href":"https:\/\/wegeblw.pl\/index.php\/wp-json\/wp\/v2\/comments?post=5580"}],"wp:featuredmedia":[{"embeddable":true,"href":"https:\/\/wegeblw.pl\/index.php\/wp-json\/wp\/v2\/media\/5581"}],"wp:attachment":[{"href":"https:\/\/wegeblw.pl\/index.php\/wp-json\/wp\/v2\/media?parent=5580"}],"wp:term":[{"taxonomy":"product_cat","embeddable":true,"href":"https:\/\/wegeblw.pl\/index.php\/wp-json\/wp\/v2\/product_cat?post=5580"},{"taxonomy":"product_tag","embeddable":true,"href":"https:\/\/wegeblw.pl\/index.php\/wp-json\/wp\/v2\/product_tag?post=5580"}],"curies":[{"name":"wp","href":"https:\/\/api.w.org\/{rel}","templated":true}]}}