{"id":5586,"date":"2018-07-06T22:52:54","date_gmt":"2018-07-06T20:52:54","guid":{"rendered":"https:\/\/wegeblw.pl\/index.php\/produkt\/eco-drive-alternative-antriebssysteme-konzepte-techniken-perspektiven\/"},"modified":"2026-04-08T07:32:30","modified_gmt":"2026-04-08T05:32:30","slug":"eco-drive-alternative-antriebssysteme-konzepte-techniken-perspektiven","status":"publish","type":"product","link":"https:\/\/wegeblw.pl\/index.php\/produkt\/eco-drive-alternative-antriebssysteme-konzepte-techniken-perspektiven\/","title":{"rendered":"Eco Drive &#8211; Alternative Antriebssysteme &#8211; Konzepte &#8211; Techniken &#8211; Perspektiven"},"content":{"rendered":"<p>Wyci\u0105g ostropestu 190mg karczoch 100 kaps. Aliness<\/p>\n<p>Pozosta\u0142e preparaty dla sportowc\u00f3w<\/p>\n<p>zinc forte, bajgiel, zamiennik jajka, zupa tajska ostra, macerat z marchwi, jod krystaliczny, olejki relaksacyjne, mleko na keto, fasola czerwona puszka, bataty czy ziemniaki<\/p>\n<p>yyyyy<\/p>\n","protected":false},"excerpt":{"rendered":"<p>Wyci\u0105g ostropestu 190mg karczoch 100 kaps. Aliness Pozosta\u0142e preparaty dla sportowc\u00f3w zinc forte, bajgiel, zamiennik jajka, zupa tajska ostra, macerat&hellip;<\/p>\n","protected":false},"featured_media":5587,"comment_status":"closed","ping_status":"open","template":"","meta":[],"product_cat":[386],"product_tag":[653,747,722,846,743,665,828],"class_list":["post-5586","product","type-product","status-publish","has-post-thumbnail","hentry","product_cat-samochody-i-motocykle","product_tag-beyond-burger","product_tag-guma-guar-co-to","product_tag-kurkuma-ile-dziennie","product_tag-sekacz","product_tag-siemie-lniane","product_tag-weganskie-mieso","product_tag-zakupy-z-dostawa-do-domu"],"_links":{"self":[{"href":"https:\/\/wegeblw.pl\/index.php\/wp-json\/wp\/v2\/product\/5586","targetHints":{"allow":["GET"]}}],"collection":[{"href":"https:\/\/wegeblw.pl\/index.php\/wp-json\/wp\/v2\/product"}],"about":[{"href":"https:\/\/wegeblw.pl\/index.php\/wp-json\/wp\/v2\/types\/product"}],"replies":[{"embeddable":true,"href":"https:\/\/wegeblw.pl\/index.php\/wp-json\/wp\/v2\/comments?post=5586"}],"wp:featuredmedia":[{"embeddable":true,"href":"https:\/\/wegeblw.pl\/index.php\/wp-json\/wp\/v2\/media\/5587"}],"wp:attachment":[{"href":"https:\/\/wegeblw.pl\/index.php\/wp-json\/wp\/v2\/media?parent=5586"}],"wp:term":[{"taxonomy":"product_cat","embeddable":true,"href":"https:\/\/wegeblw.pl\/index.php\/wp-json\/wp\/v2\/product_cat?post=5586"},{"taxonomy":"product_tag","embeddable":true,"href":"https:\/\/wegeblw.pl\/index.php\/wp-json\/wp\/v2\/product_tag?post=5586"}],"curies":[{"name":"wp","href":"https:\/\/api.w.org\/{rel}","templated":true}]}}