{"id":5612,"date":"2016-12-28T21:17:38","date_gmt":"2016-12-28T20:17:38","guid":{"rendered":"https:\/\/wegeblw.pl\/index.php\/produkt\/od-ziarna-do-miecza-minecraft-pamietnik-8-bitowego-wojownika-tom-2\/"},"modified":"2026-04-08T07:16:56","modified_gmt":"2026-04-08T05:16:56","slug":"od-ziarna-do-miecza-minecraft-pamietnik-8-bitowego-wojownika-tom-2","status":"publish","type":"product","link":"https:\/\/wegeblw.pl\/index.php\/produkt\/od-ziarna-do-miecza-minecraft-pamietnik-8-bitowego-wojownika-tom-2\/","title":{"rendered":"Od ziarna do miecza. Minecraft. Pami\u0119tnik 8-bitowego wojownika. Tom 2"},"content":{"rendered":"<p>Oprawy okularowe Burberry<\/p>\n<p>Okulary oprawki i szk\u0142a<\/p>\n<p>kurczak z ry\u017cem w sosie s\u0142odko-kwa\u015bnym, olej kokosowy nierafinowany lidl, farba do w\u0142os\u00f3w jasny br\u0105z, \u017cywno\u015b\u0107 dla dzieci, jak sprawdzi\u0107 za pomoc\u0105 papierka lakmusowego wody p\u0142odowe, galaretka przezroczysta biedronka, bezkofeinowa kawa ziarnista, platki sniadaniowe, siemi\u0119 lniane na odchudzanie &#8211; forum, szybk\u0105 regeneracja w\u0105troby, jaja ekologiczne cena, bu\u0142ki razowe \u017cytnie, hydrolat oczarowy, b\u0142onnik warzywa, witamina za darmo.pl formularz, tabletki na oczyszczenie w\u0105troby<\/p>\n<p><a href=\"https:\/\/ktclinic.pl\/czy-warto-stosowac-stymulatory-tkankowe\/\">stymulatory tkankowe bydgoszcz<\/a><\/p>\n","protected":false},"excerpt":{"rendered":"<p>Oprawy okularowe Burberry Okulary oprawki i szk\u0142a kurczak z ry\u017cem w sosie s\u0142odko-kwa\u015bnym, olej kokosowy nierafinowany lidl, farba do w\u0142os\u00f3w&hellip;<\/p>\n","protected":false},"featured_media":5613,"comment_status":"closed","ping_status":"open","template":"","meta":[],"product_cat":[374],"product_tag":[682,855,783,879],"class_list":["post-5612","product","type-product","status-publish","has-post-thumbnail","hentry","product_cat-zdrowie-i-diety","product_tag-food-organic-store","product_tag-kozie-mleko","product_tag-majonez-vita-pol","product_tag-makaron-konjak"],"_links":{"self":[{"href":"https:\/\/wegeblw.pl\/index.php\/wp-json\/wp\/v2\/product\/5612","targetHints":{"allow":["GET"]}}],"collection":[{"href":"https:\/\/wegeblw.pl\/index.php\/wp-json\/wp\/v2\/product"}],"about":[{"href":"https:\/\/wegeblw.pl\/index.php\/wp-json\/wp\/v2\/types\/product"}],"replies":[{"embeddable":true,"href":"https:\/\/wegeblw.pl\/index.php\/wp-json\/wp\/v2\/comments?post=5612"}],"wp:featuredmedia":[{"embeddable":true,"href":"https:\/\/wegeblw.pl\/index.php\/wp-json\/wp\/v2\/media\/5613"}],"wp:attachment":[{"href":"https:\/\/wegeblw.pl\/index.php\/wp-json\/wp\/v2\/media?parent=5612"}],"wp:term":[{"taxonomy":"product_cat","embeddable":true,"href":"https:\/\/wegeblw.pl\/index.php\/wp-json\/wp\/v2\/product_cat?post=5612"},{"taxonomy":"product_tag","embeddable":true,"href":"https:\/\/wegeblw.pl\/index.php\/wp-json\/wp\/v2\/product_tag?post=5612"}],"curies":[{"name":"wp","href":"https:\/\/api.w.org\/{rel}","templated":true}]}}