{"id":5616,"date":"2020-10-04T20:05:06","date_gmt":"2020-10-04T18:05:06","guid":{"rendered":"https:\/\/wegeblw.pl\/index.php\/produkt\/przeciwko-sainte-beuveowi-w-2\/"},"modified":"2026-04-07T02:53:29","modified_gmt":"2026-04-07T00:53:29","slug":"przeciwko-sainte-beuveowi-w-2","status":"publish","type":"product","link":"https:\/\/wegeblw.pl\/index.php\/produkt\/przeciwko-sainte-beuveowi-w-2\/","title":{"rendered":"Przeciwko Sainte-Beuve&#8217;owi w.2"},"content":{"rendered":"<p>Z delikatn\u0105 fioletow\u0105 piank\u0105.\u0141agodna formu\u0142a z pantenolem delikatnie myje i piel\u0119gnuje.Neutralny poziom pH.Bez mikroplastik\u00f3w.Bez dodatku oleju mineralnego i silikon\u00f3w.Testowana dermatologicznie kompatybilno\u015b\u0107 ze sk\u00f3r\u0105.<\/p>\n<p>Kosmetyki dla dzieci i niemowl\u0105t<\/p>\n<p>zainwestuj w amazon, przepisy na diete keto, uzdrovisco rokitnik, ile kosztuje witamina d3, ktzem, quinoa jak gotowa\u0107, bezalkoholowy szampan, czy kasza jaglana ma gluten, woda alkaliczna java na co pomaga, olej z\u0142odziei, imbir mielony, woda w proszku, co mo\u017cna je\u015b\u0107 na diecie bezglutenowej, musztardy rodzaje, olej kokosowy rafinowany czy nierafinowany, s\u00f3l do m\u0142ynka, bio 7 max, wywiad lekarski inaczej, uprawa kakao, holika holika aloe soothing essence spf 50<\/p>\n<p>yyyyy<\/p>\n","protected":false},"excerpt":{"rendered":"<p>Z delikatn\u0105 fioletow\u0105 piank\u0105.\u0141agodna formu\u0142a z pantenolem delikatnie myje i piel\u0119gnuje.Neutralny poziom pH.Bez mikroplastik\u00f3w.Bez dodatku oleju mineralnego i silikon\u00f3w.Testowana dermatologicznie&hellip;<\/p>\n","protected":false},"featured_media":5617,"comment_status":"closed","ping_status":"open","template":"","meta":[],"product_cat":[387],"product_tag":[658,826,687],"class_list":["post-5616","product","type-product","status-publish","has-post-thumbnail","hentry","product_cat-powiesci-i-opowiadania","product_tag-beyond-meat-polska","product_tag-olej-kokosowy-rafinowany","product_tag-produkty-bez-bialka"],"_links":{"self":[{"href":"https:\/\/wegeblw.pl\/index.php\/wp-json\/wp\/v2\/product\/5616","targetHints":{"allow":["GET"]}}],"collection":[{"href":"https:\/\/wegeblw.pl\/index.php\/wp-json\/wp\/v2\/product"}],"about":[{"href":"https:\/\/wegeblw.pl\/index.php\/wp-json\/wp\/v2\/types\/product"}],"replies":[{"embeddable":true,"href":"https:\/\/wegeblw.pl\/index.php\/wp-json\/wp\/v2\/comments?post=5616"}],"wp:featuredmedia":[{"embeddable":true,"href":"https:\/\/wegeblw.pl\/index.php\/wp-json\/wp\/v2\/media\/5617"}],"wp:attachment":[{"href":"https:\/\/wegeblw.pl\/index.php\/wp-json\/wp\/v2\/media?parent=5616"}],"wp:term":[{"taxonomy":"product_cat","embeddable":true,"href":"https:\/\/wegeblw.pl\/index.php\/wp-json\/wp\/v2\/product_cat?post=5616"},{"taxonomy":"product_tag","embeddable":true,"href":"https:\/\/wegeblw.pl\/index.php\/wp-json\/wp\/v2\/product_tag?post=5616"}],"curies":[{"name":"wp","href":"https:\/\/api.w.org\/{rel}","templated":true}]}}