{"id":5618,"date":"2020-07-24T03:18:45","date_gmt":"2020-07-24T01:18:45","guid":{"rendered":"https:\/\/wegeblw.pl\/index.php\/produkt\/szybki-kurs-koncowek-penelopa\/"},"modified":"2026-04-07T02:53:53","modified_gmt":"2026-04-07T00:53:53","slug":"szybki-kurs-koncowek-penelopa","status":"publish","type":"product","link":"https:\/\/wegeblw.pl\/index.php\/produkt\/szybki-kurs-koncowek-penelopa\/","title":{"rendered":"Szybki kurs ko\u0144c\u00f3wek PENELOPA"},"content":{"rendered":"<p>Kompletna dieta wysokoenergetyczna, bogata w bia\u0142ko oraz kwasy t\u0142uszczowe jednonienasycone, przeznaczona do \u017cywienia drog\u0105 doustn\u0105. Zawiera b\u0142onnik, cukier oraz substancje s\u0142odz\u0105ce. Zmodyfikowana pod wzgl\u0119dem zawarto\u015bci w\u0119glowodan\u00f3w, o niskim indeksie glikemicznym w celu lepszej kontroli poziomu glukozy we krwi. Nie zawiera glutenu, klinicznie wolna od laktozy, o niskiej zawarto\u015bci sodu oraz cholesterolu.Zastosowanie: do post\u0119powania dietetycznego u os\u00f3b zagro\u017conych niedo\u017cywieniem lub niedo\u017cywionych, w szczeg\u00f3lno\u015bci z zaburzeniami metabolizmu glukozy.Zalecane spo\u017cycie: powinno by\u0107 ustalane przez personel medyczny w zale\u017cno\u015bci od indywidualnego zapotrzebowania pacjenta. Zalecane podawanie w \u017cywieniu uzupe\u0142niaj\u0105cym: 2-3 butelki (600-900kcal) \/na dob\u0119 lub ca\u0142kowitym: 5 butelek (1500kcal) \/na dob\u0119.Sk\u0142adniki: woda, bia\u0142ko mleka, skrobia modyfikowana, oleje ro\u015blinne (olej rzepakowy, olej s\u0142onecznikowy), maltodekstryna, fruktoza, tr\u00f3jglicerydy o \u015bredniej d\u0142ugo\u015bci \u0142a\u0144cucha (MCT) aromaty, cytrynian potasu, olej rybny, emulgatory (E 471, lecytyna sojowa), chlorek sodu, wodorowinian choliny, regulator kwasowo\u015bci (E 524), witamina C, substancje s\u0142odz\u0105ce, (E 952, E 954), tlenek magnezu, pirofosforan \u017celaza, siarczan cynku, niacyna, witamina E, kwas pantotenowy, chlorek manganu, siarczan miedzi, witamina B2, witamina B1, witamina B6, fluorek sodu, beta-karoten, witamina A, kwas foliowy, chlorek chromu, molibdenian sodu, jodek potasu, selenin sodu, witamina K, biotyna, witamina D3, witamina B12.100ml produktu zawiera:- warto\u015b\u0107 energetyczna 639kJ\/150kcal- t\u0142uszcz 7,0g (w tym kwasy t\u0142uszczowe nasycone 1,7g; w tym MCT 1,2g; w tym kwasy t\u0142uszczowe jednonienasycone 3,8g; w tym kwasy wielonienasycone 1,5g; w tym EPA + DHA; w tym cholesterol &lt;6mg), w\u0119glowodany 13,1g (w tym skrobia 5,3g; w tym cukry 2,5g; w tym fruktoza 1,9g; w tym laktoza &lt;0,5), b\u0142onnik 2,0g, bia\u0142ko 7,5g, s\u00f3l 0,16g; woda 79ml, osmoralno\u015b\u0107 350 mosmol\/l,- witamina A 120mcg, beta-karoten 300mcg, witamina D3 2 mcg, witamina E 3mg, witamina K1 16,7mcg, witamina B1 0,23mg, witamina B2 0,32mg, niacyna 3mg, witamina B6 0,33mg, witamina B12 0,6mcg, kwas pantotenowy 1,2mg, biotyna 7,5mcg, kwas foliowy 50mcg, witamina C 15mg, cholina 26,7mg, s\u00f3d 65mg, potas 130mg, chlorki 55mg, wap\u0144 150mg, magnez 15mg, fosfor 95mg, \u017celazo 2mg, cynk 1,5mg, mied\u017a 300mcg, mangan 0,4mg, jod 30mcg, fluorki 0,2mg, chrom 10mcg, molibden 15mcg, selen 10mcg.Przeciwwskazania: produkt nie jest przeznaczony u chorych na galaktozemi\u0119.Wa\u017cne wskaz\u00f3wki:Nale\u017cy stosowa\u0107 pod nadzorem lekarza.Odpowiedni jako jedyne \u017ar\u00f3d\u0142o po\u017cywienia.Nie podawa\u0107 dzieciom poni\u017cej 3 roku \u017cycia.Nale\u017cy zachowa\u0107 ostro\u017cno\u015b\u0107 podczas podawania dzieciom poni\u017cej 6 roku \u017cycia.Podczas stosowania nale\u017cy zapewni\u0107 odpowiedni\u0105 poda\u017c p\u0142yn\u00f3w.Przechowywa\u0107 w temperaturze pokojowej.Po otwarciu opakowanie mo\u017cna przechowywa\u0107 w lod\u00f3wce maksymalnie przez 24 godziny.Przed u\u017cyciem dobrze wstrz\u0105sn\u0105\u0107 i pi\u0107 powoli.Najlepiej produkt podawa\u0107 sch\u0142odzony.Producent:Fresenius Kabi Deutschland GmbH,61346 Bad Homburg, Niemcy.Dystrybutor:Fresenius Kabi Polska Sp. z o.o.,Al. Jerozolimskie 134,02-305 Warszawa.<\/p>\n<p>\u017bywienie medyczne<\/p>\n<p>solgar dha dla dzieci, insulinooporo\u015b\u0107 tabletki, wafelek sklep, \u0142upiny babka jajowata, sosy do sushi rodzaje, du\u017cy apetyt na s\u0142odycze w ci\u0105\u017cy, gorczyca siew, koncerny farmaceutyczne, czy bia\u0142e szparagi trzeba obiera\u0107, blonnik pokarmowy, musli osiem ziaren, sap polish, prawdziwki mro\u017cone, co ma duzo bia\u0142ka, orkiszowa, szpinak<\/p>\n<p>yyyyy<\/p>\n","protected":false},"excerpt":{"rendered":"<p>Kompletna dieta wysokoenergetyczna, bogata w bia\u0142ko oraz kwasy t\u0142uszczowe jednonienasycone, przeznaczona do \u017cywienia drog\u0105 doustn\u0105. Zawiera b\u0142onnik, cukier oraz substancje&hellip;<\/p>\n","protected":false},"featured_media":5619,"comment_status":"closed","ping_status":"open","template":"","meta":[],"product_cat":[387],"product_tag":[780,631,637,817],"class_list":["post-5618","product","type-product","status-publish","has-post-thumbnail","hentry","product_cat-powiesci-i-opowiadania","product_tag-b12","product_tag-isola-bio","product_tag-miso-paste","product_tag-niepasteryzowane-mleko"],"_links":{"self":[{"href":"https:\/\/wegeblw.pl\/index.php\/wp-json\/wp\/v2\/product\/5618","targetHints":{"allow":["GET"]}}],"collection":[{"href":"https:\/\/wegeblw.pl\/index.php\/wp-json\/wp\/v2\/product"}],"about":[{"href":"https:\/\/wegeblw.pl\/index.php\/wp-json\/wp\/v2\/types\/product"}],"replies":[{"embeddable":true,"href":"https:\/\/wegeblw.pl\/index.php\/wp-json\/wp\/v2\/comments?post=5618"}],"wp:featuredmedia":[{"embeddable":true,"href":"https:\/\/wegeblw.pl\/index.php\/wp-json\/wp\/v2\/media\/5619"}],"wp:attachment":[{"href":"https:\/\/wegeblw.pl\/index.php\/wp-json\/wp\/v2\/media?parent=5618"}],"wp:term":[{"taxonomy":"product_cat","embeddable":true,"href":"https:\/\/wegeblw.pl\/index.php\/wp-json\/wp\/v2\/product_cat?post=5618"},{"taxonomy":"product_tag","embeddable":true,"href":"https:\/\/wegeblw.pl\/index.php\/wp-json\/wp\/v2\/product_tag?post=5618"}],"curies":[{"name":"wp","href":"https:\/\/api.w.org\/{rel}","templated":true}]}}