{"id":5630,"date":"2020-05-30T01:18:04","date_gmt":"2020-05-29T23:18:04","guid":{"rendered":"https:\/\/wegeblw.pl\/index.php\/produkt\/dziewczyna-i-chlopak-wszystko-na-opak\/"},"modified":"2026-04-09T09:06:24","modified_gmt":"2026-04-09T07:06:24","slug":"dziewczyna-i-chlopak-wszystko-na-opak","status":"publish","type":"product","link":"https:\/\/wegeblw.pl\/index.php\/produkt\/dziewczyna-i-chlopak-wszystko-na-opak\/","title":{"rendered":"Dziewczyna i ch\u0142opak wszystko na opak"},"content":{"rendered":"<p>Zestaw 9 baton\u00f3w Milk Choco Hazelnut<\/p>\n<p>Zdrowa \u017cywno\u015b\u0107<\/p>\n<p>olejek na porost w\u0142os\u00f3w, swieza kurkuma, pojemnik 100 ml, erytrytol do ciasta<\/p>\n<p>yyyyy<\/p>\n","protected":false},"excerpt":{"rendered":"<p>Zestaw 9 baton\u00f3w Milk Choco Hazelnut Zdrowa \u017cywno\u015b\u0107 olejek na porost w\u0142os\u00f3w, swieza kurkuma, pojemnik 100 ml, erytrytol do ciasta&hellip;<\/p>\n","protected":false},"featured_media":5631,"comment_status":"closed","ping_status":"open","template":"","meta":[],"product_cat":[387],"product_tag":[778,697,707],"class_list":["post-5630","product","type-product","status-publish","has-post-thumbnail","hentry","product_cat-powiesci-i-opowiadania","product_tag-burak","product_tag-osteoporoza-a-banany","product_tag-wege-mieso"],"_links":{"self":[{"href":"https:\/\/wegeblw.pl\/index.php\/wp-json\/wp\/v2\/product\/5630","targetHints":{"allow":["GET"]}}],"collection":[{"href":"https:\/\/wegeblw.pl\/index.php\/wp-json\/wp\/v2\/product"}],"about":[{"href":"https:\/\/wegeblw.pl\/index.php\/wp-json\/wp\/v2\/types\/product"}],"replies":[{"embeddable":true,"href":"https:\/\/wegeblw.pl\/index.php\/wp-json\/wp\/v2\/comments?post=5630"}],"wp:featuredmedia":[{"embeddable":true,"href":"https:\/\/wegeblw.pl\/index.php\/wp-json\/wp\/v2\/media\/5631"}],"wp:attachment":[{"href":"https:\/\/wegeblw.pl\/index.php\/wp-json\/wp\/v2\/media?parent=5630"}],"wp:term":[{"taxonomy":"product_cat","embeddable":true,"href":"https:\/\/wegeblw.pl\/index.php\/wp-json\/wp\/v2\/product_cat?post=5630"},{"taxonomy":"product_tag","embeddable":true,"href":"https:\/\/wegeblw.pl\/index.php\/wp-json\/wp\/v2\/product_tag?post=5630"}],"curies":[{"name":"wp","href":"https:\/\/api.w.org\/{rel}","templated":true}]}}