{"id":5652,"date":"2020-08-18T23:04:08","date_gmt":"2020-08-18T21:04:08","guid":{"rendered":"https:\/\/wegeblw.pl\/index.php\/produkt\/fenomenalna-kuracja-dr-wahls\/"},"modified":"2026-04-07T07:53:53","modified_gmt":"2026-04-07T05:53:53","slug":"fenomenalna-kuracja-dr-wahls","status":"publish","type":"product","link":"https:\/\/wegeblw.pl\/index.php\/produkt\/fenomenalna-kuracja-dr-wahls\/","title":{"rendered":"Fenomenalna kuracja dr Wahls"},"content":{"rendered":"<p>Manhattanherbata rooibos z dodatkamiSk\u0142adniki:herbata rooibos,papaja,korze\u0144 lukrecji,marakuja,aromat.<\/p>\n<p>Herbata<\/p>\n<p>olej lniany na sk\u00f3r\u0119 g\u0142owy, wega\u0144skie wino, pol\u0119dwiczki z pieczarkami, dzem je\u017cynowy, cytronellol, pasta do zebow czarna, syrop z cebuli dla dzieci od kiedy, jaglane miekkie ciasteczko, gdzie kupi\u0107 jod w kroplach, co to jest m\u0105ka orkiszowa, india krem do r\u0105k, ciastka bezglutenowe, symbio, musli owsiane<\/p>\n<p>yyyyy<\/p>\n","protected":false},"excerpt":{"rendered":"<p>Manhattanherbata rooibos z dodatkamiSk\u0142adniki:herbata rooibos,papaja,korze\u0144 lukrecji,marakuja,aromat. Herbata olej lniany na sk\u00f3r\u0119 g\u0142owy, wega\u0144skie wino, pol\u0119dwiczki z pieczarkami, dzem je\u017cynowy, cytronellol,&hellip;<\/p>\n","protected":false},"featured_media":5653,"comment_status":"closed","ping_status":"open","template":"","meta":[],"product_cat":[374],"product_tag":[715,708,850],"class_list":["post-5652","product","type-product","status-publish","has-post-thumbnail","hentry","product_cat-zdrowie-i-diety","product_tag-jak-oczyscic-krewetki","product_tag-kurkuma-przyprawa-jak-stosowac","product_tag-mleko-ekologiczne"],"_links":{"self":[{"href":"https:\/\/wegeblw.pl\/index.php\/wp-json\/wp\/v2\/product\/5652","targetHints":{"allow":["GET"]}}],"collection":[{"href":"https:\/\/wegeblw.pl\/index.php\/wp-json\/wp\/v2\/product"}],"about":[{"href":"https:\/\/wegeblw.pl\/index.php\/wp-json\/wp\/v2\/types\/product"}],"replies":[{"embeddable":true,"href":"https:\/\/wegeblw.pl\/index.php\/wp-json\/wp\/v2\/comments?post=5652"}],"wp:featuredmedia":[{"embeddable":true,"href":"https:\/\/wegeblw.pl\/index.php\/wp-json\/wp\/v2\/media\/5653"}],"wp:attachment":[{"href":"https:\/\/wegeblw.pl\/index.php\/wp-json\/wp\/v2\/media?parent=5652"}],"wp:term":[{"taxonomy":"product_cat","embeddable":true,"href":"https:\/\/wegeblw.pl\/index.php\/wp-json\/wp\/v2\/product_cat?post=5652"},{"taxonomy":"product_tag","embeddable":true,"href":"https:\/\/wegeblw.pl\/index.php\/wp-json\/wp\/v2\/product_tag?post=5652"}],"curies":[{"name":"wp","href":"https:\/\/api.w.org\/{rel}","templated":true}]}}