{"id":5654,"date":"2019-01-06T12:18:44","date_gmt":"2019-01-06T11:18:44","guid":{"rendered":"https:\/\/wegeblw.pl\/index.php\/produkt\/ksiazka-a-haretski-czesc-1-po-polsku-oczyszczanie-organizmu-watroba-jelita-pasozyty-detoksykacja-nerki-skora\/"},"modified":"2026-04-10T18:38:10","modified_gmt":"2026-04-10T16:38:10","slug":"ksiazka-a-haretski-czesc-1-po-polsku-oczyszczanie-organizmu-watroba-jelita-pasozyty-detoksykacja-nerki-skora","status":"publish","type":"product","link":"https:\/\/wegeblw.pl\/index.php\/produkt\/ksiazka-a-haretski-czesc-1-po-polsku-oczyszczanie-organizmu-watroba-jelita-pasozyty-detoksykacja-nerki-skora\/","title":{"rendered":"Ksi\u0105\u017cka A. Haretski cz\u0119\u015b\u0107 1 po polsku oczyszczanie organizmu, w\u0105troba, jelita, paso\u017cyty, detoksykacja, nerki, sk\u00f3ra"},"content":{"rendered":"<p>Lauren Ralph Lauren Torebka Addie 19 431824891001 Czarny<\/p>\n<p>Torebki damskie<\/p>\n<p>jagody liofilizowane, ziarenka konopi, co to jest ziemia, cipsy, olej kokosowy virgin, podk\u0142ad fluid, erytrytol dla cukrzyka, najlepsze omega 3, sporulina, olejek rycynowy, mus!, olej z czarnuszki 500 ml, \u017celatyna do picia, 22 wrze\u015bnia dzie\u0144 bez samochodu, produkty klasztorne, prazona ciecierzyca, tortilla bezglutenowa, acerolla, m\u0105ka pszenna typu 500<\/p>\n<p>yyyyy<\/p>\n","protected":false},"excerpt":{"rendered":"<p>Lauren Ralph Lauren Torebka Addie 19 431824891001 Czarny Torebki damskie jagody liofilizowane, ziarenka konopi, co to jest ziemia, cipsy, olej&hellip;<\/p>\n","protected":false},"featured_media":5655,"comment_status":"closed","ping_status":"open","template":"","meta":[],"product_cat":[374],"product_tag":[816,861,804],"class_list":["post-5654","product","type-product","status-publish","has-post-thumbnail","hentry","product_cat-zdrowie-i-diety","product_tag-bigos-z-soczewica","product_tag-czym-zastapic-jogurt-naturalny","product_tag-quinoa-jak-gotowac"],"_links":{"self":[{"href":"https:\/\/wegeblw.pl\/index.php\/wp-json\/wp\/v2\/product\/5654","targetHints":{"allow":["GET"]}}],"collection":[{"href":"https:\/\/wegeblw.pl\/index.php\/wp-json\/wp\/v2\/product"}],"about":[{"href":"https:\/\/wegeblw.pl\/index.php\/wp-json\/wp\/v2\/types\/product"}],"replies":[{"embeddable":true,"href":"https:\/\/wegeblw.pl\/index.php\/wp-json\/wp\/v2\/comments?post=5654"}],"wp:featuredmedia":[{"embeddable":true,"href":"https:\/\/wegeblw.pl\/index.php\/wp-json\/wp\/v2\/media\/5655"}],"wp:attachment":[{"href":"https:\/\/wegeblw.pl\/index.php\/wp-json\/wp\/v2\/media?parent=5654"}],"wp:term":[{"taxonomy":"product_cat","embeddable":true,"href":"https:\/\/wegeblw.pl\/index.php\/wp-json\/wp\/v2\/product_cat?post=5654"},{"taxonomy":"product_tag","embeddable":true,"href":"https:\/\/wegeblw.pl\/index.php\/wp-json\/wp\/v2\/product_tag?post=5654"}],"curies":[{"name":"wp","href":"https:\/\/api.w.org\/{rel}","templated":true}]}}