{"id":5660,"date":"2013-10-29T11:17:03","date_gmt":"2013-10-29T10:17:03","guid":{"rendered":"https:\/\/wegeblw.pl\/index.php\/produkt\/manekin-w-peniuarze-moda-w-ii-rp\/"},"modified":"2026-04-07T03:00:06","modified_gmt":"2026-04-07T01:00:06","slug":"manekin-w-peniuarze-moda-w-ii-rp","status":"publish","type":"product","link":"https:\/\/wegeblw.pl\/index.php\/produkt\/manekin-w-peniuarze-moda-w-ii-rp\/","title":{"rendered":"Manekin w peniuarze. Moda w II RP"},"content":{"rendered":"<p>Witamina C pomaga w prawid\u0142owej produkcji kolagenu w celu zapewnienia prawid\u0142owego funkcjonowania: naczy\u0144 krwiono\u015bnych, ko\u015bci, z\u0119b\u00f3w, chrz\u0105stki, sk\u00f3ry i dzi\u0105se\u0142. Zwi\u0119ksza przyswajanie \u017celaza. Pomaga w prawid\u0142owym funkcjonowaniu uk\u0142adu nerwowego i odporno\u015bciowego. Przyczynia si\u0119 do zmniejszenia uczucia zm\u0119czenia i znu\u017cenia. Produkt przeznaczony dla dzieci od 2-go roku \u017cycia. Zalecana dzienna porcja: doro\u015bli: 10 kropli (0,8 ml) \/ dzieci: 5 kropli (0,4 ml) Sk\u0142adniki: Ekstrakt z aceroli, wyci\u0105g z czarnej porzeczki, wyci\u0105g z owoc\u00f3w dzikiej r\u00f3\u017cy, woda oczyszczona. W zalecanej dziennej porcji (10 kropli): woda oczyszczona 800 mgekstrakt z aceroli 384 mg (w tym witamina C: 96 mg = 120% RWS*)ekstrakt z czarnej porzeczki 3,2 mg (w tym resweratrol 11 \u03bcg)ekstrakt z owoc\u00f3w dzikiej r\u00f3\u017cy 3,2 mg (w tym pektyna 8,2 \u03bcg) Opakowanie = 30000 mg = ok. 300 porcji dziennych Suplement diety nie mo\u017ce by\u0107 stosowany jako substytut zr\u00f3\u017cnicowanej diety.Suplement diety nie zast\u0119puje zr\u00f3wnowa\u017conego sposobu \u017cywienia i zdrowego trybu \u017cycia.Nie nale\u017cy przekracza\u0107 zalecanej porcji do spo\u017cycia w ci\u0105gu dnia.Przechowywa\u0107 w spos\u00f3b niedost\u0119pny dla ma\u0142ych dzieci.Przechowywa\u0107 w suchym i ciemnym miejscu w temperaturze pokojowej.<\/p>\n<p>Minera\u0142y i witaminy<\/p>\n<p>super kr\u00f3wka, makaron z ciecierzycy ig, sa\u0142atki lekkie, mlynek do trawy, holika aloe, szampon revitax, co to jest sezam, green detox, chili con carne przyprawa, p\u0142atki jaglane z owocami, ziarno zyta, skrobia kukurydziana czym zastapic, astron, pestka dyni, olej z konopi t\u0142oczony na zimno<\/p>\n<p>yyyyy<\/p>\n","protected":false},"excerpt":{"rendered":"<p>Witamina C pomaga w prawid\u0142owej produkcji kolagenu w celu zapewnienia prawid\u0142owego funkcjonowania: naczy\u0144 krwiono\u015bnych, ko\u015bci, z\u0119b\u00f3w, chrz\u0105stki, sk\u00f3ry i dzi\u0105se\u0142.&hellip;<\/p>\n","protected":false},"featured_media":5661,"comment_status":"closed","ping_status":"open","template":"","meta":[],"product_cat":[374],"product_tag":[647,729,684,755,639,745],"class_list":["post-5660","product","type-product","status-publish","has-post-thumbnail","hentry","product_cat-zdrowie-i-diety","product_tag-kurczak-bio","product_tag-kurkuma-jak-stosowac","product_tag-kurkuma-korzen","product_tag-olej-ryzowy-do-smazenia","product_tag-organic-farma","product_tag-swieze-mleko"],"_links":{"self":[{"href":"https:\/\/wegeblw.pl\/index.php\/wp-json\/wp\/v2\/product\/5660","targetHints":{"allow":["GET"]}}],"collection":[{"href":"https:\/\/wegeblw.pl\/index.php\/wp-json\/wp\/v2\/product"}],"about":[{"href":"https:\/\/wegeblw.pl\/index.php\/wp-json\/wp\/v2\/types\/product"}],"replies":[{"embeddable":true,"href":"https:\/\/wegeblw.pl\/index.php\/wp-json\/wp\/v2\/comments?post=5660"}],"wp:featuredmedia":[{"embeddable":true,"href":"https:\/\/wegeblw.pl\/index.php\/wp-json\/wp\/v2\/media\/5661"}],"wp:attachment":[{"href":"https:\/\/wegeblw.pl\/index.php\/wp-json\/wp\/v2\/media?parent=5660"}],"wp:term":[{"taxonomy":"product_cat","embeddable":true,"href":"https:\/\/wegeblw.pl\/index.php\/wp-json\/wp\/v2\/product_cat?post=5660"},{"taxonomy":"product_tag","embeddable":true,"href":"https:\/\/wegeblw.pl\/index.php\/wp-json\/wp\/v2\/product_tag?post=5660"}],"curies":[{"name":"wp","href":"https:\/\/api.w.org\/{rel}","templated":true}]}}