{"id":5664,"date":"2024-11-01T02:58:34","date_gmt":"2024-11-01T01:58:34","guid":{"rendered":"https:\/\/wegeblw.pl\/?post_type=product&#038;p=5664"},"modified":"2026-04-07T06:30:17","modified_gmt":"2026-04-07T04:30:17","slug":"ochrona-i-konserwacja-zabytkowych-zalozen-ogrodowych","status":"publish","type":"product","link":"https:\/\/wegeblw.pl\/index.php\/produkt\/ochrona-i-konserwacja-zabytkowych-zalozen-ogrodowych\/","title":{"rendered":"Ochrona i konserwacja zabytkowych za\u0142o\u017ce\u0144 ogrodowych"},"content":{"rendered":"<p>Suplement dietyGinkgo biloba (mi\u0142orz\u0105b japo\u0144ski) pomaga w utrzymaniu prawid\u0142owego kr\u0105\u017cenia m\u00f3zgowego, dzi\u0119ki czemu wspiera pami\u0119\u0107 i koncentracj\u0119. Witaminy z grupy \u201eB-complex\u201d (niacyna, biotyna, tiamina, kwas foliowy, witaminy B6 i B12) wspomagaj\u0105 prawid\u0142owe funkcje psychologiczne. Kwas pantotenowy pomaga w utrzymaniu sprawno\u015bci umys\u0142owej na prawid\u0142owym poziomie. Prawid\u0142owe funkcjonowanie uk\u0142adu nerwowego wspiera biotyna, niacyna, ryboflawina, tiamina, witamina B6 i witamina B12, natomiast utrzymanie prawid\u0142owego metabolizmu energetycznego \u2013 biotyna, kwas pantotenowy, niacyna, ryboflawina, tiamina, witamina B6, witamina B12. Dodatkowo zawarte w preparacie: foliany, kwas pantotenowy, niacyna, ryboflawina, witaminy B6 i B12 przyczyniaj\u0105 si\u0119 do zmniejszenia uczucia znu\u017cenia i zm\u0119czenia.Zastosowanie: suplementacja diety w skladniki aktywne preparatu.Zalecane spo\u017cycie: 1 tabletka, po posi\u0142ku, popijaj\u0105c du\u017c\u0105 ilo\u015bci\u0105 wody. Nie spo\u017cywa\u0107 na czczo.Sk\u0142adniki: celuloza mikrokrystaliczna (substancja wype\u0142niaj\u0105ca), suchy ekstrakt z Ginkgo Biloba 24\/6, fosforan dwuwapniowy (substancja wype\u0142niaj\u0105ca), kwasy t\u0142uszczowe (kwas stearynowy \u2013 substancja przeciwzbrylaj\u0105ca), amid kwasu nikotynowego, D-pantotenian wapnia, dwutlenek krzemu (substancja przeciwzbrylaj\u0105ca), stearynian magnezu (substancja przeciwzbrylaj\u0105ca), ryboflawina, chlorowodorek pirydoksyny, chlorowodorek tiaminy, kwas pteroilomonoglutaminowy, D-biotyna, cyjanokobalamina.1 tabletka zawiera: Ginkgo Biloba (wyci\u0105g z li\u015bci standaryzowany na 24% ginkgoflawonoglikozyd\u00f3w i 6% lakton\u00f3w terpenowych) 115mg, niacyna 16mg (100%)*, kwas pantotenowy 6mg (100%)*, ryboflawina 1,4mg (100%)*, witamina B6 1,4mg (100%)*, tiamina 1,1mg (100%)*, kwas foliowy 200mcg (100%)*, biotyna 50mcg (100%)*, witamina B12 2,5mcg (100%)*.*RWS &#8211; Referencyjna Warto\u015b\u0107 Spo\u017cycia.Przeciwwskazania: niewskazane dla os\u00f3b poni\u017cej 16-go roku \u017cycia, kobiet w ci\u0105\u017cy oraz os\u00f3b uczulonych na kt\u00f3rykolwiek sk\u0142adnik preparatu. W przypadku przyjmowania lek\u00f3w przeciwzakrzepowych lub lek\u00f3w hamuj\u0105cych agregacj\u0119 p\u0142ytek &#8211; przed przyj\u0119ciem preparatu nale\u017cy zasi\u0119gn\u0105\u0107 porady lekarza.Wa\u017cne wskaz\u00f3wki:Nie przekracza\u0107 zalecanej porcji do spo\u017cycia w ci\u0105gu dnia.Suplementy diety nie mog\u0105 by\u0107 stosowane jako substytut (zamiennik) zr\u00f3\u017cnicowanej diety.Wa\u017cne jest stosowanie zr\u00f3\u017cnicowanej i zbilansowanej diety oraz prowadzenie zdrowego trybu \u017cycia.Przechowywa\u0107 w suchym miejscu w temperaturze pokojowej, w spos\u00f3b niedost\u0119pny dla ma\u0142ych dzieci.Produkt nie zawiera barwnik\u00f3w &#8211; tabletki mog\u0105 r\u00f3\u017cni\u0107 si\u0119 odcieniem, ze wzgl\u0119du na zawarto\u015b\u0107 substancji ro\u015blinnych.Producent:Domowa ApteczkaMy\u015bliwska 1105-825 Grodzisk Mazowiecki<\/p>\n<p>Uk\u0142ad nerwowy i pami\u0119\u0107<\/p>\n<p>co to jest erytrol, czerwona ciecierzyca, orkiszowa, kardamon mielony cena, \u017cel antybakteryjny aloes, mleko roslinne, omega 3 i omega 6, na co sok z buraka, jak jesc kokosa, og\u00f3rki cena, p\u0142atki owsiane &#8211; warto\u015bci od\u017cywcze w 100g, sk\u0142adniki energetyk\u00f3w, tortille bezglutenowe, shwaganda, ziemia okszemkowa, \u017ce\u0144 sze\u0144 w\u0142a\u015bciwo\u015bci, prz\u0119dziorki na r\u00f3\u017cach, cynamon cejlo\u0144ski bio, przyprawa chilli con carne<\/p>\n<p>yyyyy<\/p>\n","protected":false},"excerpt":{"rendered":"<p>Suplement dietyGinkgo biloba (mi\u0142orz\u0105b japo\u0144ski) pomaga w utrzymaniu prawid\u0142owego kr\u0105\u017cenia m\u00f3zgowego, dzi\u0119ki czemu wspiera pami\u0119\u0107 i koncentracj\u0119. Witaminy z grupy&hellip;<\/p>\n","protected":false},"featured_media":5665,"comment_status":"closed","ping_status":"open","template":"","meta":[],"product_cat":[374],"product_tag":[864,652,645,843,823,702,665],"class_list":["post-5664","product","type-product","status-publish","has-post-thumbnail","hentry","product_cat-zdrowie-i-diety","product_tag-benjamissimo-happy-edition-curcuma-ginger-lemon","product_tag-farmy-roztocza","product_tag-fioletowe-bataty","product_tag-jak-gotowac-komose-ryzowa","product_tag-olej-z-ryzu","product_tag-przepis-na-sekacz","product_tag-weganskie-mieso"],"_links":{"self":[{"href":"https:\/\/wegeblw.pl\/index.php\/wp-json\/wp\/v2\/product\/5664","targetHints":{"allow":["GET"]}}],"collection":[{"href":"https:\/\/wegeblw.pl\/index.php\/wp-json\/wp\/v2\/product"}],"about":[{"href":"https:\/\/wegeblw.pl\/index.php\/wp-json\/wp\/v2\/types\/product"}],"replies":[{"embeddable":true,"href":"https:\/\/wegeblw.pl\/index.php\/wp-json\/wp\/v2\/comments?post=5664"}],"wp:featuredmedia":[{"embeddable":true,"href":"https:\/\/wegeblw.pl\/index.php\/wp-json\/wp\/v2\/media\/5665"}],"wp:attachment":[{"href":"https:\/\/wegeblw.pl\/index.php\/wp-json\/wp\/v2\/media?parent=5664"}],"wp:term":[{"taxonomy":"product_cat","embeddable":true,"href":"https:\/\/wegeblw.pl\/index.php\/wp-json\/wp\/v2\/product_cat?post=5664"},{"taxonomy":"product_tag","embeddable":true,"href":"https:\/\/wegeblw.pl\/index.php\/wp-json\/wp\/v2\/product_tag?post=5664"}],"curies":[{"name":"wp","href":"https:\/\/api.w.org\/{rel}","templated":true}]}}