{"id":5672,"date":"2020-01-28T20:56:18","date_gmt":"2020-01-28T19:56:18","guid":{"rendered":"https:\/\/wegeblw.pl\/index.php\/produkt\/imagine-stolice-europy\/"},"modified":"2026-04-07T01:12:41","modified_gmt":"2026-04-06T23:12:41","slug":"imagine-stolice-europy","status":"publish","type":"product","link":"https:\/\/wegeblw.pl\/index.php\/produkt\/imagine-stolice-europy\/","title":{"rendered":"Imagine Stolice Europy"},"content":{"rendered":"<p>yellowSPORT Plastry Tape Kinesio Taping Tejpy Tejp<\/p>\n<p>Apteczki i materia\u0142y opatrunkowe<\/p>\n<p>kakao niskot\u0142uszczowe, przepis z mniszka lekarskiego, real thai mleko kokosowe, nasiona czia, bromelaina przeciwwskazania, chleb pszenno zytni, paluszki solone, biale miso, hoffman, tacos biedronka, komosa przepisy, co na odkwaszenie organizmu, suszone morele biegunka, m\u0105ka typ 2000, farma bi, budy\u0144 \u015bmietankowy, czym mozna zastapic smietane<\/p>\n<p>yyyyy<\/p>\n","protected":false},"excerpt":{"rendered":"<p>yellowSPORT Plastry Tape Kinesio Taping Tejpy Tejp Apteczki i materia\u0142y opatrunkowe kakao niskot\u0142uszczowe, przepis z mniszka lekarskiego, real thai mleko&hellip;<\/p>\n","protected":false},"featured_media":5673,"comment_status":"closed","ping_status":"open","template":"","meta":[],"product_cat":[387],"product_tag":[780,657,738,773,836,707],"class_list":["post-5672","product","type-product","status-publish","has-post-thumbnail","hentry","product_cat-powiesci-i-opowiadania","product_tag-b12","product_tag-filet-z-indyka","product_tag-mieso-bio","product_tag-organic-sklep","product_tag-senkacz","product_tag-wege-mieso"],"_links":{"self":[{"href":"https:\/\/wegeblw.pl\/index.php\/wp-json\/wp\/v2\/product\/5672","targetHints":{"allow":["GET"]}}],"collection":[{"href":"https:\/\/wegeblw.pl\/index.php\/wp-json\/wp\/v2\/product"}],"about":[{"href":"https:\/\/wegeblw.pl\/index.php\/wp-json\/wp\/v2\/types\/product"}],"replies":[{"embeddable":true,"href":"https:\/\/wegeblw.pl\/index.php\/wp-json\/wp\/v2\/comments?post=5672"}],"wp:featuredmedia":[{"embeddable":true,"href":"https:\/\/wegeblw.pl\/index.php\/wp-json\/wp\/v2\/media\/5673"}],"wp:attachment":[{"href":"https:\/\/wegeblw.pl\/index.php\/wp-json\/wp\/v2\/media?parent=5672"}],"wp:term":[{"taxonomy":"product_cat","embeddable":true,"href":"https:\/\/wegeblw.pl\/index.php\/wp-json\/wp\/v2\/product_cat?post=5672"},{"taxonomy":"product_tag","embeddable":true,"href":"https:\/\/wegeblw.pl\/index.php\/wp-json\/wp\/v2\/product_tag?post=5672"}],"curies":[{"name":"wp","href":"https:\/\/api.w.org\/{rel}","templated":true}]}}