{"id":5691,"date":"2025-02-24T08:23:49","date_gmt":"2025-02-24T07:23:49","guid":{"rendered":"https:\/\/wegeblw.pl\/?post_type=product&#038;p=5691"},"modified":"2026-04-08T04:18:54","modified_gmt":"2026-04-08T02:18:54","slug":"zywnosc-ktora-leczy-terapia-zywieniowa-sw-hildegardy-z-bingen","status":"publish","type":"product","link":"https:\/\/wegeblw.pl\/index.php\/produkt\/zywnosc-ktora-leczy-terapia-zywieniowa-sw-hildegardy-z-bingen\/","title":{"rendered":"\u017bywno\u015b\u0107, kt\u00f3ra leczy. Terapia \u017cywieniowa \u015bw. Hildegardy z Bingen"},"content":{"rendered":"<p>OstroVit Supreme Pure Glutamine 500 g Glutamina<\/p>\n<p>Aminokwasy i glutaminy<\/p>\n<p>czym zastapic mleko, b15 witamina, gotowanie ryzu brazowego, czekolada z pomara\u0144cz\u0105<\/p>\n<p>yyyyy<\/p>\n","protected":false},"excerpt":{"rendered":"<p>OstroVit Supreme Pure Glutamine 500 g Glutamina Aminokwasy i glutaminy czym zastapic mleko, b15 witamina, gotowanie ryzu brazowego, czekolada z&hellip;<\/p>\n","protected":false},"featured_media":5692,"comment_status":"closed","ping_status":"open","template":"","meta":[],"product_cat":[374],"product_tag":[662,664,880,858,833],"class_list":["post-5691","product","type-product","status-publish","has-post-thumbnail","hentry","product_cat-zdrowie-i-diety","product_tag-co-mozna-zrobic-z-kokosa","product_tag-komoda-ryzowa","product_tag-kotlet-weganski-linda-mccartney","product_tag-majonez-vitapol","product_tag-maka-orkiszowa"],"_links":{"self":[{"href":"https:\/\/wegeblw.pl\/index.php\/wp-json\/wp\/v2\/product\/5691","targetHints":{"allow":["GET"]}}],"collection":[{"href":"https:\/\/wegeblw.pl\/index.php\/wp-json\/wp\/v2\/product"}],"about":[{"href":"https:\/\/wegeblw.pl\/index.php\/wp-json\/wp\/v2\/types\/product"}],"replies":[{"embeddable":true,"href":"https:\/\/wegeblw.pl\/index.php\/wp-json\/wp\/v2\/comments?post=5691"}],"wp:featuredmedia":[{"embeddable":true,"href":"https:\/\/wegeblw.pl\/index.php\/wp-json\/wp\/v2\/media\/5692"}],"wp:attachment":[{"href":"https:\/\/wegeblw.pl\/index.php\/wp-json\/wp\/v2\/media?parent=5691"}],"wp:term":[{"taxonomy":"product_cat","embeddable":true,"href":"https:\/\/wegeblw.pl\/index.php\/wp-json\/wp\/v2\/product_cat?post=5691"},{"taxonomy":"product_tag","embeddable":true,"href":"https:\/\/wegeblw.pl\/index.php\/wp-json\/wp\/v2\/product_tag?post=5691"}],"curies":[{"name":"wp","href":"https:\/\/api.w.org\/{rel}","templated":true}]}}