{"id":5705,"date":"2016-11-22T06:12:55","date_gmt":"2016-11-22T05:12:55","guid":{"rendered":"https:\/\/wegeblw.pl\/index.php\/produkt\/brs-neuroanatomy-6e-2\/"},"modified":"2026-04-07T02:52:17","modified_gmt":"2026-04-07T00:52:17","slug":"brs-neuroanatomy-6e-2","status":"publish","type":"product","link":"https:\/\/wegeblw.pl\/index.php\/produkt\/brs-neuroanatomy-6e-2\/","title":{"rendered":"BRS NEUROANATOMY 6E"},"content":{"rendered":"<p>Aloe Vera Concentrate to suplement diety, kt\u00f3ry zawiera w swoim sk\u0142adzie liofilizowany sok otrzymywany z mi\u0105\u017cszu li\u015bci aloesowych standaryzowanydo zawarto\u015bci min. 7,5% polisacharyd\u00f3w w przeliczeniu na aleoeveroz\u0119.Aloes to ro\u015blina znana od stuleci. O jej korzystnym dzia\u0142aniu pisano ju\u017c w staro\u017cytno\u015bci. Zawiera w swoim sk\u0142adzie m.in. zwi\u0105zki polisacharydowe, kt\u00f3re korzystnie wp\u0142ywaj\u0105 na prawid\u0142owe funkcjonowanie uk\u0142adu odporno\u015bciowego. Stosowany regularnie wspomaga trawienie oraz prac\u0119 \u017co\u0142\u0105dka i jelit. Przyczynia si\u0119 do utrzymania prawid\u0142owego metabolizmu oraz pomaga utrzyma\u0107 prawid\u0142owy poziom cukru we krwi. Dodatkowo wspomaga odporno\u015b\u0107 psychiczn\u0105 oraz przyczynia si\u0119 do zmniejszenia uczucia zm\u0119czenia. Pomaga zachowa\u0107 zdrow\u0105 sk\u00f3r\u0119, oraz jako naturalny przeciwutleniacz, chroni kom\u00f3rki przed dzia\u0142aniem wolnych rodnik\u00f3w.Czasami trudno stwierdzi\u0107 ile tak naprawd\u0119 jest aloesu w aloesie a ile jest tam &#8230;. wody.Dlatego wychodz\u0105c na przeciw potrzebom klient\u00f3w wprowadzamy wysoce skoncentrowany sok z aloesu pozyskiwany w doskona\u0142ej technologii liofilizacji (suszenia pr\u00f3\u017cniowego). Czyli nie dodajemy wody, tylko wod\u0119 usuwamyi zostaje to, co w aloesie najcenniejsze &#8211; substancje aktywne.Aloe Vera Concentrate to 1,5 litra \u015bwie\u017cego soku z aloesu zamkni\u0119tego w 60 kapsu\u0142kach.Cechy unikatowe produktu:\u2022 produkt bez konserwant\u00f3w, bez kwasku cytrynowego, bez dodatku wody\u2022 niskotemperaturowy spos\u00f3b wytwarzania (liofilizacja)\u2022 produkt standaryzowany do 7,5% aleoverozy\u2022 wygodne, ekonomiczne opakowanie\u2022 produkt nie wymaga przechowywania w lod\u00f3wceKiedy i na co polecamy Hepatica Aloe vera 60 kaps.?Energia \u017cyciowaOdporno\u015b\u0107Uk\u0142ad pokarmowyZdrowa sk\u00f3raSk\u0142ad: liofilizowany sok z mi\u0105\u017cszu li\u015bci aloesu (Aloe vera) standaryzowany do zawarto\u015bci min. 7,5% polisacharyd\u00f3w w przeliczeniu na aloeveroz\u0119, substancja przeciwzbrylaj\u0105ca &#8211; dwutlenek krzemu, stabilizator- hydroksypropylometyloceluloza (sk\u0142adnik otoczki kapsu\u0142ki).Spos\u00f3b u\u017cycia \/ dawkowanie: 1-2 kapsu\u0142ki dziennie, co odpowiada 25-50 ml \u015bwie\u017cego soku . (lub wed\u0142ug zalece\u0144 lekarza)Posta\u0107: Kapsu\u0142ki otwieraneMiara: 60 szt.Spos\u00f3b przechowywania: W spos\u00f3b niedost\u0119pny dla dzieciW warunkach pokojowychPrzeciwwskazania: Nadwra\u017cliwo\u015b\u0107 lub uczulenie na sk\u0142adniki preparatuUwagi i ostrze\u017cenia: Nie nale\u017cy przekracza\u0107 zalecanej porcji do spo\u017cycia w ci\u0105gu dnia. Suplementy diety nie mog\u0105 by\u0107 stosowane jako substytut (zamiennik) zr\u00f3\u017cnicowanej diety. Zr\u00f3wnowa\u017cony spos\u00f3b \u017cywienia i zdrowy tryb \u017cycia jest wa\u017cny dla funkcjonowania organizmu. Osoby przyjmuj\u0105ce leki powinny przed za\u017cyciem preparatu skonsultowa\u0107 si\u0119 z lekarzem prowadz\u0105cym. Nie u\u017cywaj produktu je\u015bli masz jakiekolwiek w\u0105tpliwo\u015bci co do jego jako\u015bci i skontaktuj si\u0119 ze sprzedawc\u0105 lub producentem.<\/p>\n<p>Uk\u0142ad pokarmowy i trawienie<\/p>\n<p>smalec g\u0119si z olejkiem rycynowym, dieta na oczyszczenie organizmu, grubo mielona m\u0105ka, m\u0105ka semolina kaufland, cukier br\u0105zowy, pigwowiec sok, mlecz inaczej, len zielony, olej \u017cywokostowy z gojnikiem na co, pizza m\u0105ka kukurydziana, rose bulgaria, dania z ry\u017cem bez mi\u0119sa<\/p>\n<p>yyyyy<\/p>\n","protected":false},"excerpt":{"rendered":"<p>Aloe Vera Concentrate to suplement diety, kt\u00f3ry zawiera w swoim sk\u0142adzie liofilizowany sok otrzymywany z mi\u0105\u017cszu li\u015bci aloesowych standaryzowanydo zawarto\u015bci&hellip;<\/p>\n","protected":false},"featured_media":5707,"comment_status":"closed","ping_status":"open","template":"","meta":[],"product_cat":[374],"product_tag":[742,730,641],"class_list":["post-5705","product","type-product","status-publish","has-post-thumbnail","hentry","product_cat-zdrowie-i-diety","product_tag-beyond-meat-warszawa","product_tag-jogody","product_tag-smieci-w-oceanach"],"_links":{"self":[{"href":"https:\/\/wegeblw.pl\/index.php\/wp-json\/wp\/v2\/product\/5705","targetHints":{"allow":["GET"]}}],"collection":[{"href":"https:\/\/wegeblw.pl\/index.php\/wp-json\/wp\/v2\/product"}],"about":[{"href":"https:\/\/wegeblw.pl\/index.php\/wp-json\/wp\/v2\/types\/product"}],"replies":[{"embeddable":true,"href":"https:\/\/wegeblw.pl\/index.php\/wp-json\/wp\/v2\/comments?post=5705"}],"wp:featuredmedia":[{"embeddable":true,"href":"https:\/\/wegeblw.pl\/index.php\/wp-json\/wp\/v2\/media\/5707"}],"wp:attachment":[{"href":"https:\/\/wegeblw.pl\/index.php\/wp-json\/wp\/v2\/media?parent=5705"}],"wp:term":[{"taxonomy":"product_cat","embeddable":true,"href":"https:\/\/wegeblw.pl\/index.php\/wp-json\/wp\/v2\/product_cat?post=5705"},{"taxonomy":"product_tag","embeddable":true,"href":"https:\/\/wegeblw.pl\/index.php\/wp-json\/wp\/v2\/product_tag?post=5705"}],"curies":[{"name":"wp","href":"https:\/\/api.w.org\/{rel}","templated":true}]}}