{"id":5733,"date":"2019-02-02T13:39:42","date_gmt":"2019-02-02T12:39:42","guid":{"rendered":"https:\/\/wegeblw.pl\/index.php\/produkt\/werner-ingbars-the-thyroid-eleventh-edition\/"},"modified":"2026-04-08T08:58:05","modified_gmt":"2026-04-08T06:58:05","slug":"werner-ingbars-the-thyroid-eleventh-edition","status":"publish","type":"product","link":"https:\/\/wegeblw.pl\/index.php\/produkt\/werner-ingbars-the-thyroid-eleventh-edition\/","title":{"rendered":"Werner &amp; Ingbar&#8217;s The Thyroid Eleventh edition"},"content":{"rendered":"<p>Akcesoria i cz\u0119\u015bci modelarskie<\/p>\n<p>acerolla, amarantus do czego, yoko napoj, panko biedronka, shitake, czarna jagoda wroc\u0142aw, groch zolty, olej \u017cywokostowy z gojnikiem wroc\u0142aw, sosy rodzaje<\/p>\n<p>yyyyy<\/p>\n","protected":false},"excerpt":{"rendered":"<p>Akcesoria i cz\u0119\u015bci modelarskie acerolla, amarantus do czego, yoko napoj, panko biedronka, shitake, czarna jagoda wroc\u0142aw, groch zolty, olej \u017cywokostowy&hellip;<\/p>\n","protected":false},"featured_media":5734,"comment_status":"closed","ping_status":"open","template":"","meta":[],"product_cat":[374],"product_tag":[753,770,815,782],"class_list":["post-5733","product","type-product","status-publish","has-post-thumbnail","hentry","product_cat-zdrowie-i-diety","product_tag-english-tea-shop-kalendarz-adwentowy","product_tag-komosa-ryzowa-gotowanie","product_tag-margaryny-bez-oleju-palmowego","product_tag-rekawiczki-nitrylowe-l"],"_links":{"self":[{"href":"https:\/\/wegeblw.pl\/index.php\/wp-json\/wp\/v2\/product\/5733","targetHints":{"allow":["GET"]}}],"collection":[{"href":"https:\/\/wegeblw.pl\/index.php\/wp-json\/wp\/v2\/product"}],"about":[{"href":"https:\/\/wegeblw.pl\/index.php\/wp-json\/wp\/v2\/types\/product"}],"replies":[{"embeddable":true,"href":"https:\/\/wegeblw.pl\/index.php\/wp-json\/wp\/v2\/comments?post=5733"}],"wp:featuredmedia":[{"embeddable":true,"href":"https:\/\/wegeblw.pl\/index.php\/wp-json\/wp\/v2\/media\/5734"}],"wp:attachment":[{"href":"https:\/\/wegeblw.pl\/index.php\/wp-json\/wp\/v2\/media?parent=5733"}],"wp:term":[{"taxonomy":"product_cat","embeddable":true,"href":"https:\/\/wegeblw.pl\/index.php\/wp-json\/wp\/v2\/product_cat?post=5733"},{"taxonomy":"product_tag","embeddable":true,"href":"https:\/\/wegeblw.pl\/index.php\/wp-json\/wp\/v2\/product_tag?post=5733"}],"curies":[{"name":"wp","href":"https:\/\/api.w.org\/{rel}","templated":true}]}}