{"id":5767,"date":"2021-05-01T03:14:52","date_gmt":"2021-05-01T01:14:52","guid":{"rendered":"https:\/\/wegeblw.pl\/index.php\/produkt\/sekrety-koreanskiego-piekna-przelomowy-przewodnik-po-pielegnacji-skory-i-makijazu\/"},"modified":"2026-04-08T07:55:48","modified_gmt":"2026-04-08T05:55:48","slug":"sekrety-koreanskiego-piekna-przelomowy-przewodnik-po-pielegnacji-skory-i-makijazu","status":"publish","type":"product","link":"https:\/\/wegeblw.pl\/index.php\/produkt\/sekrety-koreanskiego-piekna-przelomowy-przewodnik-po-pielegnacji-skory-i-makijazu\/","title":{"rendered":"Sekrety korea\u0144skiego pi\u0119kna prze\u0142omowy przewodnik po piel\u0119gnacji sk\u00f3ry i makija\u017cu"},"content":{"rendered":"<p>Perska zazdro\u015b\u0107 Laila Shukri<\/p>\n<p>Poradniki psychologiczne<\/p>\n<p>sok grejfrutowy, gabka konjac, jak zrobi\u0107 beef jerky, p\u0142atki \u015bniadaniowe bez cukru, plesznik, brownie przepis z kakao, mas\u0142o orzechowe sklad, majtki menstruacyjne, m\u0105ka ziemniaczana na biegunk\u0119, p\u0142atki \u017cytnie, grzyby marynowane, co to jest ma\u015blanka<\/p>\n<p>yyyyy<\/p>\n","protected":false},"excerpt":{"rendered":"<p>Perska zazdro\u015b\u0107 Laila Shukri Poradniki psychologiczne sok grejfrutowy, gabka konjac, jak zrobi\u0107 beef jerky, p\u0142atki \u015bniadaniowe bez cukru, plesznik, brownie&hellip;<\/p>\n","protected":false},"featured_media":5768,"comment_status":"closed","ping_status":"open","template":"","meta":[],"product_cat":[374],"product_tag":[631,671,784],"class_list":["post-5767","product","type-product","status-publish","has-post-thumbnail","hentry","product_cat-zdrowie-i-diety","product_tag-isola-bio","product_tag-jogurt-bez-mleka","product_tag-mieso-weganskie"],"_links":{"self":[{"href":"https:\/\/wegeblw.pl\/index.php\/wp-json\/wp\/v2\/product\/5767","targetHints":{"allow":["GET"]}}],"collection":[{"href":"https:\/\/wegeblw.pl\/index.php\/wp-json\/wp\/v2\/product"}],"about":[{"href":"https:\/\/wegeblw.pl\/index.php\/wp-json\/wp\/v2\/types\/product"}],"replies":[{"embeddable":true,"href":"https:\/\/wegeblw.pl\/index.php\/wp-json\/wp\/v2\/comments?post=5767"}],"wp:featuredmedia":[{"embeddable":true,"href":"https:\/\/wegeblw.pl\/index.php\/wp-json\/wp\/v2\/media\/5768"}],"wp:attachment":[{"href":"https:\/\/wegeblw.pl\/index.php\/wp-json\/wp\/v2\/media?parent=5767"}],"wp:term":[{"taxonomy":"product_cat","embeddable":true,"href":"https:\/\/wegeblw.pl\/index.php\/wp-json\/wp\/v2\/product_cat?post=5767"},{"taxonomy":"product_tag","embeddable":true,"href":"https:\/\/wegeblw.pl\/index.php\/wp-json\/wp\/v2\/product_tag?post=5767"}],"curies":[{"name":"wp","href":"https:\/\/api.w.org\/{rel}","templated":true}]}}