{"id":5769,"date":"2020-10-10T20:45:15","date_gmt":"2020-10-10T18:45:15","guid":{"rendered":"https:\/\/wegeblw.pl\/index.php\/produkt\/biblia-treningu-silowego\/"},"modified":"2026-04-10T09:53:23","modified_gmt":"2026-04-10T07:53:23","slug":"biblia-treningu-silowego","status":"publish","type":"product","link":"https:\/\/wegeblw.pl\/index.php\/produkt\/biblia-treningu-silowego\/","title":{"rendered":"Biblia treningu si\u0142owego"},"content":{"rendered":"<p>Smarowanie, restrukturyzacji i prysznic nawil\u017caj\u0105cy krem do cery suchej, bardzo suchej, wra\u017cliwej i atopowej sk\u00f3ry niemowl\u0105t, dzieci i doros\u0142ych. Wzbogaca sk\u0142adniki nawil\u017caj\u0105ce, przeciwzapalne, odwodnienie, kt\u00f3re pozwalaj\u0105 na zatrzymanie wody w g\u00f3rnych warstwach sk\u00f3ry i zapobiec parowaniu.<\/p>\n<p>Dermokosmetyki<\/p>\n<p>yope krem, sklep ekologiczny katowice, arkusz nori, z czym jesc pite, produkty bez laktozy sklep, szczypce do miesa, kostki roso\u0142owe bio, atywia sk\u0142ad, kie\u0142ki fasoli mung \u015bwie\u017ce, m\u0105ka z ciecierzycy przepisy, spadz iglasta, onlybio balsam do ciala, adek witamina, soda oczyszczona 1kg, chleb pszenny czy \u017cytni, para herbs skutki uboczne, rdest japo\u0144ski cena, kasza jeczmienna weglowodany<\/p>\n<p>yyyyy<\/p>\n","protected":false},"excerpt":{"rendered":"<p>Smarowanie, restrukturyzacji i prysznic nawil\u017caj\u0105cy krem do cery suchej, bardzo suchej, wra\u017cliwej i atopowej sk\u00f3ry niemowl\u0105t, dzieci i doros\u0142ych. Wzbogaca&hellip;<\/p>\n","protected":false},"featured_media":5770,"comment_status":"closed","ping_status":"open","template":"","meta":[],"product_cat":[374],"product_tag":[667,735,732,663],"class_list":["post-5769","product","type-product","status-publish","has-post-thumbnail","hentry","product_cat-zdrowie-i-diety","product_tag-makaron-sojowy-ig","product_tag-na-dobranoc","product_tag-produkty-bez-laktozy","product_tag-sekacz-ciasto"],"_links":{"self":[{"href":"https:\/\/wegeblw.pl\/index.php\/wp-json\/wp\/v2\/product\/5769","targetHints":{"allow":["GET"]}}],"collection":[{"href":"https:\/\/wegeblw.pl\/index.php\/wp-json\/wp\/v2\/product"}],"about":[{"href":"https:\/\/wegeblw.pl\/index.php\/wp-json\/wp\/v2\/types\/product"}],"replies":[{"embeddable":true,"href":"https:\/\/wegeblw.pl\/index.php\/wp-json\/wp\/v2\/comments?post=5769"}],"wp:featuredmedia":[{"embeddable":true,"href":"https:\/\/wegeblw.pl\/index.php\/wp-json\/wp\/v2\/media\/5770"}],"wp:attachment":[{"href":"https:\/\/wegeblw.pl\/index.php\/wp-json\/wp\/v2\/media?parent=5769"}],"wp:term":[{"taxonomy":"product_cat","embeddable":true,"href":"https:\/\/wegeblw.pl\/index.php\/wp-json\/wp\/v2\/product_cat?post=5769"},{"taxonomy":"product_tag","embeddable":true,"href":"https:\/\/wegeblw.pl\/index.php\/wp-json\/wp\/v2\/product_tag?post=5769"}],"curies":[{"name":"wp","href":"https:\/\/api.w.org\/{rel}","templated":true}]}}